{"id":69070,"date":"2023-07-01T16:55:25","date_gmt":"2023-07-01T15:55:25","guid":{"rendered":"https:\/\/www.customeeple.com\/product\/escapa-el-castillo-de-dracula\/"},"modified":"2023-07-01T16:55:25","modified_gmt":"2023-07-01T15:55:25","slug":"escapa-el-castillo-de-dracula","status":"publish","type":"product","link":"https:\/\/www.customeeple.com\/es\/producto\/escapa-el-castillo-de-dracula\/","title":{"rendered":"\u00a1Escapa! El castillo de Dr\u00e1cula (SPA)"},"content":{"rendered":"<p id=\"u1567901-2\" class=\"shared_content\" data-content-guid=\"u1567901-2_content\">El castillo de Dracula es un juego escape room de bolsillo para grupos y tambi\u00e9n para jugar en solitario.<\/p>\n<p id=\"u1567901-5\" class=\"shared_content\" data-content-guid=\"u1567901-5_content\">Est\u00e1is en el desv\u00e1n de vuestra casa en plena noche, cuando encontr\u00e1is un libro inquietante, olvidado hace tiempo&#8230; De repente, \u00a1suena el timbre de la puerta! Acab\u00e1is de recibir una invitaci\u00f3n del Conde Vlad D. que os pide que se lo llev\u00e9is\u00a0 personalmente&#8230; \u00a1a Transilvania!<\/p>\n<p id=\"u1567901-8\" class=\"shared_content\" data-content-guid=\"u1567901-8_content\">\u00bfEst\u00e1is preparados para una emocionante aventura?<\/p>\n","protected":false},"excerpt":{"rendered":"<p>El castillo de Dracula es un juego escape room de bolsillo para grupos y tambi\u00e9n para jugar en solitario. Est\u00e1is en el desv\u00e1n de vuestra casa en plena noche, cuando encontr\u00e1is un libro inquietante, olvidado hace tiempo&#8230; De repente, \u00a1suena el timbre de la puerta! Acab\u00e1is de recibir una invitaci\u00f3n del Conde Vlad D. que [&hellip;]<\/p>\n","protected":false},"featured_media":69064,"template":"","meta":{"_acf_changed":false},"product_brand":[],"product_cat":[2003,1653,2347,1180],"product_tag":[],"class_list":{"0":"post-69070","1":"product","2":"type-product","3":"status-publish","4":"has-post-thumbnail","6":"product_cat-cooperative-es","7":"product_cat-boardgames","8":"product_cat-mercurio-es","9":"product_cat-retail-products-es","11":"first","12":"instock","13":"sale","14":"taxable","15":"shipping-taxable","16":"purchasable","17":"product-type-simple"},"exclude_global_add_ons":[],"addons":[],"acf":[],"_links":{"self":[{"href":"https:\/\/www.customeeple.com\/es\/wp-json\/wp\/v2\/product\/69070","targetHints":{"allow":["GET"]}}],"collection":[{"href":"https:\/\/www.customeeple.com\/es\/wp-json\/wp\/v2\/product"}],"about":[{"href":"https:\/\/www.customeeple.com\/es\/wp-json\/wp\/v2\/types\/product"}],"wp:featuredmedia":[{"embeddable":true,"href":"https:\/\/www.customeeple.com\/es\/wp-json\/wp\/v2\/media\/69064"}],"wp:attachment":[{"href":"https:\/\/www.customeeple.com\/es\/wp-json\/wp\/v2\/media?parent=69070"}],"wp:term":[{"taxonomy":"product_brand","embeddable":true,"href":"https:\/\/www.customeeple.com\/es\/wp-json\/wp\/v2\/product_brand?post=69070"},{"taxonomy":"product_cat","embeddable":true,"href":"https:\/\/www.customeeple.com\/es\/wp-json\/wp\/v2\/product_cat?post=69070"},{"taxonomy":"product_tag","embeddable":true,"href":"https:\/\/www.customeeple.com\/es\/wp-json\/wp\/v2\/product_tag?post=69070"}],"curies":[{"name":"wp","href":"https:\/\/api.w.org\/{rel}","templated":true}]}}