{"id":69061,"date":"2023-07-01T16:54:58","date_gmt":"2023-07-01T15:54:58","guid":{"rendered":"https:\/\/www.customeeple.com\/product\/dobble-xxl\/"},"modified":"2023-07-01T16:54:58","modified_gmt":"2023-07-01T15:54:58","slug":"dobble-xxl","status":"publish","type":"product","link":"https:\/\/www.customeeple.com\/es\/producto\/dobble-xxl\/","title":{"rendered":"Dobble XXL (SPA)"},"content":{"rendered":"<p>Seguro que conoces el Dobble, pues \u00bfqu\u00e9 tal si lo hacemos gigante?&#8230; muy probablemente la diversi\u00f3n ser\u00e1 a\u00fan mayor.<\/p>\n<p>Eso es lo que te trae el nuevo Dobble XXL, ya no s\u00f3lo cuentan tus reflejos en las manos, debes saltar sobre las cartas gigantes y como siempre \u00a1Ser el primero en encontrar los s\u00edmbolos repetidos!<\/p>\n<p><strong>CONTENIDO<\/strong><br \/>\n20 cartas gigantes y 1 reglamento con 4 minijuegos.<\/p>\n","protected":false},"excerpt":{"rendered":"<p>Seguro que conoces el Dobble, pues \u00bfqu\u00e9 tal si lo hacemos gigante?&#8230; muy probablemente la diversi\u00f3n ser\u00e1 a\u00fan mayor. Eso es lo que te trae el nuevo Dobble XXL, ya no s\u00f3lo cuentan tus reflejos en las manos, debes saltar sobre las cartas gigantes y como siempre \u00a1Ser el primero en encontrar los s\u00edmbolos repetidos! [&hellip;]<\/p>\n","protected":false},"featured_media":69060,"template":"","meta":{"_acf_changed":false},"product_brand":[],"product_cat":[2343,1653,1180],"product_tag":[],"class_list":{"0":"post-69061","1":"product","2":"type-product","3":"status-publish","4":"has-post-thumbnail","6":"product_cat-asmodee-es","7":"product_cat-boardgames","8":"product_cat-retail-products-es","10":"first","11":"onbackorder","12":"sale","13":"taxable","14":"shipping-taxable","15":"purchasable","16":"product-type-simple"},"exclude_global_add_ons":[],"addons":[],"acf":[],"_links":{"self":[{"href":"https:\/\/www.customeeple.com\/es\/wp-json\/wp\/v2\/product\/69061","targetHints":{"allow":["GET"]}}],"collection":[{"href":"https:\/\/www.customeeple.com\/es\/wp-json\/wp\/v2\/product"}],"about":[{"href":"https:\/\/www.customeeple.com\/es\/wp-json\/wp\/v2\/types\/product"}],"wp:featuredmedia":[{"embeddable":true,"href":"https:\/\/www.customeeple.com\/es\/wp-json\/wp\/v2\/media\/69060"}],"wp:attachment":[{"href":"https:\/\/www.customeeple.com\/es\/wp-json\/wp\/v2\/media?parent=69061"}],"wp:term":[{"taxonomy":"product_brand","embeddable":true,"href":"https:\/\/www.customeeple.com\/es\/wp-json\/wp\/v2\/product_brand?post=69061"},{"taxonomy":"product_cat","embeddable":true,"href":"https:\/\/www.customeeple.com\/es\/wp-json\/wp\/v2\/product_cat?post=69061"},{"taxonomy":"product_tag","embeddable":true,"href":"https:\/\/www.customeeple.com\/es\/wp-json\/wp\/v2\/product_tag?post=69061"}],"curies":[{"name":"wp","href":"https:\/\/api.w.org\/{rel}","templated":true}]}}