{"id":69053,"date":"2023-06-29T09:01:51","date_gmt":"2023-06-29T08:01:51","guid":{"rendered":"https:\/\/www.customeeple.com\/product\/cubi-locos\/"},"modified":"2023-06-29T09:01:51","modified_gmt":"2023-06-29T08:01:51","slug":"cubi-locos","status":"publish","type":"product","link":"https:\/\/www.customeeple.com\/es\/producto\/cubi-locos\/","title":{"rendered":"Cubi Locos (SPA)"},"content":{"rendered":"<p>\u00a1R\u00e1pido! \u00a1Busca y coloca todos los cubiletes en la torre!<br \/>\n\u00bfTu objetivo? Encontrar el color en el interior de tus cubiletes<br \/>\nque coincida con el de la cima de la torre.<br \/>\nS\u00e9 el m\u00e1s r\u00e1pido y coloca el cubilete encima de los otros. El color<br \/>\nde tu cubilete ser\u00e1 el que haya que buscar ahora&#8230;<br \/>\n\u00a1S\u00e9 el primero en colocar todos tus cubiletes y gana!<br \/>\nEDAD:+6<br \/>\nJUGADORES:2-4<\/p>\n","protected":false},"excerpt":{"rendered":"<p>\u00a1R\u00e1pido! \u00a1Busca y coloca todos los cubiletes en la torre! \u00bfTu objetivo? Encontrar el color en el interior de tus cubiletes que coincida con el de la cima de la torre. S\u00e9 el m\u00e1s r\u00e1pido y coloca el cubilete encima de los otros. El color de tu cubilete ser\u00e1 el que haya que buscar ahora&#8230; [&hellip;]<\/p>\n","protected":false},"featured_media":69047,"template":"","meta":{"_acf_changed":false},"product_brand":[],"product_cat":[1564,1653,2347,1180],"product_tag":[],"class_list":{"0":"post-69053","1":"product","2":"type-product","3":"status-publish","4":"has-post-thumbnail","6":"product_cat-childrens-es","7":"product_cat-boardgames","8":"product_cat-mercurio-es","9":"product_cat-retail-products-es","11":"first","12":"onbackorder","13":"sale","14":"taxable","15":"shipping-taxable","16":"purchasable","17":"product-type-simple"},"exclude_global_add_ons":[],"addons":[],"acf":[],"_links":{"self":[{"href":"https:\/\/www.customeeple.com\/es\/wp-json\/wp\/v2\/product\/69053","targetHints":{"allow":["GET"]}}],"collection":[{"href":"https:\/\/www.customeeple.com\/es\/wp-json\/wp\/v2\/product"}],"about":[{"href":"https:\/\/www.customeeple.com\/es\/wp-json\/wp\/v2\/types\/product"}],"wp:featuredmedia":[{"embeddable":true,"href":"https:\/\/www.customeeple.com\/es\/wp-json\/wp\/v2\/media\/69047"}],"wp:attachment":[{"href":"https:\/\/www.customeeple.com\/es\/wp-json\/wp\/v2\/media?parent=69053"}],"wp:term":[{"taxonomy":"product_brand","embeddable":true,"href":"https:\/\/www.customeeple.com\/es\/wp-json\/wp\/v2\/product_brand?post=69053"},{"taxonomy":"product_cat","embeddable":true,"href":"https:\/\/www.customeeple.com\/es\/wp-json\/wp\/v2\/product_cat?post=69053"},{"taxonomy":"product_tag","embeddable":true,"href":"https:\/\/www.customeeple.com\/es\/wp-json\/wp\/v2\/product_tag?post=69053"}],"curies":[{"name":"wp","href":"https:\/\/api.w.org\/{rel}","templated":true}]}}