{"id":69044,"date":"2023-06-21T19:49:00","date_gmt":"2023-06-21T18:49:00","guid":{"rendered":"https:\/\/www.customeeple.com\/product\/mision-rescate\/"},"modified":"2023-06-21T19:49:00","modified_gmt":"2023-06-21T18:49:00","slug":"mision-rescate","status":"publish","type":"product","link":"https:\/\/www.customeeple.com\/es\/producto\/mision-rescate\/","title":{"rendered":"Misi\u00f3n: Rescate (SPA)"},"content":{"rendered":"<p style=\"font-weight: 400;\"><b><strong>\u00a1ALERTA! \u00a1ALERTA!<\/strong><\/b><\/p>\n<p style=\"font-weight: 400;\">El Robot ED-210 ha tomado el control de la base espacial, ha secuestrado a toda la tripulaci\u00f3n&#8230; \u00a1y ha colocado una bomba!<\/p>\n<p style=\"font-weight: 400;\">La base espacial est\u00e1 en peligro y vosotros sois el equipo de rescate.<br \/>\nBuscad los elementos necesarios para rescatar a cada astronauta, tratad de recordar d\u00f3nde est\u00e1 todo por si lo necesit\u00e1is m\u00e1s adelante, \u00a1cumplid los objetivos en el tiempo l\u00edmite y tened mucho cuidado con los eventos, que os har\u00e1n perder vuestro precioso tiempo!<\/p>\n<p style=\"font-weight: 400;\"><b><strong>Mec\u00e1nica:<\/strong><\/b><\/p>\n<p style=\"font-weight: 400;\">Juego cooperativo y en tiempo real en que los jugadores deben rescatar a los astronautas atrapados y cumplir las 3 misiones encontrando los elementos necesarios entre las losetas que forman de la base espacial.<br \/>\nLa primera misi\u00f3n dura 3 minutos, la segunda misi\u00f3n, 2 minutos y la tercera, 1 minuto.<\/p>\n","protected":false},"excerpt":{"rendered":"<p>\u00a1ALERTA! \u00a1ALERTA! El Robot ED-210 ha tomado el control de la base espacial, ha secuestrado a toda la tripulaci\u00f3n&#8230; \u00a1y ha colocado una bomba! La base espacial est\u00e1 en peligro y vosotros sois el equipo de rescate. Buscad los elementos necesarios para rescatar a cada astronauta, tratad de recordar d\u00f3nde est\u00e1 todo por si lo [&hellip;]<\/p>\n","protected":false},"featured_media":69043,"template":"","meta":{"_acf_changed":false},"product_brand":[],"product_cat":[2003,1557,1653,1180],"product_tag":[],"class_list":{"0":"post-69044","1":"product","2":"type-product","3":"status-publish","4":"has-post-thumbnail","6":"product_cat-cooperative-es","7":"product_cat-card-game-es","8":"product_cat-boardgames","9":"product_cat-retail-products-es","11":"first","12":"instock","13":"sale","14":"taxable","15":"shipping-taxable","16":"purchasable","17":"product-type-simple"},"exclude_global_add_ons":[],"addons":[],"acf":[],"_links":{"self":[{"href":"https:\/\/www.customeeple.com\/es\/wp-json\/wp\/v2\/product\/69044","targetHints":{"allow":["GET"]}}],"collection":[{"href":"https:\/\/www.customeeple.com\/es\/wp-json\/wp\/v2\/product"}],"about":[{"href":"https:\/\/www.customeeple.com\/es\/wp-json\/wp\/v2\/types\/product"}],"wp:featuredmedia":[{"embeddable":true,"href":"https:\/\/www.customeeple.com\/es\/wp-json\/wp\/v2\/media\/69043"}],"wp:attachment":[{"href":"https:\/\/www.customeeple.com\/es\/wp-json\/wp\/v2\/media?parent=69044"}],"wp:term":[{"taxonomy":"product_brand","embeddable":true,"href":"https:\/\/www.customeeple.com\/es\/wp-json\/wp\/v2\/product_brand?post=69044"},{"taxonomy":"product_cat","embeddable":true,"href":"https:\/\/www.customeeple.com\/es\/wp-json\/wp\/v2\/product_cat?post=69044"},{"taxonomy":"product_tag","embeddable":true,"href":"https:\/\/www.customeeple.com\/es\/wp-json\/wp\/v2\/product_tag?post=69044"}],"curies":[{"name":"wp","href":"https:\/\/api.w.org\/{rel}","templated":true}]}}