{"id":69038,"date":"2023-06-21T19:48:33","date_gmt":"2023-06-21T18:48:33","guid":{"rendered":"https:\/\/www.customeeple.com\/product\/ogor-mawtribes-ogor-gluttons\/"},"modified":"2024-07-12T00:00:03","modified_gmt":"2024-07-11T23:00:03","slug":"ogor-mawtribes-ogor-gluttons","status":"publish","type":"product","link":"https:\/\/www.customeeple.com\/es\/producto\/ogor-mawtribes-ogor-gluttons\/","title":{"rendered":"Ogor Mawtribes: Ogor Gluttons"},"content":{"rendered":"<p>Los Gutbusters son imperios n\u00f3madas de belicosos ogors. Son m\u00e1s corpulentos y fuertes que la mayor\u00eda de las razas de los Reinos, y vagan por ellos robando y saqueando para mantener bien aprovisionadas sus caravanas. Adoran a Gorkamorka, a quien llaman la Gran Bestia que Devorar\u00e1 al Mundo, a imagen de su propia ambici\u00f3n por devorar los Reinos Mortales. Para los Gutbusters todo es comida o ser\u00e1 alimento m\u00e1s tarde, y viven obsesionados con encontrar su pr\u00f3ximo \u00e1gape. Muchos prefieren las armas contundentes y llegan al punto de embotar el filo de sus armas para asegurarse de no desperdiciar la preciada sangre ni estropear los \u00f3rganos al matar a sus enemigos, y as\u00ed guardan los gui\u00f1apos reblandecidos para tomarse un tentempi\u00e9 m\u00e1s tarde.<\/p>\n<p>Esta caja de miniaturas multicomponente de pl\u00e1stico consta de 131 piezas con las que montar seis Ogors que pueden armarse con una combinaci\u00f3n de garrotes, cuchillos y pu\u00f1os de hierro. Tambi\u00e9n inluye piezas suficientes para montar un Crusher, un Icon Bearer y un Bellower. Se suministran con 6 peanas redondas Citadel de 40 mm y 2 peanas redondas Citadel de 25 mm.<\/p>\n","protected":false},"excerpt":{"rendered":"<p>Los Gutbusters son imperios n\u00f3madas de belicosos ogors. Son m\u00e1s corpulentos y fuertes que la mayor\u00eda de las razas de los Reinos, y vagan por ellos robando y saqueando para mantener bien aprovisionadas sus caravanas. Adoran a Gorkamorka, a quien llaman la Gran Bestia que Devorar\u00e1 al Mundo, a imagen de su propia ambici\u00f3n por [&hellip;]<\/p>\n","protected":false},"featured_media":69034,"template":"","meta":{"_acf_changed":false},"product_brand":[],"product_cat":[1177,1180,1623,1654],"product_tag":[],"class_list":{"0":"post-69038","1":"product","2":"type-product","3":"status-publish","4":"has-post-thumbnail","6":"product_cat-games-workshop-es","7":"product_cat-retail-products-es","8":"product_cat-wargames-es-2","9":"product_cat-warhammer-age-of-sigmar-es-2","11":"first","12":"onbackorder","13":"sale","14":"taxable","15":"shipping-taxable","16":"purchasable","17":"product-type-simple"},"exclude_global_add_ons":[],"addons":[],"acf":[],"_links":{"self":[{"href":"https:\/\/www.customeeple.com\/es\/wp-json\/wp\/v2\/product\/69038","targetHints":{"allow":["GET"]}}],"collection":[{"href":"https:\/\/www.customeeple.com\/es\/wp-json\/wp\/v2\/product"}],"about":[{"href":"https:\/\/www.customeeple.com\/es\/wp-json\/wp\/v2\/types\/product"}],"wp:featuredmedia":[{"embeddable":true,"href":"https:\/\/www.customeeple.com\/es\/wp-json\/wp\/v2\/media\/69034"}],"wp:attachment":[{"href":"https:\/\/www.customeeple.com\/es\/wp-json\/wp\/v2\/media?parent=69038"}],"wp:term":[{"taxonomy":"product_brand","embeddable":true,"href":"https:\/\/www.customeeple.com\/es\/wp-json\/wp\/v2\/product_brand?post=69038"},{"taxonomy":"product_cat","embeddable":true,"href":"https:\/\/www.customeeple.com\/es\/wp-json\/wp\/v2\/product_cat?post=69038"},{"taxonomy":"product_tag","embeddable":true,"href":"https:\/\/www.customeeple.com\/es\/wp-json\/wp\/v2\/product_tag?post=69038"}],"curies":[{"name":"wp","href":"https:\/\/api.w.org\/{rel}","templated":true}]}}