{"id":69037,"date":"2023-06-21T19:48:17","date_gmt":"2023-06-21T18:48:17","guid":{"rendered":"https:\/\/www.customeeple.com\/product\/black-stories-4\/"},"modified":"2023-06-21T19:48:17","modified_gmt":"2023-06-21T18:48:17","slug":"black-stories-4","status":"publish","type":"product","link":"https:\/\/www.customeeple.com\/es\/producto\/black-stories-4\/","title":{"rendered":"Black Stories 4 (SPA)"},"content":{"rendered":"<p>50 misterios espeluznantes y emocionantes. Tan oscuros y m\u00f3rbidos como sus predecesores, y al menos igual de escabrosos. Probado y aprobado por el equipo black stories. Y ahora os toca a vosotros! \u00bfPodr\u00e9is resolver el misterio y reconstruir los hechos paso por paso? Una macabra diversi\u00f3n que no puede faltar en ninguna fiesta. La piel de gallina est\u00e1 garantizada!<\/p>\n","protected":false},"excerpt":{"rendered":"<p>50 misterios espeluznantes y emocionantes. Tan oscuros y m\u00f3rbidos como sus predecesores, y al menos igual de escabrosos. Probado y aprobado por el equipo black stories. Y ahora os toca a vosotros! \u00bfPodr\u00e9is resolver el misterio y reconstruir los hechos paso por paso? Una macabra diversi\u00f3n que no puede faltar en ninguna fiesta. La piel [&hellip;]<\/p>\n","protected":false},"featured_media":69032,"template":"","meta":{"_acf_changed":false},"product_brand":[],"product_cat":[1557,1653,1180],"product_tag":[],"class_list":{"0":"post-69037","1":"product","2":"type-product","3":"status-publish","4":"has-post-thumbnail","6":"product_cat-card-game-es","7":"product_cat-boardgames","8":"product_cat-retail-products-es","10":"first","11":"onbackorder","12":"sale","13":"taxable","14":"shipping-taxable","15":"purchasable","16":"product-type-simple"},"exclude_global_add_ons":[],"addons":[],"acf":[],"_links":{"self":[{"href":"https:\/\/www.customeeple.com\/es\/wp-json\/wp\/v2\/product\/69037","targetHints":{"allow":["GET"]}}],"collection":[{"href":"https:\/\/www.customeeple.com\/es\/wp-json\/wp\/v2\/product"}],"about":[{"href":"https:\/\/www.customeeple.com\/es\/wp-json\/wp\/v2\/types\/product"}],"wp:featuredmedia":[{"embeddable":true,"href":"https:\/\/www.customeeple.com\/es\/wp-json\/wp\/v2\/media\/69032"}],"wp:attachment":[{"href":"https:\/\/www.customeeple.com\/es\/wp-json\/wp\/v2\/media?parent=69037"}],"wp:term":[{"taxonomy":"product_brand","embeddable":true,"href":"https:\/\/www.customeeple.com\/es\/wp-json\/wp\/v2\/product_brand?post=69037"},{"taxonomy":"product_cat","embeddable":true,"href":"https:\/\/www.customeeple.com\/es\/wp-json\/wp\/v2\/product_cat?post=69037"},{"taxonomy":"product_tag","embeddable":true,"href":"https:\/\/www.customeeple.com\/es\/wp-json\/wp\/v2\/product_tag?post=69037"}],"curies":[{"name":"wp","href":"https:\/\/api.w.org\/{rel}","templated":true}]}}