{"id":69030,"date":"2023-06-17T10:37:21","date_gmt":"2023-06-17T09:37:21","guid":{"rendered":"https:\/\/www.customeeple.com\/product\/av-brush-cleaner\/"},"modified":"2023-06-17T10:37:21","modified_gmt":"2023-06-17T09:37:21","slug":"av-brush-cleaner","status":"publish","type":"product","link":"https:\/\/www.customeeple.com\/es\/producto\/av-brush-cleaner\/","title":{"rendered":"AV: Limpiador de pinceles"},"content":{"rendered":"<p>Se emplea para limpiar pinceles que se han utilizado con pinturas a base de alcohol (Oros L\u00edquidos) o para pinceles que necesitan una limpieza m\u00e1s profunda. No da\u00f1a los pinceles de Marta, se puede utilizar con todo tipo de pinceles.<\/p>\n","protected":false},"excerpt":{"rendered":"<p>Se emplea para limpiar pinceles que se han utilizado con pinturas a base de alcohol (Oros L\u00edquidos) o para pinceles que necesitan una limpieza m\u00e1s profunda. No da\u00f1a los pinceles de Marta, se puede utilizar con todo tipo de pinceles.<\/p>\n","protected":false},"featured_media":69029,"template":"","meta":{"_acf_changed":false},"product_brand":[],"product_cat":[1401,1180],"product_tag":[],"class_list":{"0":"post-69030","1":"product","2":"type-product","3":"status-publish","4":"has-post-thumbnail","6":"product_cat-pintura-y-modelismo","7":"product_cat-retail-products-es","9":"first","10":"instock","11":"sale","12":"taxable","13":"shipping-taxable","14":"purchasable","15":"product-type-simple"},"exclude_global_add_ons":[],"addons":[],"acf":[],"_links":{"self":[{"href":"https:\/\/www.customeeple.com\/es\/wp-json\/wp\/v2\/product\/69030","targetHints":{"allow":["GET"]}}],"collection":[{"href":"https:\/\/www.customeeple.com\/es\/wp-json\/wp\/v2\/product"}],"about":[{"href":"https:\/\/www.customeeple.com\/es\/wp-json\/wp\/v2\/types\/product"}],"wp:featuredmedia":[{"embeddable":true,"href":"https:\/\/www.customeeple.com\/es\/wp-json\/wp\/v2\/media\/69029"}],"wp:attachment":[{"href":"https:\/\/www.customeeple.com\/es\/wp-json\/wp\/v2\/media?parent=69030"}],"wp:term":[{"taxonomy":"product_brand","embeddable":true,"href":"https:\/\/www.customeeple.com\/es\/wp-json\/wp\/v2\/product_brand?post=69030"},{"taxonomy":"product_cat","embeddable":true,"href":"https:\/\/www.customeeple.com\/es\/wp-json\/wp\/v2\/product_cat?post=69030"},{"taxonomy":"product_tag","embeddable":true,"href":"https:\/\/www.customeeple.com\/es\/wp-json\/wp\/v2\/product_tag?post=69030"}],"curies":[{"name":"wp","href":"https:\/\/api.w.org\/{rel}","templated":true}]}}