{"id":69026,"date":"2023-06-17T10:37:16","date_gmt":"2023-06-17T09:37:16","guid":{"rendered":"https:\/\/www.customeeple.com\/product\/gaslands-repostado\/"},"modified":"2023-06-17T10:37:16","modified_gmt":"2023-06-17T09:37:16","slug":"gaslands-repostado","status":"publish","type":"product","link":"https:\/\/www.customeeple.com\/es\/producto\/gaslands-repostado\/","title":{"rendered":"Gaslands: Repostado (SPA)"},"content":{"rendered":"<p>Gaslands es un juego de combate de veh\u00edculos que combina coches de juguete, plantillas de movimiento y dados que te permiten hacer carreras, derrapar, y abrirte camino entre un futuro dist\u00f3pico post-apocal\u00edptico. Los jugadores controlan peque\u00f1os grupos de veh\u00edculos armados hasta los dientes y compitiendo por recursos y su propia supervivencia.<\/p>\n<p>Gaslands: repostado, adem\u00e1s de toda la informaci\u00f3n y reglas que ya ten\u00edamos en Gaslands, incluye todo tipo de material nuevo: reglas para todo tipo de veh\u00edculos desde motos hasta tanques y grandes camiones, variadas armas especiales y accesorios (incluyendo manchas de aceite y propulsores de nitro), as\u00ed como una gran cantidad de opciones para escenarios, condiciones ambientales, tripulaci\u00f3n y campa\u00f1as.<\/p>\n<p>Todo esto recogido en las 130 p\u00e1ginas adicionales, que completan esta edici\u00f3n de 192 p\u00e1ginas, en tapa dura, a todo color, y lista para llevarte a los circuitos m\u00e1s mortales con un objetivo nuevo, m\u00e1s all\u00e1 de la supervivencia: Ser el ganador del billete \u201csolo de ida\u201d a Marte que en esta temporada Logan ofrece como premio final.<\/p>\n","protected":false},"excerpt":{"rendered":"<p>Gaslands es un juego de combate de veh\u00edculos que combina coches de juguete, plantillas de movimiento y dados que te permiten hacer carreras, derrapar, y abrirte camino entre un futuro dist\u00f3pico post-apocal\u00edptico. Los jugadores controlan peque\u00f1os grupos de veh\u00edculos armados hasta los dientes y compitiendo por recursos y su propia supervivencia. Gaslands: repostado, adem\u00e1s de [&hellip;]<\/p>\n","protected":false},"featured_media":69023,"template":"","meta":{"_acf_changed":false},"product_brand":[],"product_cat":[1406,1180,1372,1623],"product_tag":[],"class_list":{"0":"post-69026","1":"product","2":"type-product","3":"status-publish","4":"has-post-thumbnail","6":"product_cat-gaslands-es-2","7":"product_cat-retail-products-es","8":"product_cat-sci-fi-es","9":"product_cat-wargames-es-2","11":"first","12":"outofstock","13":"sale","14":"taxable","15":"shipping-taxable","16":"purchasable","17":"product-type-simple"},"exclude_global_add_ons":[],"addons":[],"acf":[],"_links":{"self":[{"href":"https:\/\/www.customeeple.com\/es\/wp-json\/wp\/v2\/product\/69026","targetHints":{"allow":["GET"]}}],"collection":[{"href":"https:\/\/www.customeeple.com\/es\/wp-json\/wp\/v2\/product"}],"about":[{"href":"https:\/\/www.customeeple.com\/es\/wp-json\/wp\/v2\/types\/product"}],"wp:featuredmedia":[{"embeddable":true,"href":"https:\/\/www.customeeple.com\/es\/wp-json\/wp\/v2\/media\/69023"}],"wp:attachment":[{"href":"https:\/\/www.customeeple.com\/es\/wp-json\/wp\/v2\/media?parent=69026"}],"wp:term":[{"taxonomy":"product_brand","embeddable":true,"href":"https:\/\/www.customeeple.com\/es\/wp-json\/wp\/v2\/product_brand?post=69026"},{"taxonomy":"product_cat","embeddable":true,"href":"https:\/\/www.customeeple.com\/es\/wp-json\/wp\/v2\/product_cat?post=69026"},{"taxonomy":"product_tag","embeddable":true,"href":"https:\/\/www.customeeple.com\/es\/wp-json\/wp\/v2\/product_tag?post=69026"}],"curies":[{"name":"wp","href":"https:\/\/api.w.org\/{rel}","templated":true}]}}