{"id":69021,"date":"2023-06-07T19:35:56","date_gmt":"2023-06-07T18:35:56","guid":{"rendered":"https:\/\/www.customeeple.com\/product\/1-2-3-bitmax\/"},"modified":"2023-06-07T19:35:56","modified_gmt":"2023-06-07T18:35:56","slug":"1-2-3-bitmax","status":"publish","type":"product","link":"https:\/\/www.customeeple.com\/es\/producto\/1-2-3-bitmax\/","title":{"rendered":"1,2,3 Bitmax (SPA)"},"content":{"rendered":"<p>Bitmax y sus amigos viven en el Bosque Azul. Vigila sus movimientos usando tu memoria.<\/p>\n<p>Despu\u00e9s de poner algunas cartas sobre la mesa, al alcance de todos, elegiremos un vigilante, el resto de participantes deber\u00e1n mirar bien las cartas y tratar de recordarlas.<\/p>\n<p>El vigilante se encargar\u00e1 de asegurarse que todos cierran los ojos cuando el lo diga y de elegir una de las cartas y darle la vuelta.<\/p>\n<p>Por turnos tendremos que decir qu\u00e9 carta ha cambiado y por qu\u00e9. Si alguien acierta se queda la carta y se acaba el turno. Si todos fallamos, tambi\u00e9n acaba el turno.<\/p>\n<p>Jugaremos tantas rondas como participantes y cada ronda el vigilante pasar\u00e1 hacia la derecha.<\/p>\n<p>Quien tenga m\u00e1s cartas gana!<\/p>\n","protected":false},"excerpt":{"rendered":"<p>Bitmax y sus amigos viven en el Bosque Azul. Vigila sus movimientos usando tu memoria. Despu\u00e9s de poner algunas cartas sobre la mesa, al alcance de todos, elegiremos un vigilante, el resto de participantes deber\u00e1n mirar bien las cartas y tratar de recordarlas. El vigilante se encargar\u00e1 de asegurarse que todos cierran los ojos cuando [&hellip;]<\/p>\n","protected":false},"featured_media":69018,"template":"","meta":{"_acf_changed":false},"product_brand":[],"product_cat":[1564,1653,1180],"product_tag":[],"class_list":{"0":"post-69021","1":"product","2":"type-product","3":"status-publish","4":"has-post-thumbnail","6":"product_cat-childrens-es","7":"product_cat-boardgames","8":"product_cat-retail-products-es","10":"first","11":"onbackorder","12":"sale","13":"taxable","14":"shipping-taxable","15":"purchasable","16":"product-type-simple"},"exclude_global_add_ons":[],"addons":[],"acf":[],"_links":{"self":[{"href":"https:\/\/www.customeeple.com\/es\/wp-json\/wp\/v2\/product\/69021","targetHints":{"allow":["GET"]}}],"collection":[{"href":"https:\/\/www.customeeple.com\/es\/wp-json\/wp\/v2\/product"}],"about":[{"href":"https:\/\/www.customeeple.com\/es\/wp-json\/wp\/v2\/types\/product"}],"wp:featuredmedia":[{"embeddable":true,"href":"https:\/\/www.customeeple.com\/es\/wp-json\/wp\/v2\/media\/69018"}],"wp:attachment":[{"href":"https:\/\/www.customeeple.com\/es\/wp-json\/wp\/v2\/media?parent=69021"}],"wp:term":[{"taxonomy":"product_brand","embeddable":true,"href":"https:\/\/www.customeeple.com\/es\/wp-json\/wp\/v2\/product_brand?post=69021"},{"taxonomy":"product_cat","embeddable":true,"href":"https:\/\/www.customeeple.com\/es\/wp-json\/wp\/v2\/product_cat?post=69021"},{"taxonomy":"product_tag","embeddable":true,"href":"https:\/\/www.customeeple.com\/es\/wp-json\/wp\/v2\/product_tag?post=69021"}],"curies":[{"name":"wp","href":"https:\/\/api.w.org\/{rel}","templated":true}]}}