{"id":69012,"date":"2023-06-02T19:53:03","date_gmt":"2023-06-02T18:53:03","guid":{"rendered":"https:\/\/www.customeeple.com\/product\/seraphon-skink-starseer\/"},"modified":"2024-07-12T00:00:03","modified_gmt":"2024-07-11T23:00:03","slug":"seraphon-skink-starseer","status":"publish","type":"product","link":"https:\/\/www.customeeple.com\/es\/producto\/seraphon-skink-starseer\/","title":{"rendered":"Seraphon Skink Starseer"},"content":{"rendered":"<p>Los Videntes Estelares se sientan en la c\u00faspide del sacerdocio esliz\u00f3n adornados con herramientas astrom\u00e1nticas que los ayudan a descifrar los presagios de los cielos. Los Videntes Estelares son los magos Serafones m\u00e1s poderosos despu\u00e9s de los propios Se\u00f1ores Estelares Slann, con bendiciones celestiales que les permiten mirar hacia el futuro e influir en la madeja del destino para que se adapte a los fines desconocidos de sus maestros.<\/p>\n<p>Con este kit de pl\u00e1stico multicomponente puedes montar un Vidente Estelar, un astr\u00f3logo arcano montado sobre un palanqu\u00edn flotante. Con el kit puedes montar un Vidente Estelar en dos poses diferentes: una de pie con una capa de plumas y la otra sentada con una t\u00fanica a su alrededor. Ambas opciones llevan un b\u00e1culo de astromante con una selecci\u00f3n de dos cabezas y el kit ofrece una selecci\u00f3n de tocados sacerdotales y collares ornamentales.<\/p>\n<p>El palanqu\u00edn tambi\u00e9n incluye opciones de montaje personalizado, lo que te permite elegir entre dos pantallas de constelaciones diferentes y dos iris internos diferentes para el anillo astrol\u00f3gico, as\u00ed como un panel lateral pr\u00edstino o una talla de vid conectada a un elemento de peana esc\u00e9nica.<\/p>\n<p>Este kit consta de 47 piezas de pl\u00e1stico y viene con una peana redonda Citadel de 50 mm. Esta miniatura requiere montaje y pintado. Recomendamos utilizar Pegamento para pl\u00e1stico Citadel y pinturas Citadel Colour.<\/p>\n","protected":false},"excerpt":{"rendered":"<p>Los Videntes Estelares se sientan en la c\u00faspide del sacerdocio esliz\u00f3n adornados con herramientas astrom\u00e1nticas que los ayudan a descifrar los presagios de los cielos. Los Videntes Estelares son los magos Serafones m\u00e1s poderosos despu\u00e9s de los propios Se\u00f1ores Estelares Slann, con bendiciones celestiales que les permiten mirar hacia el futuro e influir en la [&hellip;]<\/p>\n","protected":false},"featured_media":69004,"template":"","meta":{"_acf_changed":false},"product_brand":[],"product_cat":[1400,1177,1180,1623,1654],"product_tag":[],"class_list":{"0":"post-69012","1":"product","2":"type-product","3":"status-publish","4":"has-post-thumbnail","6":"product_cat-fantasia","7":"product_cat-games-workshop-es","8":"product_cat-retail-products-es","9":"product_cat-wargames-es-2","10":"product_cat-warhammer-age-of-sigmar-es-2","12":"first","13":"onbackorder","14":"sale","15":"taxable","16":"shipping-taxable","17":"purchasable","18":"product-type-simple"},"exclude_global_add_ons":[],"addons":[],"acf":[],"_links":{"self":[{"href":"https:\/\/www.customeeple.com\/es\/wp-json\/wp\/v2\/product\/69012","targetHints":{"allow":["GET"]}}],"collection":[{"href":"https:\/\/www.customeeple.com\/es\/wp-json\/wp\/v2\/product"}],"about":[{"href":"https:\/\/www.customeeple.com\/es\/wp-json\/wp\/v2\/types\/product"}],"wp:featuredmedia":[{"embeddable":true,"href":"https:\/\/www.customeeple.com\/es\/wp-json\/wp\/v2\/media\/69004"}],"wp:attachment":[{"href":"https:\/\/www.customeeple.com\/es\/wp-json\/wp\/v2\/media?parent=69012"}],"wp:term":[{"taxonomy":"product_brand","embeddable":true,"href":"https:\/\/www.customeeple.com\/es\/wp-json\/wp\/v2\/product_brand?post=69012"},{"taxonomy":"product_cat","embeddable":true,"href":"https:\/\/www.customeeple.com\/es\/wp-json\/wp\/v2\/product_cat?post=69012"},{"taxonomy":"product_tag","embeddable":true,"href":"https:\/\/www.customeeple.com\/es\/wp-json\/wp\/v2\/product_tag?post=69012"}],"curies":[{"name":"wp","href":"https:\/\/api.w.org\/{rel}","templated":true}]}}