{"id":69009,"date":"2023-05-31T19:43:57","date_gmt":"2023-05-31T18:43:57","guid":{"rendered":"https:\/\/www.customeeple.com\/product\/star-wars-shatterpoint\/"},"modified":"2023-05-31T19:43:57","modified_gmt":"2023-05-31T18:43:57","slug":"star-wars-shatterpoint","status":"publish","type":"product","link":"https:\/\/www.customeeple.com\/es\/producto\/star-wars-shatterpoint\/","title":{"rendered":"Star Wars: Shatterpoint (SPA)"},"content":{"rendered":"<p><em>Son tiempos convulsos y los conflictos se extienden por incontables planetas desde los Mundos del N\u00facleo hasta el Borde Exterior&#8230;.<\/em><br \/>\nEstas crisis producen momentos de gran importancia, denominados puntos de fractura, en los que las acciones de unos pocos individuos pueden cambiar el curso de toda una batalla o incluso afectar el destino de civilizaciones enteras. Ya sea realizando operaciones clandestinas en lo m\u00e1s profundo del territorio enemigo o bati\u00e9ndote en duelo con encarnizados rivales en medio de un enfrentamiento planetario de gran envergadura, tus elecciones importan. Aqu\u00ed, rodeado por el entrechocar de los sables de luz y los disparos de las armas l\u00e1ser, t\u00fa decidir\u00e1s el destino de la galaxia en Star WarsTM: Shatterpoint.<br \/>\nStar Wars&#x2122;: Shatterpoint es un juego de escaramuzas con miniaturas para dos jugadores. En Shatterpoint, los jugadores toman el control de personajes emblem\u00e1ticos de la galaxia de Star Wars y de sus aliados, y se enfrentan entre s\u00ed por completar objetivos de misi\u00f3n din\u00e1micos. Pero no olvides que los mejores comandantes son los que aprenden a adaptarse y saben utilizar la Fuerza para hacerse con la victoria. \u00bfLiderar\u00e1s las fuerzas de la luz con Anakin Skywalker y Ahsoka Tano, o emprender\u00e1s una senda m\u00e1s oscura con la mort\u00edfera asesina Asajj Ventress y el despiadado Lord Maul? \u00bfO tal vez prefieras forjar un nuevo destino por tu propia cuenta? \u00a1La elecci\u00f3n ser\u00e1 tuya en Star Wars&#x2122;: Shatterpoint!<br \/>\n<strong><br \/>\nCONTENIDO<\/strong><br \/>\n16 miniaturas, 23 piezas de terreno, 2 plantillas de movimiento, 5 plantillas de alcance, 14 cartas de Orden, 12 cartas de Perfil de unidad, 12 cartas de Postura, 1 carta de Misi\u00f3n, 9 cartas de Confrontaci\u00f3n, 14 dados , ficha de Confrontaci\u00f3n, 16 fichas de Predominio, 1 medidor de Confrontaci\u00f3n, 1 hoja de fichas de cart\u00f3n, 1 libro de reglas b\u00e1sicas.<\/p>\n","protected":false},"excerpt":{"rendered":"<p>Son tiempos convulsos y los conflictos se extienden por incontables planetas desde los Mundos del N\u00facleo hasta el Borde Exterior&#8230;. Estas crisis producen momentos de gran importancia, denominados puntos de fractura, en los que las acciones de unos pocos individuos pueden cambiar el curso de toda una batalla o incluso afectar el destino de civilizaciones [&hellip;]<\/p>\n","protected":false},"featured_media":69008,"template":"","meta":{"_acf_changed":false},"product_brand":[],"product_cat":[1180,1372,2139,2134,1623],"product_tag":[],"class_list":{"0":"post-69009","1":"product","2":"type-product","3":"status-publish","4":"has-post-thumbnail","6":"product_cat-retail-products-es","7":"product_cat-sci-fi-es","8":"product_cat-star-wars","9":"product_cat-sws","10":"product_cat-wargames-es-2","12":"first","13":"onbackorder","14":"sale","15":"taxable","16":"shipping-taxable","17":"purchasable","18":"product-type-simple"},"exclude_global_add_ons":[],"addons":[],"acf":[],"_links":{"self":[{"href":"https:\/\/www.customeeple.com\/es\/wp-json\/wp\/v2\/product\/69009","targetHints":{"allow":["GET"]}}],"collection":[{"href":"https:\/\/www.customeeple.com\/es\/wp-json\/wp\/v2\/product"}],"about":[{"href":"https:\/\/www.customeeple.com\/es\/wp-json\/wp\/v2\/types\/product"}],"wp:featuredmedia":[{"embeddable":true,"href":"https:\/\/www.customeeple.com\/es\/wp-json\/wp\/v2\/media\/69008"}],"wp:attachment":[{"href":"https:\/\/www.customeeple.com\/es\/wp-json\/wp\/v2\/media?parent=69009"}],"wp:term":[{"taxonomy":"product_brand","embeddable":true,"href":"https:\/\/www.customeeple.com\/es\/wp-json\/wp\/v2\/product_brand?post=69009"},{"taxonomy":"product_cat","embeddable":true,"href":"https:\/\/www.customeeple.com\/es\/wp-json\/wp\/v2\/product_cat?post=69009"},{"taxonomy":"product_tag","embeddable":true,"href":"https:\/\/www.customeeple.com\/es\/wp-json\/wp\/v2\/product_tag?post=69009"}],"curies":[{"name":"wp","href":"https:\/\/api.w.org\/{rel}","templated":true}]}}