{"id":68994,"date":"2023-05-24T19:47:44","date_gmt":"2023-05-24T18:47:44","guid":{"rendered":"https:\/\/www.customeeple.com\/product\/logic-games-gusi-co\/"},"modified":"2023-05-24T19:47:44","modified_gmt":"2023-05-24T18:47:44","slug":"logic-games-gusi-co","status":"publish","type":"product","link":"https:\/\/www.customeeple.com\/es\/producto\/logic-games-gusi-co\/","title":{"rendered":"Logic! Games: Gusi &amp; Co. (SPA)"},"content":{"rendered":"<p>A Gusi, el gusano de madera, y a sus amigos\/as les encanta jugar juntos\/as y divertirse en grupo. Siempre surgen nuevas y coloridas im\u00e1genes: aqu\u00ed est\u00e1 el contorno de una bota de goma, ah\u00ed el de una flor y all\u00e1 el de un elefante. \u00bfc\u00f3mo deben superponerse y juntarse los traviesos gusanos para componer las formas de las plantillas? El grado de dificultad de los 60 retos aumenta con cada ronda. \u00bfQui\u00e9n conseguir\u00e1 resolverlos todos?<\/p>\n<p><strong>CONTENIDO:<\/strong><\/p>\n<ul>\n<li>14 coloridos gusanos de madera<\/li>\n<li>1 cuaderno de anillas con 60 retos<\/li>\n<li>1 instrucciones del juego con soluciones.<\/li>\n<\/ul>\n<p>Advertencias: Atenci\u00f3n. No apto para ni\u00f1os menores de 3 a\u00f1os. Piezas peque\u00f1as. Peligro de asfixia.<\/p>\n","protected":false},"excerpt":{"rendered":"<p>A Gusi, el gusano de madera, y a sus amigos\/as les encanta jugar juntos\/as y divertirse en grupo. Siempre surgen nuevas y coloridas im\u00e1genes: aqu\u00ed est\u00e1 el contorno de una bota de goma, ah\u00ed el de una flor y all\u00e1 el de un elefante. \u00bfc\u00f3mo deben superponerse y juntarse los traviesos gusanos para componer las [&hellip;]<\/p>\n","protected":false},"featured_media":68989,"template":"","meta":{"_acf_changed":false},"product_brand":[],"product_cat":[1564,1653,2002,1180],"product_tag":[],"class_list":{"0":"post-68994","1":"product","2":"type-product","3":"status-publish","4":"has-post-thumbnail","6":"product_cat-childrens-es","7":"product_cat-boardgames","8":"product_cat-solo-games-es","9":"product_cat-retail-products-es","11":"first","12":"instock","13":"sale","14":"taxable","15":"shipping-taxable","16":"purchasable","17":"product-type-simple"},"exclude_global_add_ons":[],"addons":[],"acf":[],"_links":{"self":[{"href":"https:\/\/www.customeeple.com\/es\/wp-json\/wp\/v2\/product\/68994","targetHints":{"allow":["GET"]}}],"collection":[{"href":"https:\/\/www.customeeple.com\/es\/wp-json\/wp\/v2\/product"}],"about":[{"href":"https:\/\/www.customeeple.com\/es\/wp-json\/wp\/v2\/types\/product"}],"wp:featuredmedia":[{"embeddable":true,"href":"https:\/\/www.customeeple.com\/es\/wp-json\/wp\/v2\/media\/68989"}],"wp:attachment":[{"href":"https:\/\/www.customeeple.com\/es\/wp-json\/wp\/v2\/media?parent=68994"}],"wp:term":[{"taxonomy":"product_brand","embeddable":true,"href":"https:\/\/www.customeeple.com\/es\/wp-json\/wp\/v2\/product_brand?post=68994"},{"taxonomy":"product_cat","embeddable":true,"href":"https:\/\/www.customeeple.com\/es\/wp-json\/wp\/v2\/product_cat?post=68994"},{"taxonomy":"product_tag","embeddable":true,"href":"https:\/\/www.customeeple.com\/es\/wp-json\/wp\/v2\/product_tag?post=68994"}],"curies":[{"name":"wp","href":"https:\/\/api.w.org\/{rel}","templated":true}]}}