{"id":68978,"date":"2023-05-18T19:46:35","date_gmt":"2023-05-18T18:46:35","guid":{"rendered":"https:\/\/www.customeeple.com\/product\/asombrosos-detectived-de-monstruos\/"},"modified":"2023-05-18T19:46:35","modified_gmt":"2023-05-18T18:46:35","slug":"asombrosos-detectived-de-monstruos","status":"publish","type":"product","link":"https:\/\/www.customeeple.com\/es\/producto\/asombrosos-detectived-de-monstruos\/","title":{"rendered":"Asombrosos Detectives de Monstruos (SPA)"},"content":{"rendered":"<p>QU\u00c9 SUSTO! ESTE LIBRO EST\u00c1 PLAGADO DE MONSTRUOS Y no solo viven entre estas p\u00e1ginas, tambi\u00e9n est\u00e1n en los rincones de nuestras casas, en el parque, en el gimnasio del cole y en la biblioteca. No son malos por naturaleza, y en realidad suelen ser amistosos y tranquilos, pero a veces se entretienen haciendo travesuras. \u00bfD\u00f3nde van a parar las chuches que se pierden? \u00bfPor qu\u00e9 siempre est\u00e1 mojada la toalla del ba\u00f1o cuando vas a secarte? \u00bfY qui\u00e9n hace temblar tus piernas cuando te toca salir a la pizarra? CLARO, SON ELLOS! Monstruos grandes o peque\u00f1os, salidos de la Dimensi\u00f3n Pelusa para hacer trastadas en tu casa, en el barrio o por toda la ciudad. Por suerte, contamos con la ayuda de un grupo de valientes detectives capaces de seguir todas las pistas y atrapar a los monstruos m\u00e1s traviesos. \u00bfA ti tambi\u00e9n te gustar\u00eda ser detective y resolver casos monstruosos? Este libro contiene todo lo que necesitas para conseguirlo. Con Asombrosos Detectives de Monstruos podr\u00e1s resolver misterios y acertijos, pedir ayuda a los gamusinos, encontrar valiosos objetos perdidos y esquivar algunos mordiscos mientras te lo pasas en grande con tus amigos. Demuestra lo valiente que eres, abre tu propia sede en la agencia de Asombrosos Detectives de Monstruos, y que empiece la aventura!<\/p>\n","protected":false},"excerpt":{"rendered":"<p>QU\u00c9 SUSTO! ESTE LIBRO EST\u00c1 PLAGADO DE MONSTRUOS Y no solo viven entre estas p\u00e1ginas, tambi\u00e9n est\u00e1n en los rincones de nuestras casas, en el parque, en el gimnasio del cole y en la biblioteca. No son malos por naturaleza, y en realidad suelen ser amistosos y tranquilos, pero a veces se entretienen haciendo travesuras. [&hellip;]<\/p>\n","protected":false},"featured_media":68975,"template":"","meta":{"_acf_changed":false},"product_brand":[],"product_cat":[1180,2103],"product_tag":[],"class_list":{"0":"post-68978","1":"product","2":"type-product","3":"status-publish","4":"has-post-thumbnail","6":"product_cat-retail-products-es","7":"product_cat-rol-es","9":"first","10":"onbackorder","11":"sale","12":"taxable","13":"shipping-taxable","14":"purchasable","15":"product-type-simple"},"exclude_global_add_ons":[],"addons":[],"acf":[],"_links":{"self":[{"href":"https:\/\/www.customeeple.com\/es\/wp-json\/wp\/v2\/product\/68978","targetHints":{"allow":["GET"]}}],"collection":[{"href":"https:\/\/www.customeeple.com\/es\/wp-json\/wp\/v2\/product"}],"about":[{"href":"https:\/\/www.customeeple.com\/es\/wp-json\/wp\/v2\/types\/product"}],"wp:featuredmedia":[{"embeddable":true,"href":"https:\/\/www.customeeple.com\/es\/wp-json\/wp\/v2\/media\/68975"}],"wp:attachment":[{"href":"https:\/\/www.customeeple.com\/es\/wp-json\/wp\/v2\/media?parent=68978"}],"wp:term":[{"taxonomy":"product_brand","embeddable":true,"href":"https:\/\/www.customeeple.com\/es\/wp-json\/wp\/v2\/product_brand?post=68978"},{"taxonomy":"product_cat","embeddable":true,"href":"https:\/\/www.customeeple.com\/es\/wp-json\/wp\/v2\/product_cat?post=68978"},{"taxonomy":"product_tag","embeddable":true,"href":"https:\/\/www.customeeple.com\/es\/wp-json\/wp\/v2\/product_tag?post=68978"}],"curies":[{"name":"wp","href":"https:\/\/api.w.org\/{rel}","templated":true}]}}