{"id":68968,"date":"2023-05-18T19:43:49","date_gmt":"2023-05-18T18:43:49","guid":{"rendered":"https:\/\/www.customeeple.com\/product\/las-avidas-espadachinas-saficas\/"},"modified":"2023-05-18T19:43:49","modified_gmt":"2023-05-18T18:43:49","slug":"las-avidas-espadachinas-saficas","status":"publish","type":"product","link":"https:\/\/www.customeeple.com\/es\/producto\/las-avidas-espadachinas-saficas\/","title":{"rendered":"Las \u00e1vidas espadachinas s\u00e1ficas (SPA)"},"content":{"rendered":"<p>Un duelo de espadas puede acabar en beso, una bruja puede ganar sus poderes ayudando a alguien a encontrar el amor, y una campa\u00f1a entera se puede construir en torno a intermediarias del amor errantes que viajan de un sistema a otro con su nave gay que habla. Incluso cuando saquen las espadas, tienen el potencial de crear v\u00ednculos m\u00e1s profundos de lo que nadie habr\u00eda imaginado. Las \u00e1vidas espadachinas s\u00e1fificas celebra el amor, el empoderamiento y la existencia de las personas queer. Si te gustan los juegos de rol y las lesbianas ca\u00f3ticas incomprendidas con espadas, est\u00e1s en el lugar adecuado. En este libro encontrar\u00e1s: &#8211; Coqueteo, lucha con espadas y comentarios ingeniosos en un sistema dise\u00f1ado tanto para el drama narrativo como para la seguridad de las jugadoras. &#8211; Una versi\u00f3n innovadora de la familia de juegos Powered by the Apocalypse. &#8211; Nueve tipos de personajes, cada uno centrado en un conflflicto emocional concreto. &#8211; Orientaci\u00f3n y ayuda para dirigir el juego, incluyendo c\u00f3mo hacer atractivas a las rivales. &#8211; Ideas de escenarios iniciales y m\u00faltiples ambientaciones de campa\u00f1as. &#8211; Variaciones de reglas para centrarse en diferentes identidades, v\u00ednculos emocio- nales y elementos de la ambientaci\u00f3n. &#8211; Estrategias para adaptar cualquier ambientaci\u00f3n donde las espadas choquen y los corazones se desboquen a las \u00e1vidas espadachinas s\u00e1fificas. \u00bfLista? Adelante!<\/p>\n","protected":false},"excerpt":{"rendered":"<p>Un duelo de espadas puede acabar en beso, una bruja puede ganar sus poderes ayudando a alguien a encontrar el amor, y una campa\u00f1a entera se puede construir en torno a intermediarias del amor errantes que viajan de un sistema a otro con su nave gay que habla. Incluso cuando saquen las espadas, tienen el [&hellip;]<\/p>\n","protected":false},"featured_media":68965,"template":"","meta":{"_acf_changed":false},"product_brand":[],"product_cat":[1180,2103],"product_tag":[],"class_list":{"0":"post-68968","1":"product","2":"type-product","3":"status-publish","4":"has-post-thumbnail","6":"product_cat-retail-products-es","7":"product_cat-rol-es","9":"first","10":"instock","11":"sale","12":"taxable","13":"shipping-taxable","14":"purchasable","15":"product-type-simple"},"exclude_global_add_ons":[],"addons":[],"acf":[],"_links":{"self":[{"href":"https:\/\/www.customeeple.com\/es\/wp-json\/wp\/v2\/product\/68968","targetHints":{"allow":["GET"]}}],"collection":[{"href":"https:\/\/www.customeeple.com\/es\/wp-json\/wp\/v2\/product"}],"about":[{"href":"https:\/\/www.customeeple.com\/es\/wp-json\/wp\/v2\/types\/product"}],"wp:featuredmedia":[{"embeddable":true,"href":"https:\/\/www.customeeple.com\/es\/wp-json\/wp\/v2\/media\/68965"}],"wp:attachment":[{"href":"https:\/\/www.customeeple.com\/es\/wp-json\/wp\/v2\/media?parent=68968"}],"wp:term":[{"taxonomy":"product_brand","embeddable":true,"href":"https:\/\/www.customeeple.com\/es\/wp-json\/wp\/v2\/product_brand?post=68968"},{"taxonomy":"product_cat","embeddable":true,"href":"https:\/\/www.customeeple.com\/es\/wp-json\/wp\/v2\/product_cat?post=68968"},{"taxonomy":"product_tag","embeddable":true,"href":"https:\/\/www.customeeple.com\/es\/wp-json\/wp\/v2\/product_tag?post=68968"}],"curies":[{"name":"wp","href":"https:\/\/api.w.org\/{rel}","templated":true}]}}