{"id":68780,"date":"2023-07-14T15:15:38","date_gmt":"2023-07-14T14:15:38","guid":{"rendered":"https:\/\/www.customeeple.com\/?post_type=product&#038;p=68780"},"modified":"2025-01-30T01:33:14","modified_gmt":"2025-01-30T00:33:14","slug":"struggle-tracker-sp","status":"publish","type":"product","link":"https:\/\/www.customeeple.com\/es\/producto\/struggle-tracker-sp\/","title":{"rendered":"Struggle Tracker acrilico para Star Wars Shatterpoint"},"content":{"rendered":"<div id=\"tab-description\">\n<div id=\"tab-description\">\n<p>Presentamos nuestro pr\u00e1ctico marcador de conflicto de acr\u00edlico, dise\u00f1ado espec\u00edficamente para Star Wars Shatterpoint. Esta bandeja est\u00e1 cortada con precisi\u00f3n mediante l\u00e1ser en capas de 3 mm de espesor, combinando durabilidad con una apariencia elegante.<\/p>\n<p>La bandeja viene preensamblada y pintada para tu comodidad, lo que te permite acelerar el tiempo de preparaci\u00f3n y enfocarte en el juego. Es mucho m\u00e1s resistente y compacta para evitar desperdiciar espacio y facilitar el transporte.<\/p>\n<p>La bandeja es totalmente compatible con los cubos del juego.<\/p>\n<p>\u00a1Es hora de dominar el universo de Star Wars con estilo!<\/p>\n<p><strong>Material:<\/strong> Acrilico<\/p>\n<p><strong>Tama\u00f1o:<\/strong> 20,2 x 3,2 x 0,6 cm<\/p>\n<p><strong>Cantidad:<\/strong>\u00a01<\/p>\n<p><strong>Usos: <\/strong>almacenaje para marcadores de Star Wars Shatterpoint.<\/p>\n<p><span class=\"game-year ng-binding ng-scope\"><a href=\"https:\/\/boardgamegeek.com\/boardgame\/374562\/star-wars-shatterpoint\">Star Wars Shatterpoint<\/a>\u00a0(2023) <\/span>is a game from<a class=\"ng-binding\" title=\"Atomic Mass Games\" href=\"https:\/\/boardgamegeek.com\/boardgamepublisher\/43031\/atomic-mass-games\">\u00a0Atomic Mass Games<\/a>. <strong>Customeeple\u00a0<\/strong>is not affiliated with this company and they do not endorse this product.<\/p>\n<\/div>\n<\/div>\n","protected":false},"excerpt":{"rendered":"<p>bandeja para ordenar el juego<\/p>\n","protected":false},"featured_media":68782,"template":"","meta":{"_acf_changed":false},"product_brand":[],"product_cat":[191,1370,1372,2128,2139,816,2134,1623],"product_tag":[2127,1326],"class_list":{"0":"post-68780","1":"product","2":"type-product","3":"status-publish","4":"has-post-thumbnail","6":"product_cat-accesorios","7":"product_cat-customeeple-es","8":"product_cat-sci-fi-es","9":"product_cat-shatterpoint-es","10":"product_cat-star-wars","11":"product_cat-space-fight-es","12":"product_cat-sws","13":"product_cat-wargames-es-2","14":"product_tag-shatterpoint-es","15":"product_tag-starwars-es","16":"product_shipping_class-bigtube","18":"first","19":"instock","20":"taxable","21":"shipping-taxable","22":"purchasable","23":"product-type-simple"},"exclude_global_add_ons":[],"addons":[],"acf":[],"_links":{"self":[{"href":"https:\/\/www.customeeple.com\/es\/wp-json\/wp\/v2\/product\/68780","targetHints":{"allow":["GET"]}}],"collection":[{"href":"https:\/\/www.customeeple.com\/es\/wp-json\/wp\/v2\/product"}],"about":[{"href":"https:\/\/www.customeeple.com\/es\/wp-json\/wp\/v2\/types\/product"}],"wp:featuredmedia":[{"embeddable":true,"href":"https:\/\/www.customeeple.com\/es\/wp-json\/wp\/v2\/media\/68782"}],"wp:attachment":[{"href":"https:\/\/www.customeeple.com\/es\/wp-json\/wp\/v2\/media?parent=68780"}],"wp:term":[{"taxonomy":"product_brand","embeddable":true,"href":"https:\/\/www.customeeple.com\/es\/wp-json\/wp\/v2\/product_brand?post=68780"},{"taxonomy":"product_cat","embeddable":true,"href":"https:\/\/www.customeeple.com\/es\/wp-json\/wp\/v2\/product_cat?post=68780"},{"taxonomy":"product_tag","embeddable":true,"href":"https:\/\/www.customeeple.com\/es\/wp-json\/wp\/v2\/product_tag?post=68780"}],"curies":[{"name":"wp","href":"https:\/\/api.w.org\/{rel}","templated":true}]}}