{"id":68772,"date":"2023-07-14T14:32:52","date_gmt":"2023-07-14T13:32:52","guid":{"rendered":"https:\/\/www.customeeple.com\/?post_type=product&#038;p=68772"},"modified":"2023-07-14T14:53:51","modified_gmt":"2023-07-14T13:53:51","slug":"hangar-atomic-bases","status":"publish","type":"product","link":"https:\/\/www.customeeple.com\/es\/producto\/hangar-atomic-bases\/","title":{"rendered":"Hangar Atomic Bases"},"content":{"rendered":"<p>Estas bases vers\u00e1tiles se pueden utilizar en una amplia variedad de juegos. Son ideales para crear escenarios espaciales impresionantes en diferentes mesas de juego. Ya sea que est\u00e9s jugando Star Wars Shatterpoint, Marvel Crisis Protocol u otros juegos espaciales futuristas, estas bases a\u00f1adir\u00e1n un nivel de detalle y realismo excepcional a tus partidas.<\/p>\n<p>Disponibles en dos tama\u00f1os, 40mm y 50mm, estas bases se ajustan perfectamente a las figuras de Star Wars Shatterpoint o Marvel Crisis Protocol. La combinaci\u00f3n de la parte inferior de DM y la parte superior de HDF crea un dise\u00f1o escalonado que no solo tiene un aspecto genial, sino que tambi\u00e9n se asemeja al dise\u00f1o oficial.<\/p>\n<p>En resumen, estas Bases de Nave Espacial, inspiradas en los suelos de naves espaciales, son imprescindibles para cualquier coleccionista de miniaturas. Le dar\u00e1n un toque aut\u00e9ntico a tus figuras y te sumergir\u00e1n en el ambiente espacial. \u00a1A\u00f1ade un elemento de calidad a tus partidas con estas bases excepcionales!<\/p>\n<p>Ten en cuenta que las bases se suministran sin montar ni pintar, y necesitar\u00e1s pegamento (cianoacrilato o cola blanca) para ensamblarlas. Para pintarlas, te recomendamos utilizar el mismo enfoque que empleas para pintar tus miniaturas, aplicando una imprimaci\u00f3n en aerosol y utilizando las pinturas habituales.<\/p>\n<div class=\"moreinfo\">\n<p><strong>Material:<\/strong> Cart\u00f3n de alta densidad y MDF<\/p>\n<p><strong>Espesor:\u00a0<\/strong>0,32 mm y\u00a0 3 mm<strong><br \/>\n<\/strong><\/p>\n<p><strong>Tama\u00f1o:\u00a0<\/strong>Varia<\/p>\n<p><strong>Cantidad: <\/strong>4 o 2 bases<\/p>\n<\/div>\n<p><strong>Nota:\u00a0<\/strong>Este producto se vende sin pintar ni montar. El pintado de la foto es s\u00f3lo una sugerencia de pintado.<\/p>\n","protected":false},"excerpt":{"rendered":"<p>bases para <strong>Star Wars Shatterpoint\u00a0<\/strong>o <strong>Marvel Crisis Protocol<\/strong><\/p>\n","protected":false},"featured_media":68778,"template":"","meta":{"_acf_changed":false},"product_brand":[],"product_cat":[350,304,1370,291,1555,1372,2128,816,1409,1410,1229],"product_tag":[1734,2127,1351],"class_list":{"0":"post-68772","1":"product","2":"type-product","3":"status-publish","4":"has-post-thumbnail","6":"product_cat-bases-es-infinity-es-2","7":"product_cat-bases-es","8":"product_cat-customeeple-es","9":"product_cat-infinity-es-2","10":"product_cat-miniature-games-es","11":"product_cat-sci-fi-es","12":"product_cat-shatterpoint-es","13":"product_cat-space-fight-es","14":"product_cat-star-wars-imperial-assault-es","15":"product_cat-star-wars-legion-es","16":"product_cat-warhammer-40k-es","17":"product_tag-marvel-es","18":"product_tag-shatterpoint-es","19":"product_tag-star-wars-es","21":"first","22":"instock","23":"taxable","24":"shipping-taxable","25":"purchasable","26":"product-type-variable"},"exclude_global_add_ons":[],"addons":[],"acf":[],"_links":{"self":[{"href":"https:\/\/www.customeeple.com\/es\/wp-json\/wp\/v2\/product\/68772","targetHints":{"allow":["GET"]}}],"collection":[{"href":"https:\/\/www.customeeple.com\/es\/wp-json\/wp\/v2\/product"}],"about":[{"href":"https:\/\/www.customeeple.com\/es\/wp-json\/wp\/v2\/types\/product"}],"wp:featuredmedia":[{"embeddable":true,"href":"https:\/\/www.customeeple.com\/es\/wp-json\/wp\/v2\/media\/68778"}],"wp:attachment":[{"href":"https:\/\/www.customeeple.com\/es\/wp-json\/wp\/v2\/media?parent=68772"}],"wp:term":[{"taxonomy":"product_brand","embeddable":true,"href":"https:\/\/www.customeeple.com\/es\/wp-json\/wp\/v2\/product_brand?post=68772"},{"taxonomy":"product_cat","embeddable":true,"href":"https:\/\/www.customeeple.com\/es\/wp-json\/wp\/v2\/product_cat?post=68772"},{"taxonomy":"product_tag","embeddable":true,"href":"https:\/\/www.customeeple.com\/es\/wp-json\/wp\/v2\/product_tag?post=68772"}],"curies":[{"name":"wp","href":"https:\/\/api.w.org\/{rel}","templated":true}]}}