{"id":68573,"date":"2023-06-13T16:32:43","date_gmt":"2023-06-13T15:32:43","guid":{"rendered":"https:\/\/www.customeeple.com\/?post_type=product&#038;p=68573"},"modified":"2025-01-30T00:37:15","modified_gmt":"2025-01-29T23:37:15","slug":"objetivos-star-wars-shatterpoint","status":"publish","type":"product","link":"https:\/\/www.customeeple.com\/es\/producto\/objetivos-star-wars-shatterpoint\/","title":{"rendered":"9 objetivos para Star Wars Shatterpoint"},"content":{"rendered":"<div id=\"tab-description\">\n<div id=\"tab-description\">\n<p>Presentamos nuestros nuevos marcadores para Star Wars Shatterpoint, dise\u00f1ados para mejorar tu experiencia de juego. Estas fichas son un reemplazo perfecto para el conjunto b\u00e1sico incluido en el juego. Cada token est\u00e1 fabricado con precisi\u00f3n con un grosor de 3 mm, lo que garantiza durabilidad y calidad.<\/p>\n<p>Este paquete incluye:<\/p>\n<p>9x Marcadores de objetivos (acr\u00edlico negro)<\/p>\n<p>Tiene la opci\u00f3n de elegir entre fichas pintadas o sin pintar, y se entregar\u00e1n con un reverso protector que debe retirarse al recibirlas.<\/p>\n<p>Tenga en cuenta que no estamos afiliados, autorizados ni respaldados por Mass Atomic Games. Nos esforzamos por ofrecer productos de alta calidad que mejoren su experiencia de juego. Mejora tu juego y muestra tu estilo \u00fanico con nuestra opci\u00f3n de gorra personalizable. \u00a1Es hora de llevar tu viaje en el universo de Star Wars al siguiente nivel!<\/p>\n<p>\u00a1Mejora tu juego y muestra tu estilo \u00fanico con nuestra opci\u00f3n de tapa personalizable. Ha llegado el momento de llevar tu aventura en el universo de Star Wars al siguiente nivel!<\/p>\n<p><strong>Material:<\/strong> acrilico de 3mm<\/p>\n<p><strong>Cantidad:<\/strong> 81 marcadores<\/p>\n<p><span class=\"game-year ng-binding ng-scope\"><a href=\"https:\/\/boardgamegeek.com\/boardgame\/374562\/star-wars-shatterpoint\">Star Wars Shatterpoint<\/a> (2023)\u00a0es un juego de\u00a0Atomic Mass Games. Customeeple no est\u00e1 afiliado a esta empresa y no respalda este producto.<\/span><\/p>\n<\/div>\n<\/div>\n","protected":false},"excerpt":{"rendered":"<p>conjunto de marcadores<\/p>\n","protected":false},"featured_media":68513,"template":"","meta":{"_acf_changed":false},"product_brand":[],"product_cat":[1370,1372,2128,2139,816,2134,1623],"product_tag":[2127,1326],"class_list":{"0":"post-68573","1":"product","2":"type-product","3":"status-publish","4":"has-post-thumbnail","6":"product_cat-customeeple-es","7":"product_cat-sci-fi-es","8":"product_cat-shatterpoint-es","9":"product_cat-star-wars","10":"product_cat-space-fight-es","11":"product_cat-sws","12":"product_cat-wargames-es-2","13":"product_tag-shatterpoint-es","14":"product_tag-starwars-es","15":"product_shipping_class-bigtube","17":"first","18":"instock","19":"taxable","20":"shipping-taxable","21":"purchasable","22":"product-type-variable"},"exclude_global_add_ons":false,"addons":[{"name":"Logo para grabar en la tapa","type":"file_upload","position":0,"required":false,"title_format":"label","default":"","description_enable":false,"description":"","placeholder_enable":false,"placeholder":"","display":"select","restrictions_type":"any_text","adjust_price":true,"price":"9.95","price_type":"flat_fee","restrictions":false,"min":"0","max":"0","options":[]}],"acf":[],"_links":{"self":[{"href":"https:\/\/www.customeeple.com\/es\/wp-json\/wp\/v2\/product\/68573","targetHints":{"allow":["GET"]}}],"collection":[{"href":"https:\/\/www.customeeple.com\/es\/wp-json\/wp\/v2\/product"}],"about":[{"href":"https:\/\/www.customeeple.com\/es\/wp-json\/wp\/v2\/types\/product"}],"wp:featuredmedia":[{"embeddable":true,"href":"https:\/\/www.customeeple.com\/es\/wp-json\/wp\/v2\/media\/68513"}],"wp:attachment":[{"href":"https:\/\/www.customeeple.com\/es\/wp-json\/wp\/v2\/media?parent=68573"}],"wp:term":[{"taxonomy":"product_brand","embeddable":true,"href":"https:\/\/www.customeeple.com\/es\/wp-json\/wp\/v2\/product_brand?post=68573"},{"taxonomy":"product_cat","embeddable":true,"href":"https:\/\/www.customeeple.com\/es\/wp-json\/wp\/v2\/product_cat?post=68573"},{"taxonomy":"product_tag","embeddable":true,"href":"https:\/\/www.customeeple.com\/es\/wp-json\/wp\/v2\/product_tag?post=68573"}],"curies":[{"name":"wp","href":"https:\/\/api.w.org\/{rel}","templated":true}]}}