{"id":68548,"date":"2023-06-12T11:39:00","date_gmt":"2023-06-12T10:39:00","guid":{"rendered":"https:\/\/www.customeeple.com\/?post_type=product&#038;p=68548"},"modified":"2025-01-29T13:27:11","modified_gmt":"2025-01-29T12:27:11","slug":"conjunto-de-fichas-star-wars-shatterpoint","status":"publish","type":"product","link":"https:\/\/www.customeeple.com\/es\/producto\/conjunto-de-fichas-star-wars-shatterpoint\/","title":{"rendered":"Conjunto de Fichas Star Wars Shatterpoint"},"content":{"rendered":"<div id=\"tab-description\">\n<div id=\"tab-description\">\n<p>Presentamos nuestro nuevo conjunto de fichas para Star Wars Shatterpoint, dise\u00f1ado para mejorar tu experiencia de juego. Estas fichas son el reemplazo perfecto para el conjunto b\u00e1sico incluido en el juego para dos jugadores. Cada ficha est\u00e1 elaborada con precisi\u00f3n y tiene un grosor de 3 mm, garantizando durabilidad y calidad.<\/p>\n<p>Aqu\u00ed tienes la lista de fichas incluidas en el conjunto:<\/p>\n<p>16x Fichas de Fuerza (Acr\u00edlico Naranja Fluorescente)<br \/>\n8x Fichas de Herido\/Herido Doble Cara (Acr\u00edlico Rojo Fluorescente)<br \/>\n5x Marcadores de Control (Acr\u00edlico Negro) doble cara rojo\/azul<br \/>\n9x Marcadores de Objetivo (Acr\u00edlico Negro)<br \/>\n1x Marcador de Prioridad (Acr\u00edlico Negro)<br \/>\n6x Fichas de Agacharse (Acr\u00edlico Amarillo Fluorescente)<br \/>\n5x Marcadores de Da\u00f1o 1 (Acr\u00edlico Transparente Rojo)<br \/>\n4x Marcadores de Da\u00f1o 3 (Acr\u00edlico Transparente Rojo)<br \/>\n4x Marcadores de Da\u00f1o 5 (Acr\u00edlico Transparente Rojo)<br \/>\n5x Marcadores de Inmovilizaci\u00f3n (Acr\u00edlico Azul Fluorescente)<br \/>\n5x Marcadores de Desarmado (Acr\u00edlico Verde Fluorescente)<br \/>\n5x Marcadores de Exposici\u00f3n (Acr\u00edlico Amarillo Fluorescente)<br \/>\n5x Marcadores de Tensi\u00f3n (Acr\u00edlico Rojo Fluorescente)<\/p>\n<p>Tienes la opci\u00f3n de elegir entre fichas pintadas o sin pintar, y se entregar\u00e1n con una protecci\u00f3n en la parte posterior que deber\u00e1 retirarse al recibirlas.<\/p>\n<p>Ten en cuenta que no estamos afiliados, autorizados ni respaldados por Mass Atomic Games. Nos esforzamos por ofrecer productos de alta calidad que mejoren tu experiencia de juego.<\/p>\n<p>\u00a1Mejora tu juego y muestra tu estilo \u00fanico con nuestra opci\u00f3n de tapa personalizable. Ha llegado el momento de llevar tu aventura en el universo de Star Wars al siguiente nivel!<\/p>\n<p><strong>Material:<\/strong> acrilico de 3mm<\/p>\n<p><strong>Cantidad:<\/strong> 81 marcadores<\/p>\n<p><span class=\"game-year ng-binding ng-scope\"><a href=\"https:\/\/boardgamegeek.com\/boardgame\/374562\/star-wars-shatterpoint\">Star Wars Shatterpoint<\/a> (2023)\u00a0es un juego de\u00a0Atomic Mass Games. Customeeple no est\u00e1 afiliado a esta empresa y no respalda este producto.<\/span><\/p>\n<\/div>\n<\/div>\n","protected":false},"excerpt":{"rendered":"<p>conjunto de marcadores<\/p>\n","protected":false},"featured_media":73081,"template":"","meta":{"_acf_changed":false},"product_brand":[],"product_cat":[1370,1372,2128,816,1623],"product_tag":[2127,1326],"class_list":{"0":"post-68548","1":"product","2":"type-product","3":"status-publish","4":"has-post-thumbnail","6":"product_cat-customeeple-es","7":"product_cat-sci-fi-es","8":"product_cat-shatterpoint-es","9":"product_cat-space-fight-es","10":"product_cat-wargames-es-2","11":"product_tag-shatterpoint-es","12":"product_tag-starwars-es","13":"product_shipping_class-bigtube","15":"first","16":"instock","17":"sale","18":"taxable","19":"shipping-taxable","20":"purchasable","21":"product-type-variable"},"exclude_global_add_ons":[],"addons":[],"acf":[],"_links":{"self":[{"href":"https:\/\/www.customeeple.com\/es\/wp-json\/wp\/v2\/product\/68548","targetHints":{"allow":["GET"]}}],"collection":[{"href":"https:\/\/www.customeeple.com\/es\/wp-json\/wp\/v2\/product"}],"about":[{"href":"https:\/\/www.customeeple.com\/es\/wp-json\/wp\/v2\/types\/product"}],"wp:featuredmedia":[{"embeddable":true,"href":"https:\/\/www.customeeple.com\/es\/wp-json\/wp\/v2\/media\/73081"}],"wp:attachment":[{"href":"https:\/\/www.customeeple.com\/es\/wp-json\/wp\/v2\/media?parent=68548"}],"wp:term":[{"taxonomy":"product_brand","embeddable":true,"href":"https:\/\/www.customeeple.com\/es\/wp-json\/wp\/v2\/product_brand?post=68548"},{"taxonomy":"product_cat","embeddable":true,"href":"https:\/\/www.customeeple.com\/es\/wp-json\/wp\/v2\/product_cat?post=68548"},{"taxonomy":"product_tag","embeddable":true,"href":"https:\/\/www.customeeple.com\/es\/wp-json\/wp\/v2\/product_tag?post=68548"}],"curies":[{"name":"wp","href":"https:\/\/api.w.org\/{rel}","templated":true}]}}