{"id":68527,"date":"2023-06-09T21:55:10","date_gmt":"2023-06-09T20:55:10","guid":{"rendered":"https:\/\/www.customeeple.com\/?post_type=product&#038;p=68527"},"modified":"2025-01-30T16:11:35","modified_gmt":"2025-01-30T15:11:35","slug":"tray-compatible-star-wars-shatterpoint","status":"publish","type":"product","link":"https:\/\/www.customeeple.com\/es\/producto\/tray-compatible-star-wars-shatterpoint\/","title":{"rendered":"Bandeja de Reglas Compatible with Star Wars Shatterpoint"},"content":{"rendered":"<div id=\"tab-description\">\n<div id=\"tab-description\">\n<p>Presentamos nuestra pr\u00e1ctica bandeja de medidores dise\u00f1ada para Star Wars Shatterpoint. Cortada con precisi\u00f3n l\u00e1ser en capas de 3 mm de grosor, combina durabilidad con un aspecto elegante. La bandeja se entrega preensamblada para tu comodidad, lo que te permite agilizar el tiempo de preparaci\u00f3n y centrarte en el juego. Se adapta perfectamente a todos los medidores del juego, asegurando un ajuste preciso.<\/p>\n<p>Hemos incluido una tapa transparente, asegurada con imanes, para mantener tus reglas seguras y organizadas. Los imanes deben ser pegados con pegamento cianocrilato,\u00a0 como por ejemplo Loctite.<\/p>\n<p>Puedes elegir el color del metacrilato central.<\/p>\n<p>Lleva la personalizaci\u00f3n al siguiente nivel seleccionando el logotipo que desees: Mandalorian, Rep\u00fablica, Droids, Mercedes, e incluso el emblema de tu propio club. Sin embargo, ten en cuenta que los dise\u00f1os m\u00e1s complejos pueden implicar cargos adicionales para garantizar un resultado impecable. Simplemente cont\u00e1ctanos y nos pondremos en contacto contigo.<\/p>\n<p>Eleva tu experiencia de juego y muestra tu estilo \u00fanico con nuestra opci\u00f3n de tapa personalizable. \u00a1Es hora de gobernar el universo de Star Wars con estilo!<\/p>\n<p><strong>Material:<\/strong> Lona<\/p>\n<p><strong>Tama\u00f1o:<\/strong> 14,6 x 26,7 x 1,2 cm<\/p>\n<p><strong>Cantidad:<\/strong>\u00a01<\/p>\n<p><strong>Usos: <\/strong>almacenaje para reglas de Star Wars Shatterpoint.<\/p>\n<p><span class=\"game-year ng-binding ng-scope\"><a href=\"https:\/\/boardgamegeek.com\/boardgame\/374562\/star-wars-shatterpoint\">Star Wars Shatterpoint<\/a>\u00a0(2023) <\/span>is a game from<a class=\"ng-binding\" title=\"Atomic Mass Games\" href=\"https:\/\/boardgamegeek.com\/boardgamepublisher\/43031\/atomic-mass-games\">\u00a0Atomic Mass Games<\/a>. <strong>Customeeple\u00a0<\/strong>is not affiliated with this company and they do not endorse this product.<\/p>\n<\/div>\n<\/div>\n","protected":false},"excerpt":{"rendered":"<p>bandeja para ordenar el juego<\/p>\n","protected":false},"featured_media":68491,"template":"","meta":{"_acf_changed":false},"product_brand":[],"product_cat":[1370,1372,2128,816,1623],"product_tag":[2127,1326],"class_list":{"0":"post-68527","1":"product","2":"type-product","3":"status-publish","4":"has-post-thumbnail","6":"product_cat-customeeple-es","7":"product_cat-sci-fi-es","8":"product_cat-shatterpoint-es","9":"product_cat-space-fight-es","10":"product_cat-wargames-es-2","11":"product_tag-shatterpoint-es","12":"product_tag-starwars-es","13":"product_shipping_class-bigtube","14":"pa_methacrylate-colors-amarill-fluor-mfye","15":"pa_methacrylate-colors-azul-fluor-mfbl-es","16":"pa_methacrylate-colors-naranja-fluor-mfor-es","17":"pa_methacrylate-colors-magenta-fluor-mfma-es","18":"pa_methacrylate-colors-verde-fluor-mfgr","20":"first","21":"instock","22":"taxable","23":"shipping-taxable","24":"purchasable","25":"product-type-variable"},"exclude_global_add_ons":false,"addons":[{"name":"Logo para grabar en la tapa","type":"file_upload","position":0,"required":false,"title_format":"label","default":"","description_enable":false,"description":"","placeholder_enable":false,"placeholder":"","display":"select","restrictions_type":"any_text","adjust_price":true,"price":"9.95","price_type":"flat_fee","restrictions":false,"min":"0","max":"0","options":[]},{"name":"Grabar uno de nuestros logos ( escribe la letra de la imagen)","type":"custom_text","position":1,"required":false,"title_format":"label","default":"","description_enable":false,"description":"","placeholder_enable":false,"placeholder":"","display":"select","restrictions_type":"any_text","adjust_price":true,"price":"8.95","price_type":"flat_fee","restrictions":true,"min":"1","max":"1","options":[]}],"acf":[],"_links":{"self":[{"href":"https:\/\/www.customeeple.com\/es\/wp-json\/wp\/v2\/product\/68527","targetHints":{"allow":["GET"]}}],"collection":[{"href":"https:\/\/www.customeeple.com\/es\/wp-json\/wp\/v2\/product"}],"about":[{"href":"https:\/\/www.customeeple.com\/es\/wp-json\/wp\/v2\/types\/product"}],"wp:featuredmedia":[{"embeddable":true,"href":"https:\/\/www.customeeple.com\/es\/wp-json\/wp\/v2\/media\/68491"}],"wp:attachment":[{"href":"https:\/\/www.customeeple.com\/es\/wp-json\/wp\/v2\/media?parent=68527"}],"wp:term":[{"taxonomy":"product_brand","embeddable":true,"href":"https:\/\/www.customeeple.com\/es\/wp-json\/wp\/v2\/product_brand?post=68527"},{"taxonomy":"product_cat","embeddable":true,"href":"https:\/\/www.customeeple.com\/es\/wp-json\/wp\/v2\/product_cat?post=68527"},{"taxonomy":"product_tag","embeddable":true,"href":"https:\/\/www.customeeple.com\/es\/wp-json\/wp\/v2\/product_tag?post=68527"}],"curies":[{"name":"wp","href":"https:\/\/api.w.org\/{rel}","templated":true}]}}