{"id":68369,"date":"2023-05-23T08:45:38","date_gmt":"2023-05-23T07:45:38","guid":{"rendered":"https:\/\/www.customeeple.com\/?post_type=product&#038;p=68369"},"modified":"2023-09-07T09:08:13","modified_gmt":"2023-09-07T08:08:13","slug":"kill-team-barricadas","status":"publish","type":"product","link":"https:\/\/www.customeeple.com\/es\/producto\/kill-team-barricadas\/","title":{"rendered":"Kill Team Barricadas (4 units)"},"content":{"rendered":"<p>\u00a1Te presentamos nuestras nuevas Barricadas de MDF para Kill Team! Este set incluye cuatro barricadas, con el tama\u00f1o perfecto para coincidir con las barricadas oficiales de Kill Team 2020. No solo proporcionan cobertura t\u00e1ctica, sino que tambi\u00e9n a\u00f1aden un elemento inmersivo a tu experiencia de juego. Mejora la singularidad de tu equipo con estas elegantes barricadas.<\/p>\n<p>Mejora tu campo de batalla con nuestras Barricadas de MDF de alta calidad y eleva tus partidas de Kill Team a otro nivel. Nuestra l\u00ednea de productos Kill Team est\u00e1 dise\u00f1ada para mejorar la calidad de tus enfrentamientos.<\/p>\n<p>Si tienes alguna petici\u00f3n de dise\u00f1o espec\u00edfica o necesitas ayuda adicional, no dudes en<a href=\"mailto:hello@customeeple.com\"> contactarnos<\/a>.<\/p>\n<p><strong>Material:<\/strong> DM<\/p>\n<div class=\"moreinfo\">\n<p><strong>Espesor: <\/strong>2,5\u00a0mm<\/p>\n<p><strong>Tama\u00f1o:<\/strong> 1 x 2 pulgadas.<\/p>\n<p><strong>Cantidad:\u00a0<\/strong>4 unidades<\/p>\n<p><strong>Uso:<\/strong> Perfecto Para cualquier partido de Blood bowl<\/p>\n<\/div>\n<div class=\"infopreorder\"><strong>Nota:<\/strong> Kill Team es un juego publicado por GAMESWORKSHOP. Customeeple no est\u00e1 afiliado a esta empresa y este producto no est\u00e1 respaldado por ellos.<\/div>\n<p>&nbsp;<\/p>\n","protected":false},"excerpt":{"rendered":"<p>Marcador para kill team<\/p>\n","protected":false},"featured_media":69426,"template":"","meta":{"_acf_changed":false},"product_brand":[],"product_cat":[191,1122,1370,1177,1427,1229],"product_tag":[1787,1979],"class_list":{"0":"post-68369","1":"product","2":"type-product","3":"status-publish","4":"has-post-thumbnail","6":"product_cat-accesorios","7":"product_cat-sw-es","8":"product_cat-customeeple-es","9":"product_cat-games-workshop-es","10":"product_cat-kill-team-es","11":"product_cat-warhammer-40k-es","12":"product_tag-40k-es","13":"product_tag-kill-team-es","15":"first","16":"instock","17":"taxable","18":"shipping-taxable","19":"purchasable","20":"product-type-simple"},"exclude_global_add_ons":[],"addons":[],"acf":[],"_links":{"self":[{"href":"https:\/\/www.customeeple.com\/es\/wp-json\/wp\/v2\/product\/68369","targetHints":{"allow":["GET"]}}],"collection":[{"href":"https:\/\/www.customeeple.com\/es\/wp-json\/wp\/v2\/product"}],"about":[{"href":"https:\/\/www.customeeple.com\/es\/wp-json\/wp\/v2\/types\/product"}],"wp:featuredmedia":[{"embeddable":true,"href":"https:\/\/www.customeeple.com\/es\/wp-json\/wp\/v2\/media\/69426"}],"wp:attachment":[{"href":"https:\/\/www.customeeple.com\/es\/wp-json\/wp\/v2\/media?parent=68369"}],"wp:term":[{"taxonomy":"product_brand","embeddable":true,"href":"https:\/\/www.customeeple.com\/es\/wp-json\/wp\/v2\/product_brand?post=68369"},{"taxonomy":"product_cat","embeddable":true,"href":"https:\/\/www.customeeple.com\/es\/wp-json\/wp\/v2\/product_cat?post=68369"},{"taxonomy":"product_tag","embeddable":true,"href":"https:\/\/www.customeeple.com\/es\/wp-json\/wp\/v2\/product_tag?post=68369"}],"curies":[{"name":"wp","href":"https:\/\/api.w.org\/{rel}","templated":true}]}}