{"id":68333,"date":"2023-05-20T10:29:42","date_gmt":"2023-05-20T09:29:42","guid":{"rendered":"https:\/\/www.customeeple.com\/?post_type=product&#038;p=68333"},"modified":"2023-05-20T11:15:00","modified_gmt":"2023-05-20T10:15:00","slug":"malifaux-m3-caja-para-las-cartas-de-stat-v2","status":"publish","type":"product","link":"https:\/\/www.customeeple.com\/es\/producto\/malifaux-m3-caja-para-las-cartas-de-stat-v2\/","title":{"rendered":"Malifaux M3 Caja para las cartas de Stats V2"},"content":{"rendered":"<div class=\"group w-full text-gray-800 dark:text-gray-100 border-b border-black\/10 dark:border-gray-900\/50 bg-gray-50 dark:bg-[#444654]\">\n<div class=\"flex p-4 gap-4 text-base md:gap-6 md:max-w-2xl lg:max-w-xl xl:max-w-3xl md:py-6 lg:px-0 m-auto\">\n<div class=\"relative flex w-[calc(100%-50px)] flex-col gap-1 md:gap-3 lg:w-[calc(100%-115px)]\">\n<div class=\"flex flex-grow flex-col gap-3\">\n<div class=\"min-h-[20px] flex flex-col items-start gap-4 whitespace-pre-wrap break-words\">\n<div class=\"markdown prose w-full break-words dark:prose-invert light\">\n<p>\u00a1Te presentamos nuestra versi\u00f3n mejorada y optimizada de la Caja de Almacenamiento de Cartas de Estad\u00edsticas de Malifaux! Hemos escuchado los comentarios de nuestros apreciados clientes y realizado modificaciones significativas en nuestro dise\u00f1o anterior para ofrecerte una soluci\u00f3n de almacenamiento a\u00fan mejor para tus cartas de estad\u00edsticas de Malifaux.<\/p>\n<p>Esta nueva versi\u00f3n cuenta con 11 compartimentos amplios, dise\u00f1ados meticulosamente para alojar tus cartas con la m\u00e1xima precisi\u00f3n. Puedes seleccionar tu facci\u00f3n y los separadores tendr\u00e1n espacios dedicados para las 9 palabras clave esenciales, incluyendo los nuevos Maestros introducidos en 2023. Adem\u00e1s, hemos a\u00f1adido un hueco espec\u00edfico para cartas vers\u00e1tiles, garantizando un acceso sencillo a estos valiosos recursos. Por \u00faltimo, hemos incorporado un compartimento \u00abOtros\u00bb, proporcionando un espacio conveniente para almacenar cualquier carta restante que no quepa en las otras secciones.<\/p>\n<p>Una de las mejoras m\u00e1s destacadas es la adici\u00f3n de separadores m\u00f3viles. Estos innovadores separadores ofrecen una mayor accesibilidad, permiti\u00e9ndote ver y organizar tus cartas sin ning\u00fan obst\u00e1culo. Ya sea que necesites consultar r\u00e1pidamente una carta espec\u00edfica o reorganizar tu colecci\u00f3n, los separadores m\u00f3viles hacen que el proceso sea fluido y eficiente.<\/p>\n<p>Al igual que todos nuestros productos, esta Caja de Almacenamiento de Cartas de Estad\u00edsticas ha sido desarrollada en colaboraci\u00f3n con Wyrd Games, asegurando una compatibilidad \u00f3ptima con Malifaux. Hemos dise\u00f1ado minuciosamente y probado rigurosamente cada aspecto para cumplir con los m\u00e1s altos est\u00e1ndares de calidad y funcionalidad.<\/p>\n<p>Mejora tu organizaci\u00f3n y lleva tu experiencia de juego de Malifaux al siguiente nivel con nuestra Caja de Almacenamiento de Cartas de Estad\u00edsticas mejorada. \u00a1Haz tu pedido ahora y disfruta de la comodidad y facilidad que esta soluci\u00f3n de almacenamiento cuidadosamente dise\u00f1ada ofrece.<\/p>\n<p>Ten en cuenta: Las cartas de estad\u00edsticas y cualquier otro accesorio mostrado en las im\u00e1genes son \u00fanicamente con fines ilustrativos y no est\u00e1n incluidos en la caja de almacenamiento.<\/p>\n<\/div>\n<\/div>\n<\/div>\n<\/div>\n<\/div>\n<\/div>\n<div class=\"moreinfo\">\n<p><strong style=\"font-size: 14px; line-height: 1.5em;\">Material:\u00a0<\/strong>DM y tapa de metacrilato<\/p>\n<p dir=\"ltr\"><strong>Espesor:<\/strong>\u00a02,5 \u00a0mm<\/p>\n<p dir=\"ltr\"><strong>Tama\u00f1o: <\/strong> \u00a013,2 x 26,5 x 8,2 cm\u00a0<strong><br \/>\n<\/strong><\/p>\n<p dir=\"ltr\"><strong>Cantidad: <\/strong>1<\/p>\n<p><strong>Uso:<\/strong> Caja para almacenar cartas de\u00a0<strong><a href=\"http:\/\/www.wyrd-games.net\/\">Malifaux<\/a><\/strong><\/p>\n<\/div>\n<div class=\"infopreorder\"><strong>Note:<\/strong> La caja se vende sin montar, necesitar\u00e1s pegamento para ensamblarla.<\/div>\n","protected":false},"excerpt":{"rendered":"<p>Caja de almacenamiento\u00a0<strong><a href=\"http:\/\/www.wyrd-games.net\/\">Malifaux<\/a><\/strong><\/p>\n","protected":false},"featured_media":68343,"template":"","meta":{"_acf_changed":false},"product_brand":[],"product_cat":[191,1370,1400,1425,1671,1391,2360],"product_tag":[1652],"class_list":{"0":"post-68333","1":"product","2":"type-product","3":"status-publish","4":"has-post-thumbnail","6":"product_cat-accesorios","7":"product_cat-customeeple-es","8":"product_cat-fantasia","9":"product_cat-malifaux-es-2","10":"product_cat-malifaux-es-3","11":"product_cat-deck-holders-es","12":"product_cat-productos-oficiales","13":"product_tag-malifaux-es-2","15":"first","16":"instock","17":"taxable","18":"shipping-taxable","19":"purchasable","20":"product-type-variable"},"exclude_global_add_ons":[],"addons":[],"acf":[],"_links":{"self":[{"href":"https:\/\/www.customeeple.com\/es\/wp-json\/wp\/v2\/product\/68333","targetHints":{"allow":["GET"]}}],"collection":[{"href":"https:\/\/www.customeeple.com\/es\/wp-json\/wp\/v2\/product"}],"about":[{"href":"https:\/\/www.customeeple.com\/es\/wp-json\/wp\/v2\/types\/product"}],"wp:featuredmedia":[{"embeddable":true,"href":"https:\/\/www.customeeple.com\/es\/wp-json\/wp\/v2\/media\/68343"}],"wp:attachment":[{"href":"https:\/\/www.customeeple.com\/es\/wp-json\/wp\/v2\/media?parent=68333"}],"wp:term":[{"taxonomy":"product_brand","embeddable":true,"href":"https:\/\/www.customeeple.com\/es\/wp-json\/wp\/v2\/product_brand?post=68333"},{"taxonomy":"product_cat","embeddable":true,"href":"https:\/\/www.customeeple.com\/es\/wp-json\/wp\/v2\/product_cat?post=68333"},{"taxonomy":"product_tag","embeddable":true,"href":"https:\/\/www.customeeple.com\/es\/wp-json\/wp\/v2\/product_tag?post=68333"}],"curies":[{"name":"wp","href":"https:\/\/api.w.org\/{rel}","templated":true}]}}