{"id":68258,"date":"2023-05-12T19:40:46","date_gmt":"2023-05-12T18:40:46","guid":{"rendered":"https:\/\/www.customeeple.com\/product\/el-dorado-2-edicion-spa\/"},"modified":"2023-05-12T19:40:46","modified_gmt":"2023-05-12T18:40:46","slug":"el-dorado-2-edicion-spa","status":"publish","type":"product","link":"https:\/\/www.customeeple.com\/es\/producto\/el-dorado-2-edicion-spa\/","title":{"rendered":"El Dorado (2\u00aa Edici\u00f3n) (SPA)"},"content":{"rendered":"<p>\u00bfEst\u00e1s listo para vivir una emocionante aventura en busca de la ciudad perdida del oro? Tendr\u00e1s que formar un grupo de valientes aventureros y guiarlos en una expedici\u00f3n a trav\u00e9s de la jungla de Sudam\u00e9rica. Tendr\u00e1s que planificar bien la ruta, contratar a los profesionales adecuados y conseguir el equipamiento necesario. \u00a1Para llegar hasta El Dorado y ganar tendr\u00e1s que tomar la mejor ruta! Un jego de estrategia increible para una diversi\u00f3n sin fin, gracias al tablero de juego variable: m\u00e1s de 100.000 configuraciones distintas.<\/p>\n<p>Edici\u00f3n en Espa\u00f1ol e Italiano.<\/p>\n<p><a class=\"btn btn-default\" href=\"https:\/\/boardgamegeek.com\/boardgame\/217372\/quest-el-dorado\" target=\"_blank\" rel=\"noreferrer noopener\">ENLACE A LA BGG<\/a><\/p>\n","protected":false},"excerpt":{"rendered":"<p>\u00bfEst\u00e1s listo para vivir una emocionante aventura en busca de la ciudad perdida del oro? Tendr\u00e1s que formar un grupo de valientes aventureros y guiarlos en una expedici\u00f3n a trav\u00e9s de la jungla de Sudam\u00e9rica. Tendr\u00e1s que planificar bien la ruta, contratar a los profesionales adecuados y conseguir el equipamiento necesario. \u00a1Para llegar hasta El [&hellip;]<\/p>\n","protected":false},"featured_media":68257,"template":"","meta":{"_acf_changed":false},"product_brand":[],"product_cat":[1561,1653,1180],"product_tag":[],"class_list":{"0":"post-68258","1":"product","2":"type-product","3":"status-publish","4":"has-post-thumbnail","6":"product_cat-familiar-es","7":"product_cat-boardgames","8":"product_cat-retail-products-es","10":"first","11":"instock","12":"sale","13":"taxable","14":"shipping-taxable","15":"purchasable","16":"product-type-simple"},"exclude_global_add_ons":[],"addons":[],"acf":[],"_links":{"self":[{"href":"https:\/\/www.customeeple.com\/es\/wp-json\/wp\/v2\/product\/68258","targetHints":{"allow":["GET"]}}],"collection":[{"href":"https:\/\/www.customeeple.com\/es\/wp-json\/wp\/v2\/product"}],"about":[{"href":"https:\/\/www.customeeple.com\/es\/wp-json\/wp\/v2\/types\/product"}],"wp:featuredmedia":[{"embeddable":true,"href":"https:\/\/www.customeeple.com\/es\/wp-json\/wp\/v2\/media\/68257"}],"wp:attachment":[{"href":"https:\/\/www.customeeple.com\/es\/wp-json\/wp\/v2\/media?parent=68258"}],"wp:term":[{"taxonomy":"product_brand","embeddable":true,"href":"https:\/\/www.customeeple.com\/es\/wp-json\/wp\/v2\/product_brand?post=68258"},{"taxonomy":"product_cat","embeddable":true,"href":"https:\/\/www.customeeple.com\/es\/wp-json\/wp\/v2\/product_cat?post=68258"},{"taxonomy":"product_tag","embeddable":true,"href":"https:\/\/www.customeeple.com\/es\/wp-json\/wp\/v2\/product_tag?post=68258"}],"curies":[{"name":"wp","href":"https:\/\/api.w.org\/{rel}","templated":true}]}}