{"id":68230,"date":"2023-05-04T11:43:03","date_gmt":"2023-05-04T10:43:03","guid":{"rendered":"https:\/\/www.customeeple.com\/product\/harlequin-death-jester\/"},"modified":"2026-03-26T11:55:08","modified_gmt":"2026-03-26T10:55:08","slug":"harlequin-death-jester","status":"publish","type":"product","link":"https:\/\/www.customeeple.com\/es\/producto\/harlequin-death-jester\/","title":{"rendered":"Harlequin Death Jester"},"content":{"rendered":"<p>El coraz\u00f3n de un Death Jester, inmerso completamente en su papel de la Muerte, no conoce la piedad. Su enorme ca\u00f1\u00f3n shuriken siega las vidas de sus enemigos por medio de munici\u00f3n impregnada de biotoxinas que alteran el metabolismo de la v\u00edctima hasta hacerla explotar.<\/p>\n<p>Este kit de 10 piezas de pl\u00e1stico permite montar un Harlequin Death Jester armado con un ca\u00f1\u00f3n aullador e incluye 2 m\u00e1scaras opcionales. La miniatura se suministra con una peana redonda de 25 mm.<\/p>\n","protected":false},"excerpt":{"rendered":"<p>El coraz\u00f3n de un Death Jester, inmerso completamente en su papel de la Muerte, no conoce la piedad. Su enorme ca\u00f1\u00f3n shuriken siega las vidas de sus enemigos por medio de munici\u00f3n impregnada de biotoxinas que alteran el metabolismo de la v\u00edctima hasta hacerla explotar. Este kit de 10 piezas de pl\u00e1stico permite montar un [&hellip;]<\/p>\n","protected":false},"featured_media":68217,"template":"","meta":{"_acf_changed":false},"product_brand":[],"product_cat":[1177,1180,1623,1229],"product_tag":[],"class_list":{"0":"post-68230","1":"product","2":"type-product","3":"status-publish","4":"has-post-thumbnail","6":"product_cat-games-workshop-es","7":"product_cat-retail-products-es","8":"product_cat-wargames-es-2","9":"product_cat-warhammer-40k-es","11":"first","12":"onbackorder","13":"sale","14":"taxable","15":"shipping-taxable","16":"purchasable","17":"product-type-simple"},"exclude_global_add_ons":[],"addons":[],"acf":[],"_links":{"self":[{"href":"https:\/\/www.customeeple.com\/es\/wp-json\/wp\/v2\/product\/68230","targetHints":{"allow":["GET"]}}],"collection":[{"href":"https:\/\/www.customeeple.com\/es\/wp-json\/wp\/v2\/product"}],"about":[{"href":"https:\/\/www.customeeple.com\/es\/wp-json\/wp\/v2\/types\/product"}],"wp:featuredmedia":[{"embeddable":true,"href":"https:\/\/www.customeeple.com\/es\/wp-json\/wp\/v2\/media\/68217"}],"wp:attachment":[{"href":"https:\/\/www.customeeple.com\/es\/wp-json\/wp\/v2\/media?parent=68230"}],"wp:term":[{"taxonomy":"product_brand","embeddable":true,"href":"https:\/\/www.customeeple.com\/es\/wp-json\/wp\/v2\/product_brand?post=68230"},{"taxonomy":"product_cat","embeddable":true,"href":"https:\/\/www.customeeple.com\/es\/wp-json\/wp\/v2\/product_cat?post=68230"},{"taxonomy":"product_tag","embeddable":true,"href":"https:\/\/www.customeeple.com\/es\/wp-json\/wp\/v2\/product_tag?post=68230"}],"curies":[{"name":"wp","href":"https:\/\/api.w.org\/{rel}","templated":true}]}}