{"id":68206,"date":"2023-04-22T19:37:06","date_gmt":"2023-04-22T18:37:06","guid":{"rendered":"https:\/\/www.customeeple.com\/product\/tranvias-spa\/"},"modified":"2023-04-22T19:37:06","modified_gmt":"2023-04-22T18:37:06","slug":"tranvias-spa","status":"publish","type":"product","link":"https:\/\/www.customeeple.com\/es\/producto\/tranvias-spa\/","title":{"rendered":"Tranv\u00edas (SPA)"},"content":{"rendered":"<p>Es la d\u00e9cada de los 20&#8230; Small City fundada hace pocos a\u00f1os atr\u00e1s es todav\u00eda una ciudad incipiente. No obstante el centro de la ciudad es pr\u00f3spero y la extra\u00f1a CliniC tambi\u00e9n est\u00e1 en auge. Sin embargo, los ciudadanos anhelan una nueva red de transporte para ir a donde necesiten y a una alta velocidad. \u00bfQu\u00e9 podr\u00eda ser m\u00e1s moderno que un tranv\u00eda?<\/p>\n<p>En Tranv\u00edas, tomas el rol de un inversor que trata de implementar su particular visi\u00f3n del nuevo mapa de tr\u00e1nsito que necesita la ciudad. Construye y desarrolla tu red para que la gente llegue antes a todos lados, pero haz tu mejor esfuerzo para sopesar los negocios con el placer, pues mientras los ciudadanos descansen lo suficiente, el estr\u00e9s no te agobiar\u00e1.<\/p>\n<p>1-5 jugadores \/ 100 min \/ 12+ a\u00f1os<\/p>\n<p>Autor: Alban Viard<\/p>\n<p>Ilustrador: Paul Laane y Sampo Siki\u00f6<\/p>\n<p>Traducci\u00f3n: Fernando Mu\u00f1oz<\/p>\n<p>Desarrollo Original: AV Studio Game<\/p>\n<p><a class=\"btn btn-default\" href=\"https:\/\/boardgamegeek.com\/boardgame\/166571\/tramways\" target=\"_blank\" rel=\"noreferrer noopener\">Enlace a la BGG<\/a><\/p>\n","protected":false},"excerpt":{"rendered":"<p>Es la d\u00e9cada de los 20&#8230; Small City fundada hace pocos a\u00f1os atr\u00e1s es todav\u00eda una ciudad incipiente. No obstante el centro de la ciudad es pr\u00f3spero y la extra\u00f1a CliniC tambi\u00e9n est\u00e1 en auge. Sin embargo, los ciudadanos anhelan una nueva red de transporte para ir a donde necesiten y a una alta velocidad. [&hellip;]<\/p>\n","protected":false},"featured_media":68200,"template":"","meta":{"_acf_changed":false},"product_brand":[],"product_cat":[1653,1180],"product_tag":[],"class_list":{"0":"post-68206","1":"product","2":"type-product","3":"status-publish","4":"has-post-thumbnail","6":"product_cat-boardgames","7":"product_cat-retail-products-es","9":"first","10":"instock","11":"sale","12":"taxable","13":"shipping-taxable","14":"purchasable","15":"product-type-simple"},"exclude_global_add_ons":[],"addons":[],"acf":[],"_links":{"self":[{"href":"https:\/\/www.customeeple.com\/es\/wp-json\/wp\/v2\/product\/68206","targetHints":{"allow":["GET"]}}],"collection":[{"href":"https:\/\/www.customeeple.com\/es\/wp-json\/wp\/v2\/product"}],"about":[{"href":"https:\/\/www.customeeple.com\/es\/wp-json\/wp\/v2\/types\/product"}],"wp:featuredmedia":[{"embeddable":true,"href":"https:\/\/www.customeeple.com\/es\/wp-json\/wp\/v2\/media\/68200"}],"wp:attachment":[{"href":"https:\/\/www.customeeple.com\/es\/wp-json\/wp\/v2\/media?parent=68206"}],"wp:term":[{"taxonomy":"product_brand","embeddable":true,"href":"https:\/\/www.customeeple.com\/es\/wp-json\/wp\/v2\/product_brand?post=68206"},{"taxonomy":"product_cat","embeddable":true,"href":"https:\/\/www.customeeple.com\/es\/wp-json\/wp\/v2\/product_cat?post=68206"},{"taxonomy":"product_tag","embeddable":true,"href":"https:\/\/www.customeeple.com\/es\/wp-json\/wp\/v2\/product_tag?post=68206"}],"curies":[{"name":"wp","href":"https:\/\/api.w.org\/{rel}","templated":true}]}}