{"id":68205,"date":"2023-04-22T19:36:57","date_gmt":"2023-04-22T18:36:57","guid":{"rendered":"https:\/\/www.customeeple.com\/product\/amun-re-el-juego-de-cartas-spa\/"},"modified":"2023-04-22T19:36:57","modified_gmt":"2023-04-22T18:36:57","slug":"amun-re-el-juego-de-cartas-spa","status":"publish","type":"product","link":"https:\/\/www.customeeple.com\/es\/producto\/amun-re-el-juego-de-cartas-spa\/","title":{"rendered":"Amun-Re: El juego de cartas (SPA)"},"content":{"rendered":"<p>Este\u00a0juego\u00a0ambientado en el antiguo Egipto versiona el juego de mesa\u00a0Amun-Re, manteniendo la subasta como elemento principal del dise\u00f1o. Para ganar, deber\u00e1s dominar las Provincias m\u00e1s pr\u00f3speras, hacer las ofrendas m\u00e1s generosas a Amun-Re, y construir tantas pir\u00e1mides como puedas.<\/p>\n<p>Las acciones\u00a0que\u00a0los jugadores podr\u00e1s realizar ir\u00e1n dictadas por los resultados de las subastas.\u00a0El juego dura 3 rondas, con 3 subastas y una puntuaci\u00f3n en cada ronda. Cada jugador empieza la partida con cartas de Oro con valores de 0-8, y deber\u00e1n elegir sus cartas sabiamente para poder apostar por las mejores Provincias y construir Pir\u00e1mides en ellas. El n\u00famero de anjs, campos de cultivo y conjuntos de pir\u00e1mides otorgar\u00e1n puntos de victoria a los jugadores. El que m\u00e1s puntos haya obtenido al final de la tercera ronda ser\u00e1 el vencedor.<\/p>\n","protected":false},"excerpt":{"rendered":"<p>Este\u00a0juego\u00a0ambientado en el antiguo Egipto versiona el juego de mesa\u00a0Amun-Re, manteniendo la subasta como elemento principal del dise\u00f1o. Para ganar, deber\u00e1s dominar las Provincias m\u00e1s pr\u00f3speras, hacer las ofrendas m\u00e1s generosas a Amun-Re, y construir tantas pir\u00e1mides como puedas. Las acciones\u00a0que\u00a0los jugadores podr\u00e1s realizar ir\u00e1n dictadas por los resultados de las subastas.\u00a0El juego dura 3 [&hellip;]<\/p>\n","protected":false},"featured_media":68204,"template":"","meta":{"_acf_changed":false},"product_brand":[],"product_cat":[1557,1653,1180],"product_tag":[],"class_list":{"0":"post-68205","1":"product","2":"type-product","3":"status-publish","4":"has-post-thumbnail","6":"product_cat-card-game-es","7":"product_cat-boardgames","8":"product_cat-retail-products-es","10":"first","11":"onbackorder","12":"sale","13":"taxable","14":"shipping-taxable","15":"purchasable","16":"product-type-simple"},"exclude_global_add_ons":[],"addons":[],"acf":[],"_links":{"self":[{"href":"https:\/\/www.customeeple.com\/es\/wp-json\/wp\/v2\/product\/68205","targetHints":{"allow":["GET"]}}],"collection":[{"href":"https:\/\/www.customeeple.com\/es\/wp-json\/wp\/v2\/product"}],"about":[{"href":"https:\/\/www.customeeple.com\/es\/wp-json\/wp\/v2\/types\/product"}],"wp:featuredmedia":[{"embeddable":true,"href":"https:\/\/www.customeeple.com\/es\/wp-json\/wp\/v2\/media\/68204"}],"wp:attachment":[{"href":"https:\/\/www.customeeple.com\/es\/wp-json\/wp\/v2\/media?parent=68205"}],"wp:term":[{"taxonomy":"product_brand","embeddable":true,"href":"https:\/\/www.customeeple.com\/es\/wp-json\/wp\/v2\/product_brand?post=68205"},{"taxonomy":"product_cat","embeddable":true,"href":"https:\/\/www.customeeple.com\/es\/wp-json\/wp\/v2\/product_cat?post=68205"},{"taxonomy":"product_tag","embeddable":true,"href":"https:\/\/www.customeeple.com\/es\/wp-json\/wp\/v2\/product_tag?post=68205"}],"curies":[{"name":"wp","href":"https:\/\/api.w.org\/{rel}","templated":true}]}}