{"id":68198,"date":"2023-04-26T19:34:13","date_gmt":"2023-04-26T18:34:13","guid":{"rendered":"https:\/\/www.customeeple.com\/product\/lord-invocatus\/"},"modified":"2023-04-26T19:34:13","modified_gmt":"2023-04-26T18:34:13","slug":"lord-invocatus","status":"publish","type":"product","link":"https:\/\/www.customeeple.com\/es\/producto\/lord-invocatus\/","title":{"rendered":"Lord Invocatus"},"content":{"rendered":"<p>Lord Invocatus es un maestro de las incursiones r\u00e1pidas, los ataques devastadores y las estrategias implacables de ataque y huida. Tambi\u00e9n conocido como El Rel\u00e1mpago de Khorne, este incursor nato cruza los cielos como si se moviera por suelo s\u00f3lido, montado en su gigantesco Juggernaut, Khal\u2019guruth. Devoto del Dios de la Sangre por encima de todo lo dem\u00e1s, el Lord Invocatus lidera a sus partidas de guerra de un campo de batalla al siguiente con una velocidad sobrenatural, siempre buscando derramar tanta sangre como pueda.<\/p>\n<p>Este kit de pl\u00e1stico multicomponente te permite montar a Lord Invocatus, un legendario se\u00f1or de la guerra de la Legi\u00f3n de los Devoradores de Mundos. Esta misteriosa figura se mueve a lomos de su poderoso Juggernaut Khal&#8217;guruth, Montura del Cielo ardiente, y blande un par de armas caracter\u00edsticas: una pistola b\u00f3lter llamada Perdici\u00f3n del embaucador enfundada en su pecho, y una hacha sierra llamada Azote del cobarde. Su ornamentada armadura muestra toda la simbolog\u00eda del infernal favor de Khorne, desde los sellos del Caos hasta su daem\u00f3nico yelmo biomec\u00e1nico.<\/p>\n<p>Como alternativa, este kit permite montar a un Se\u00f1or de los Devoradores de Mundos en Juggernaut.<\/p>\n<p>Este kit consta de 66 componentes de pl\u00e1stico, e incluye una peana redonda Citadel de 90x52mm. Esta miniatura se suministra sin pintar y requiere montaje. Recomendamos usar pegamento para pl\u00e1stico Citadel y pinturas Citadel Colour.<\/p>\n","protected":false},"excerpt":{"rendered":"<p>Lord Invocatus es un maestro de las incursiones r\u00e1pidas, los ataques devastadores y las estrategias implacables de ataque y huida. Tambi\u00e9n conocido como El Rel\u00e1mpago de Khorne, este incursor nato cruza los cielos como si se moviera por suelo s\u00f3lido, montado en su gigantesco Juggernaut, Khal\u2019guruth. Devoto del Dios de la Sangre por encima de [&hellip;]<\/p>\n","protected":false},"featured_media":68195,"template":"","meta":{"_acf_changed":false},"product_brand":[],"product_cat":[1177,1180,1623,1229],"product_tag":[],"class_list":{"0":"post-68198","1":"product","2":"type-product","3":"status-publish","4":"has-post-thumbnail","6":"product_cat-games-workshop-es","7":"product_cat-retail-products-es","8":"product_cat-wargames-es-2","9":"product_cat-warhammer-40k-es","11":"first","12":"onbackorder","13":"sale","14":"taxable","15":"shipping-taxable","16":"purchasable","17":"product-type-simple"},"exclude_global_add_ons":[],"addons":[],"acf":[],"_links":{"self":[{"href":"https:\/\/www.customeeple.com\/es\/wp-json\/wp\/v2\/product\/68198","targetHints":{"allow":["GET"]}}],"collection":[{"href":"https:\/\/www.customeeple.com\/es\/wp-json\/wp\/v2\/product"}],"about":[{"href":"https:\/\/www.customeeple.com\/es\/wp-json\/wp\/v2\/types\/product"}],"wp:featuredmedia":[{"embeddable":true,"href":"https:\/\/www.customeeple.com\/es\/wp-json\/wp\/v2\/media\/68195"}],"wp:attachment":[{"href":"https:\/\/www.customeeple.com\/es\/wp-json\/wp\/v2\/media?parent=68198"}],"wp:term":[{"taxonomy":"product_brand","embeddable":true,"href":"https:\/\/www.customeeple.com\/es\/wp-json\/wp\/v2\/product_brand?post=68198"},{"taxonomy":"product_cat","embeddable":true,"href":"https:\/\/www.customeeple.com\/es\/wp-json\/wp\/v2\/product_cat?post=68198"},{"taxonomy":"product_tag","embeddable":true,"href":"https:\/\/www.customeeple.com\/es\/wp-json\/wp\/v2\/product_tag?post=68198"}],"curies":[{"name":"wp","href":"https:\/\/api.w.org\/{rel}","templated":true}]}}