{"id":68193,"date":"2023-04-22T19:36:19","date_gmt":"2023-04-22T18:36:19","guid":{"rendered":"https:\/\/www.customeeple.com\/product\/dobble-connect\/"},"modified":"2023-04-22T19:36:19","modified_gmt":"2023-04-22T18:36:19","slug":"dobble-connect","status":"publish","type":"product","link":"https:\/\/www.customeeple.com\/es\/producto\/dobble-connect\/","title":{"rendered":"Dobble Connect (SPA)"},"content":{"rendered":"<div class=\"column\">\n<div class=\"tab-control components-tab ui-tabs ui-corner-all ui-widget ui-widget-content\">\n<div id=\"description\" class=\"ui-tabs-panel ui-corner-bottom ui-widget-content\" role=\"tabpanel\" aria-labelledby=\"ui-id-2\" aria-hidden=\"false\">\n<div class=\"description fr-view\">Dobble Connect contiene 90 cartas con 10 s\u00edmbolos en cada una y m\u00e1s de 91 s\u00edmbolos en total. Solamente hay 1 s\u00edmbolo id\u00e9ntico entre cada 2 cartas. \u00a1A buscar!<br \/>\n\u00a1Juega por equipos o individualmente y forma una fila de 4 cartas de tu color antes que los dem\u00e1s!<\/div>\n<\/div>\n<\/div>\n<\/div>\n","protected":false},"excerpt":{"rendered":"<p>Dobble Connect contiene 90 cartas con 10 s\u00edmbolos en cada una y m\u00e1s de 91 s\u00edmbolos en total. Solamente hay 1 s\u00edmbolo id\u00e9ntico entre cada 2 cartas. \u00a1A buscar! \u00a1Juega por equipos o individualmente y forma una fila de 4 cartas de tu color antes que los dem\u00e1s!<\/p>\n","protected":false},"featured_media":68186,"template":"","meta":{"_acf_changed":false},"product_brand":[],"product_cat":[2343,1561,1653,1180],"product_tag":[],"class_list":{"0":"post-68193","1":"product","2":"type-product","3":"status-publish","4":"has-post-thumbnail","6":"product_cat-asmodee-es","7":"product_cat-familiar-es","8":"product_cat-boardgames","9":"product_cat-retail-products-es","11":"first","12":"onbackorder","13":"taxable","14":"shipping-taxable","15":"purchasable","16":"product-type-simple"},"exclude_global_add_ons":[],"addons":[],"acf":[],"_links":{"self":[{"href":"https:\/\/www.customeeple.com\/es\/wp-json\/wp\/v2\/product\/68193","targetHints":{"allow":["GET"]}}],"collection":[{"href":"https:\/\/www.customeeple.com\/es\/wp-json\/wp\/v2\/product"}],"about":[{"href":"https:\/\/www.customeeple.com\/es\/wp-json\/wp\/v2\/types\/product"}],"wp:featuredmedia":[{"embeddable":true,"href":"https:\/\/www.customeeple.com\/es\/wp-json\/wp\/v2\/media\/68186"}],"wp:attachment":[{"href":"https:\/\/www.customeeple.com\/es\/wp-json\/wp\/v2\/media?parent=68193"}],"wp:term":[{"taxonomy":"product_brand","embeddable":true,"href":"https:\/\/www.customeeple.com\/es\/wp-json\/wp\/v2\/product_brand?post=68193"},{"taxonomy":"product_cat","embeddable":true,"href":"https:\/\/www.customeeple.com\/es\/wp-json\/wp\/v2\/product_cat?post=68193"},{"taxonomy":"product_tag","embeddable":true,"href":"https:\/\/www.customeeple.com\/es\/wp-json\/wp\/v2\/product_tag?post=68193"}],"curies":[{"name":"wp","href":"https:\/\/api.w.org\/{rel}","templated":true}]}}