{"id":68177,"date":"2023-04-14T19:38:54","date_gmt":"2023-04-14T18:38:54","guid":{"rendered":"https:\/\/www.customeeple.com\/product\/lord-kaldor-draigo\/"},"modified":"2024-07-12T00:00:02","modified_gmt":"2024-07-11T23:00:02","slug":"lord-kaldor-draigo","status":"publish","type":"product","link":"https:\/\/www.customeeple.com\/es\/producto\/lord-kaldor-draigo\/","title":{"rendered":"Lord Kaldor Draigo"},"content":{"rendered":"<p>Kaldor Draigo es el Supremo Gran Maestre de los Caballeros Grises y un guerrero sin parang\u00f3n.<\/p>\n<p>Esta miniatura finamente detallada de Lord Kaldor Draigo est\u00e1 adornada con iconograf\u00eda y otros elementos. Su armadura est\u00e1 cubierta de insignias, letras en relieve, sellos de pureza y calaveras, igual que su impresionante escudo de tormenta. Kaldor va ataviado con una capa larga que parece flotar a su alrededor, un amuleto colgado en su cintura y lleva un tomo grande encadenado a su cintura. Sobre su cabeza lleva un estandarte adornado con s\u00edmbolos inquisitoriales, mientras hace un gesto hacia delante con su espada Tit\u00e1n. Es un complemento resplandeciente a cualquier colecci\u00f3n de Warhammer 40.000.<\/p>\n<p>Este estuche contiene 4 componentes de resina de gran detalle y una peana redonda de 40 mm, con los que montar a Lord Kaldor Draigo.<\/p>\n<p>Las miniaturas vienen sin pintar y requieren montaje; aconsejamos el uso del Super Glue Citadel y las Pinturas Citadel.<\/p>\n","protected":false},"excerpt":{"rendered":"<p>Kaldor Draigo es el Supremo Gran Maestre de los Caballeros Grises y un guerrero sin parang\u00f3n. Esta miniatura finamente detallada de Lord Kaldor Draigo est\u00e1 adornada con iconograf\u00eda y otros elementos. Su armadura est\u00e1 cubierta de insignias, letras en relieve, sellos de pureza y calaveras, igual que su impresionante escudo de tormenta. Kaldor va ataviado [&hellip;]<\/p>\n","protected":false},"featured_media":68169,"template":"","meta":{"_acf_changed":false},"product_brand":[],"product_cat":[1177,1180,1623,1229],"product_tag":[],"class_list":{"0":"post-68177","1":"product","2":"type-product","3":"status-publish","4":"has-post-thumbnail","6":"product_cat-games-workshop-es","7":"product_cat-retail-products-es","8":"product_cat-wargames-es-2","9":"product_cat-warhammer-40k-es","11":"first","12":"onbackorder","13":"sale","14":"taxable","15":"shipping-taxable","16":"purchasable","17":"product-type-simple"},"exclude_global_add_ons":[],"addons":[],"acf":[],"_links":{"self":[{"href":"https:\/\/www.customeeple.com\/es\/wp-json\/wp\/v2\/product\/68177","targetHints":{"allow":["GET"]}}],"collection":[{"href":"https:\/\/www.customeeple.com\/es\/wp-json\/wp\/v2\/product"}],"about":[{"href":"https:\/\/www.customeeple.com\/es\/wp-json\/wp\/v2\/types\/product"}],"wp:featuredmedia":[{"embeddable":true,"href":"https:\/\/www.customeeple.com\/es\/wp-json\/wp\/v2\/media\/68169"}],"wp:attachment":[{"href":"https:\/\/www.customeeple.com\/es\/wp-json\/wp\/v2\/media?parent=68177"}],"wp:term":[{"taxonomy":"product_brand","embeddable":true,"href":"https:\/\/www.customeeple.com\/es\/wp-json\/wp\/v2\/product_brand?post=68177"},{"taxonomy":"product_cat","embeddable":true,"href":"https:\/\/www.customeeple.com\/es\/wp-json\/wp\/v2\/product_cat?post=68177"},{"taxonomy":"product_tag","embeddable":true,"href":"https:\/\/www.customeeple.com\/es\/wp-json\/wp\/v2\/product_tag?post=68177"}],"curies":[{"name":"wp","href":"https:\/\/api.w.org\/{rel}","templated":true}]}}