{"id":68176,"date":"2023-04-13T19:38:54","date_gmt":"2023-04-13T18:38:54","guid":{"rendered":"https:\/\/www.customeeple.com\/product\/soulblight-gravelords-ivya-volga-the-outcast\/"},"modified":"2026-03-26T11:55:07","modified_gmt":"2026-03-26T10:55:07","slug":"soulblight-gravelords-ivya-volga-the-outcast","status":"publish","type":"product","link":"https:\/\/www.customeeple.com\/es\/producto\/soulblight-gravelords-ivya-volga-the-outcast\/","title":{"rendered":"Soulblight Gravelords: Ivya Volga, la Descastada"},"content":{"rendered":"<p>Ivya Volga es una vampira solitaria de la dinast\u00eda Vyrkos, que rechaza la compa\u00f1\u00eda de sus parientes vamp\u00edricos en favor de su leal enjambre de murci\u00e9lagos familiares. Recorre los reinos, probando su fuerza contra las criaturas m\u00e1s feroces que encuentra y d\u00e1ndose un fest\u00edn con su sangre m\u00e1gica.<\/p>\n<p>Con este kit de pl\u00e1stico multicomponente puedes montar a Ivya Volga, la Descastada, una poderosa cazadora de monstruos de los Necrose\u00f1ores Pudrealmas. Esta cazadora medio loba est\u00e1 rodeada por una nube de de fieles murci\u00e9lagos plagados de colmillos y empu\u00f1a su hacha para prepararse para la caza. En su rostro, bajo su sombrero de piel, destaca un gesto en el que deja escapar un gru\u00f1ido entre sus colmillos, y su pelo y su falda se ven azotados por una brisa antinatural.<\/p>\n<p>Este kit consta de 8 piezas de pl\u00e1stico y una peana Citadel redonda de 32 mm. Esta miniatura se suministra sin pintar y requiere montaje. Recomendamos usar pegamento para pl\u00e1stico Citadel y pinturas Citadel.<\/p>\n","protected":false},"excerpt":{"rendered":"<p>Ivya Volga es una vampira solitaria de la dinast\u00eda Vyrkos, que rechaza la compa\u00f1\u00eda de sus parientes vamp\u00edricos en favor de su leal enjambre de murci\u00e9lagos familiares. Recorre los reinos, probando su fuerza contra las criaturas m\u00e1s feroces que encuentra y d\u00e1ndose un fest\u00edn con su sangre m\u00e1gica. Con este kit de pl\u00e1stico multicomponente puedes [&hellip;]<\/p>\n","protected":false},"featured_media":68171,"template":"","meta":{"_acf_changed":false},"product_brand":[],"product_cat":[1177,1180,1623,1654],"product_tag":[],"class_list":{"0":"post-68176","1":"product","2":"type-product","3":"status-publish","4":"has-post-thumbnail","6":"product_cat-games-workshop-es","7":"product_cat-retail-products-es","8":"product_cat-wargames-es-2","9":"product_cat-warhammer-age-of-sigmar-es-2","11":"first","12":"onbackorder","13":"sale","14":"taxable","15":"shipping-taxable","16":"purchasable","17":"product-type-simple"},"exclude_global_add_ons":[],"addons":[],"acf":[],"_links":{"self":[{"href":"https:\/\/www.customeeple.com\/es\/wp-json\/wp\/v2\/product\/68176","targetHints":{"allow":["GET"]}}],"collection":[{"href":"https:\/\/www.customeeple.com\/es\/wp-json\/wp\/v2\/product"}],"about":[{"href":"https:\/\/www.customeeple.com\/es\/wp-json\/wp\/v2\/types\/product"}],"wp:featuredmedia":[{"embeddable":true,"href":"https:\/\/www.customeeple.com\/es\/wp-json\/wp\/v2\/media\/68171"}],"wp:attachment":[{"href":"https:\/\/www.customeeple.com\/es\/wp-json\/wp\/v2\/media?parent=68176"}],"wp:term":[{"taxonomy":"product_brand","embeddable":true,"href":"https:\/\/www.customeeple.com\/es\/wp-json\/wp\/v2\/product_brand?post=68176"},{"taxonomy":"product_cat","embeddable":true,"href":"https:\/\/www.customeeple.com\/es\/wp-json\/wp\/v2\/product_cat?post=68176"},{"taxonomy":"product_tag","embeddable":true,"href":"https:\/\/www.customeeple.com\/es\/wp-json\/wp\/v2\/product_tag?post=68176"}],"curies":[{"name":"wp","href":"https:\/\/api.w.org\/{rel}","templated":true}]}}