{"id":68098,"date":"2023-05-05T12:59:17","date_gmt":"2023-05-05T11:59:17","guid":{"rendered":"https:\/\/www.customeeple.com\/?post_type=product&#038;p=68098"},"modified":"2024-11-21T10:39:37","modified_gmt":"2024-11-21T09:39:37","slug":"frostpunk-poster","status":"publish","type":"product","link":"https:\/\/www.customeeple.com\/es\/producto\/frostpunk-poster\/","title":{"rendered":"Frostpunk poster"},"content":{"rendered":"<div class=\"add-top p_collection\">\n<p>\u00a1Te presento nuestro p\u00f3ster personalizado tem\u00e1tico de Frostpunk! Est\u00e1 dise\u00f1ado con mucho cuidado para cumplir todas tus expectativas. Nos preocupamos por cada detalle para ofrecerte un producto que valorar\u00e1s durante mucho tiempo.<\/p>\n<p>El p\u00f3ster est\u00e1 impreso en papel de alta calidad de 200 gsm\/80 lb, lo que significa que no solo es impresionante visualmente, sino que tambi\u00e9n es resistente y duradero. Puedes estar seguro de que la obra de arte de Frostpunk en el p\u00f3ster se mantendr\u00e1 intacta a lo largo de los a\u00f1os.<\/p>\n<p>Nos tomamos en serio la sostenibilidad, por eso utilizamos papel certificado por FSC o con certificaciones equivalentes, dependiendo de la disponibilidad regional. Al elegir nuestro p\u00f3ster de Frostpunk, no solo estar\u00e1s agregando una pieza \u00fanica a tu colecci\u00f3n, sino que tambi\u00e9n estar\u00e1s apoyando pr\u00e1cticas forestales responsables que benefician tanto a las personas como al planeta.<\/p>\n<p>Para garantizar que tu p\u00f3ster de Frostpunk llegue en perfectas condiciones, lo empacamos con mucho cuidado en un embalaje resistente. De esta manera, puedes tener la tranquilidad de que tu obra de arte estar\u00e1 protegida durante el env\u00edo y te llegar\u00e1 sana y salva.<\/p>\n<p>Es importante tener en cuenta que los tama\u00f1os del papel pueden variar ligeramente seg\u00fan la regi\u00f3n. Para los clientes de Estados Unidos y Canad\u00e1, las medidas se proporcionan en pulgadas, mientras que para el resto del mundo, se proporcionan en cent\u00edmetros. Nos esforzamos por adaptarnos a los est\u00e1ndares de cada regi\u00f3n para brindar la mejor experiencia a nuestros clientes en todo el mundo.<\/p>\n<p>Adem\u00e1s, cada p\u00f3ster de Frostpunk se imprime y env\u00eda bajo demanda, sin necesidad de hacer pedidos m\u00ednimos. Esto significa que puedes pedir exactamente lo que necesitas. Este enfoque personalizado garantiza que tu p\u00f3ster se cree especialmente para ti, brind\u00e1ndote una experiencia \u00fanica y a medida.<\/p>\n<p>As\u00ed que an\u00edmate y decora tu espacio con el fascinante mundo de Frostpunk ordenando tu p\u00f3ster personalizado hoy mismo. Experimenta la calidad incomparable, la sostenibilidad y la atenci\u00f3n al detalle que hacen que nuestro producto sea especial. \u00a1Gracias por elegirnos como tu fuente confiable de obras de arte tem\u00e1ticas de juegos excepcionales!<\/p>\n<p>Informaci\u00f3n adicional:<\/p>\n<\/div>\n<div class=\"moreinfo\">\n<p><strong>Material<\/strong>: Papel de alta calidad<\/p>\n<p><strong>Peso<\/strong>: 200 gsm\/80 lb<\/p>\n<p><strong>Tama\u00f1o<\/strong>: Los tama\u00f1os del papel pueden variar ligeramente seg\u00fan la regi\u00f3n. Para Estados Unidos y Canad\u00e1, las medidas se proporcionan en pulgadas, mientras que para el resto del mundo, se proporcionan en cent\u00edmetros.<\/p>\n<\/div>\n<div><\/div>\n<div class=\"infopreorder\"><\/div>\n","protected":false},"excerpt":{"rendered":"<p>Poster con dise\u00f1o exclusivo<\/p>\n","protected":false},"featured_media":68107,"template":"","meta":{"_acf_changed":false},"product_brand":[],"product_cat":[2136,2124,1370,1653,1372],"product_tag":[2306,2302,2308,2307,2305],"class_list":{"0":"post-68098","1":"product","2":"type-product","3":"status-publish","4":"has-post-thumbnail","6":"product_cat-art-es","7":"product_cat-cartel","8":"product_cat-customeeple-es","9":"product_cat-boardgames","10":"product_cat-sci-fi-es","11":"product_tag-cartel-es","12":"product_tag-frostpunk-es","13":"product_tag-gamer-es","14":"product_tag-gift-es","15":"product_tag-poster-es","17":"first","18":"instock","19":"taxable","20":"shipping-taxable","21":"purchasable","22":"product-type-variable"},"exclude_global_add_ons":[],"addons":[],"acf":[],"_links":{"self":[{"href":"https:\/\/www.customeeple.com\/es\/wp-json\/wp\/v2\/product\/68098","targetHints":{"allow":["GET"]}}],"collection":[{"href":"https:\/\/www.customeeple.com\/es\/wp-json\/wp\/v2\/product"}],"about":[{"href":"https:\/\/www.customeeple.com\/es\/wp-json\/wp\/v2\/types\/product"}],"wp:featuredmedia":[{"embeddable":true,"href":"https:\/\/www.customeeple.com\/es\/wp-json\/wp\/v2\/media\/68107"}],"wp:attachment":[{"href":"https:\/\/www.customeeple.com\/es\/wp-json\/wp\/v2\/media?parent=68098"}],"wp:term":[{"taxonomy":"product_brand","embeddable":true,"href":"https:\/\/www.customeeple.com\/es\/wp-json\/wp\/v2\/product_brand?post=68098"},{"taxonomy":"product_cat","embeddable":true,"href":"https:\/\/www.customeeple.com\/es\/wp-json\/wp\/v2\/product_cat?post=68098"},{"taxonomy":"product_tag","embeddable":true,"href":"https:\/\/www.customeeple.com\/es\/wp-json\/wp\/v2\/product_tag?post=68098"}],"curies":[{"name":"wp","href":"https:\/\/api.w.org\/{rel}","templated":true}]}}