{"id":68088,"date":"2023-04-13T19:35:27","date_gmt":"2023-04-13T18:35:27","guid":{"rendered":"https:\/\/www.customeeple.com\/product\/cortex-challenge-kids\/"},"modified":"2023-04-13T19:35:27","modified_gmt":"2023-04-13T18:35:27","slug":"cortex-challenge-kids","status":"publish","type":"product","link":"https:\/\/www.customeeple.com\/es\/producto\/cortex-challenge-kids\/","title":{"rendered":"Cortex Challenge Kids (SPA)"},"content":{"rendered":"<p>Cortex Kids pone a juego tu agilidad visual, tu coordinaci\u00f3n, tu memoria, capacidad de razonamiento &#8230; \u00a1incluso la sensibilidad de tu tacto! \u00a1Desaf\u00eda a tus amigos en un divertido juego que pone a prueba tus habilidades de pensamiento, memoria y velocidad! Compite con otros jugadores en 8 puzzles diferentes que te har\u00e1n exprimir al m\u00e1ximo tu mente: pruebas t\u00e1ctiles, observaci\u00f3n, laberintos, combinaciones, pruebas de color y mucho m\u00e1s.<\/p>\n","protected":false},"excerpt":{"rendered":"<p>Cortex Kids pone a juego tu agilidad visual, tu coordinaci\u00f3n, tu memoria, capacidad de razonamiento &#8230; \u00a1incluso la sensibilidad de tu tacto! \u00a1Desaf\u00eda a tus amigos en un divertido juego que pone a prueba tus habilidades de pensamiento, memoria y velocidad! Compite con otros jugadores en 8 puzzles diferentes que te har\u00e1n exprimir al m\u00e1ximo [&hellip;]<\/p>\n","protected":false},"featured_media":68069,"template":"","meta":{"_acf_changed":false},"product_brand":[],"product_cat":[1561,1564,1653,1180],"product_tag":[],"class_list":{"0":"post-68088","1":"product","2":"type-product","3":"status-publish","4":"has-post-thumbnail","6":"product_cat-familiar-es","7":"product_cat-childrens-es","8":"product_cat-boardgames","9":"product_cat-retail-products-es","11":"first","12":"onbackorder","13":"sale","14":"taxable","15":"shipping-taxable","16":"purchasable","17":"product-type-simple"},"exclude_global_add_ons":[],"addons":[],"acf":[],"_links":{"self":[{"href":"https:\/\/www.customeeple.com\/es\/wp-json\/wp\/v2\/product\/68088","targetHints":{"allow":["GET"]}}],"collection":[{"href":"https:\/\/www.customeeple.com\/es\/wp-json\/wp\/v2\/product"}],"about":[{"href":"https:\/\/www.customeeple.com\/es\/wp-json\/wp\/v2\/types\/product"}],"wp:featuredmedia":[{"embeddable":true,"href":"https:\/\/www.customeeple.com\/es\/wp-json\/wp\/v2\/media\/68069"}],"wp:attachment":[{"href":"https:\/\/www.customeeple.com\/es\/wp-json\/wp\/v2\/media?parent=68088"}],"wp:term":[{"taxonomy":"product_brand","embeddable":true,"href":"https:\/\/www.customeeple.com\/es\/wp-json\/wp\/v2\/product_brand?post=68088"},{"taxonomy":"product_cat","embeddable":true,"href":"https:\/\/www.customeeple.com\/es\/wp-json\/wp\/v2\/product_cat?post=68088"},{"taxonomy":"product_tag","embeddable":true,"href":"https:\/\/www.customeeple.com\/es\/wp-json\/wp\/v2\/product_tag?post=68088"}],"curies":[{"name":"wp","href":"https:\/\/api.w.org\/{rel}","templated":true}]}}