{"id":68083,"date":"2023-04-13T19:37:34","date_gmt":"2023-04-13T18:37:34","guid":{"rendered":"https:\/\/www.customeeple.com\/product\/three-sisters\/"},"modified":"2023-04-13T19:37:34","modified_gmt":"2023-04-13T18:37:34","slug":"three-sisters","status":"publish","type":"product","link":"https:\/\/www.customeeple.com\/es\/producto\/three-sisters\/","title":{"rendered":"Three sisters (SPA)"},"content":{"rendered":"<p><strong>\u00bfLograr\u00e1s tener el mejor campo de cultivo?<\/strong><\/p>\n<p>Three Sisters es un\u00a0<strong>Roll&amp;Write<\/strong>\u00a0de estrategia en el que cada persona tiene un campo con 3 cultivos diferentes y 6 zonas para plantar.<\/p>\n<p><strong>Tira los dados<\/strong>\u00a0para plantar en una de tus zonas mientras cultivas ma\u00edz, calabazas, jud\u00edas, plantas perennes y frutas. Las diferentes secciones de tus dos hojas est\u00e1n interconectadas, de modo que a medida que avanzas ganas emocionantes bonificaciones, acciones gratuitas y mucho m\u00e1s. Ganar\u00e1 quien tenga un\u00a0<strong>mejor campo de cultivo<\/strong>\u00a0al final de la partida.<br \/>\n\u2022 Tira los dados y\u00a0<strong>elige la acci\u00f3n<\/strong>\u00a0a realizar<br \/>\n\u2022\u00a0<strong>Trabaja en la zona<\/strong>\u00a0de cultivo y en la zona de plantaci\u00f3n<br \/>\n\u2022 Consigue el mejor campo de cultivo para hacerte con la\u00a0<strong>victoria<\/strong><\/p>\n","protected":false},"excerpt":{"rendered":"<p>\u00bfLograr\u00e1s tener el mejor campo de cultivo? Three Sisters es un\u00a0Roll&amp;Write\u00a0de estrategia en el que cada persona tiene un campo con 3 cultivos diferentes y 6 zonas para plantar. Tira los dados\u00a0para plantar en una de tus zonas mientras cultivas ma\u00edz, calabazas, jud\u00edas, plantas perennes y frutas. Las diferentes secciones de tus dos hojas est\u00e1n [&hellip;]<\/p>\n","protected":false},"featured_media":68067,"template":"","meta":{"_acf_changed":false},"product_brand":[],"product_cat":[1561,1653,1180,2346],"product_tag":[],"class_list":{"0":"post-68083","1":"product","2":"type-product","3":"status-publish","4":"has-post-thumbnail","6":"product_cat-familiar-es","7":"product_cat-boardgames","8":"product_cat-retail-products-es","9":"product_cat-tranjis-es","11":"first","12":"onbackorder","13":"sale","14":"taxable","15":"shipping-taxable","16":"purchasable","17":"product-type-simple"},"exclude_global_add_ons":[],"addons":[],"acf":[],"_links":{"self":[{"href":"https:\/\/www.customeeple.com\/es\/wp-json\/wp\/v2\/product\/68083","targetHints":{"allow":["GET"]}}],"collection":[{"href":"https:\/\/www.customeeple.com\/es\/wp-json\/wp\/v2\/product"}],"about":[{"href":"https:\/\/www.customeeple.com\/es\/wp-json\/wp\/v2\/types\/product"}],"wp:featuredmedia":[{"embeddable":true,"href":"https:\/\/www.customeeple.com\/es\/wp-json\/wp\/v2\/media\/68067"}],"wp:attachment":[{"href":"https:\/\/www.customeeple.com\/es\/wp-json\/wp\/v2\/media?parent=68083"}],"wp:term":[{"taxonomy":"product_brand","embeddable":true,"href":"https:\/\/www.customeeple.com\/es\/wp-json\/wp\/v2\/product_brand?post=68083"},{"taxonomy":"product_cat","embeddable":true,"href":"https:\/\/www.customeeple.com\/es\/wp-json\/wp\/v2\/product_cat?post=68083"},{"taxonomy":"product_tag","embeddable":true,"href":"https:\/\/www.customeeple.com\/es\/wp-json\/wp\/v2\/product_tag?post=68083"}],"curies":[{"name":"wp","href":"https:\/\/api.w.org\/{rel}","templated":true}]}}