{"id":68082,"date":"2023-03-30T19:48:15","date_gmt":"2023-03-30T18:48:15","guid":{"rendered":"https:\/\/www.customeeple.com\/product\/los-valientes-del-claro-de-luna-spa\/"},"modified":"2023-03-30T19:48:15","modified_gmt":"2023-03-30T18:48:15","slug":"los-valientes-del-claro-de-luna-spa","status":"publish","type":"product","link":"https:\/\/www.customeeple.com\/es\/producto\/los-valientes-del-claro-de-luna-spa\/","title":{"rendered":"Los Valientes del Claro de Luna (SPA)"},"content":{"rendered":"<p>Un m\u00e1gico juego de recogida y desplazamiento.<\/p>\n<p>1. Montar el castillo sobre el tablero y sacar fichas con ayuda de la l\u00e1mina hasta que el camino quede<\/p>\n<p>cubierto. Repartir las figuras y las pantallas; introducir los guijarros en la bolsa. Colocar las fuentes y dar el marcador al jugador\/a que comenzar\u00e1 la partida.<\/p>\n<p>2. Jugar por turnos: primero, esconderse de nuevo y luego, recuperar piedras preciosas.<\/p>\n<p>3. Esconderse de nuevo: colocar la figura en una casilla libre, entregar el guijarro correspondiente y sacar de la bolsa tantos guijarros como se indique en la casilla.<\/p>\n<p>4. Recuperar piedras preciosas (posible \u00fanicamente en el camino): entregar guijarros en funci\u00f3n de las piedras preciosas de la ficha contigua. Coger la ficha del camino, realizar la acci\u00f3n que indique (arrastrar o jugar de nuevo) y quedarse con la ficha.<\/p>\n<p>5. \u00bfLa ficha-hechicero sale del castillo? Jugar la \u00faltima ronda. Gana el jugador\/a que haya recuperado el mayor<\/p>\n","protected":false},"excerpt":{"rendered":"<p>Un m\u00e1gico juego de recogida y desplazamiento. 1. Montar el castillo sobre el tablero y sacar fichas con ayuda de la l\u00e1mina hasta que el camino quede cubierto. Repartir las figuras y las pantallas; introducir los guijarros en la bolsa. Colocar las fuentes y dar el marcador al jugador\/a que comenzar\u00e1 la partida. 2. Jugar [&hellip;]<\/p>\n","protected":false},"featured_media":68071,"template":"","meta":{"_acf_changed":false},"product_brand":[],"product_cat":[1991,1564,1653,1180],"product_tag":[],"class_list":{"0":"post-68082","1":"product","2":"type-product","3":"status-publish","4":"has-post-thumbnail","6":"product_cat-ha-es","7":"product_cat-childrens-es","8":"product_cat-boardgames","9":"product_cat-retail-products-es","11":"first","12":"onbackorder","13":"sale","14":"taxable","15":"shipping-taxable","16":"purchasable","17":"product-type-simple"},"exclude_global_add_ons":[],"addons":[],"acf":[],"_links":{"self":[{"href":"https:\/\/www.customeeple.com\/es\/wp-json\/wp\/v2\/product\/68082","targetHints":{"allow":["GET"]}}],"collection":[{"href":"https:\/\/www.customeeple.com\/es\/wp-json\/wp\/v2\/product"}],"about":[{"href":"https:\/\/www.customeeple.com\/es\/wp-json\/wp\/v2\/types\/product"}],"wp:featuredmedia":[{"embeddable":true,"href":"https:\/\/www.customeeple.com\/es\/wp-json\/wp\/v2\/media\/68071"}],"wp:attachment":[{"href":"https:\/\/www.customeeple.com\/es\/wp-json\/wp\/v2\/media?parent=68082"}],"wp:term":[{"taxonomy":"product_brand","embeddable":true,"href":"https:\/\/www.customeeple.com\/es\/wp-json\/wp\/v2\/product_brand?post=68082"},{"taxonomy":"product_cat","embeddable":true,"href":"https:\/\/www.customeeple.com\/es\/wp-json\/wp\/v2\/product_cat?post=68082"},{"taxonomy":"product_tag","embeddable":true,"href":"https:\/\/www.customeeple.com\/es\/wp-json\/wp\/v2\/product_tag?post=68082"}],"curies":[{"name":"wp","href":"https:\/\/api.w.org\/{rel}","templated":true}]}}