{"id":68061,"date":"2023-03-30T19:47:18","date_gmt":"2023-03-30T18:47:18","guid":{"rendered":"https:\/\/www.customeeple.com\/product\/resistid\/"},"modified":"2023-03-30T19:47:18","modified_gmt":"2023-03-30T18:47:18","slug":"resistid","status":"publish","type":"product","link":"https:\/\/www.customeeple.com\/es\/producto\/resistid\/","title":{"rendered":"Resistid (SPA)"},"content":{"rendered":"<p>Resist!, es un juego de solitario r\u00e1pido y basado en cartas en el que asumes el papel del Maquis espa\u00f1ol, que lucha contra el r\u00e9gimen franquista. A lo largo de una serie de rondas, se llevan a cabo misiones cada vez m\u00e1s dif\u00edciles, y al completarlas se obtienen los puntos necesarios para ganar. Si no consigues superar las misiones y los enemigos, puedes perder. Al final de cada ronda, debes elegir si acabar con la resistencia o arriesgarte y emprender otra misi\u00f3n.<\/p>\n<p>Espa\u00f1a, a\u00f1o 1936.\u00a0 El general Franco y sus tropas avanzan por los diferentes territorios dando paso a un largo periodo de represi\u00f3n. Una vez finalizada la Guerra Civil espa\u00f1ola, un grupo de leales a la Rep\u00fablica decide continuar con la lucha armada, formando grupos de resistencia reconocidos con el nombre de maquis. Escondidos entre las monta\u00f1as, estos hombres y mujeres decidieron jugarse la vida y combatir en defensa de los ideales de la democracia y la libertad. En contra tuvieron al ej\u00e9rcito de Franco, a la Guardia Civil y la Polic\u00eda Armada. Los maquis perfeccionaron su guerra de guerrillas en Francia durante la II Guerra Mundial y estaban decididos a recuperar su tierra natal. En su cabeza solo retumbaba el eco del deseo de muchos compatriotas: \u00a1Resistid!<\/p>\n<p>Asume el papel de los maquis y enfr\u00e9ntate al r\u00e9gimen franquista. Durante un n\u00famero indeterminado de rondas, emprende misiones cada vez m\u00e1s dif\u00edciles y obt\u00e9n valiosos puntos de victoria. En tus manos est\u00e1 decidir hasta d\u00f3nde quieres llegar. \u00bfTe conformar\u00e1s con eliminar alg\u00fan objetivo clave o resistir\u00e1s hasta el final para liberar a Espa\u00f1a de la opresi\u00f3n? Comienza la lucha.<\/p>\n<p>Al principio del juego, re\u00fanes un equipo de doce maquis, que est\u00e1n representados por un mazo de cartas. En el centro del juego est\u00e1 la tensi\u00f3n entre mantener a tus maquis ocultos a Franco o revelarlos para liberar todo su potencial. Por desgracia, los maquis revelados se eliminan de tu mazo, y es probable que no puedas utilizarlos durante el resto de la partida. Aunque Resist! Tiene algunos elementos menores de construcci\u00f3n de mazos, es principalmente un juego de \u00abdestrucci\u00f3n de mazos\u00bb en el que tienes que gestionar tu mazo, equilibrando la decisi\u00f3n de derrotar la amenaza inmediata con intentar pasar a la siguiente misi\u00f3n.<\/p>\n<p><strong><a class=\"btn btn-default\" href=\"https:\/\/boardgamegeek.com\/boardgame\/352697\/resist\" target=\"_blank\" rel=\"noreferrer noopener\">ENLACE A LA BGG<\/a><\/strong><\/p>\n","protected":false},"excerpt":{"rendered":"<p>Resist!, es un juego de solitario r\u00e1pido y basado en cartas en el que asumes el papel del Maquis espa\u00f1ol, que lucha contra el r\u00e9gimen franquista. A lo largo de una serie de rondas, se llevan a cabo misiones cada vez m\u00e1s dif\u00edciles, y al completarlas se obtienen los puntos necesarios para ganar. Si no [&hellip;]<\/p>\n","protected":false},"featured_media":68047,"template":"","meta":{"_acf_changed":false},"product_brand":[],"product_cat":[2003,1557,1653,1180],"product_tag":[],"class_list":{"0":"post-68061","1":"product","2":"type-product","3":"status-publish","4":"has-post-thumbnail","6":"product_cat-cooperative-es","7":"product_cat-card-game-es","8":"product_cat-boardgames","9":"product_cat-retail-products-es","11":"first","12":"onbackorder","13":"sale","14":"taxable","15":"shipping-taxable","16":"purchasable","17":"product-type-simple"},"exclude_global_add_ons":[],"addons":[],"acf":[],"_links":{"self":[{"href":"https:\/\/www.customeeple.com\/es\/wp-json\/wp\/v2\/product\/68061","targetHints":{"allow":["GET"]}}],"collection":[{"href":"https:\/\/www.customeeple.com\/es\/wp-json\/wp\/v2\/product"}],"about":[{"href":"https:\/\/www.customeeple.com\/es\/wp-json\/wp\/v2\/types\/product"}],"wp:featuredmedia":[{"embeddable":true,"href":"https:\/\/www.customeeple.com\/es\/wp-json\/wp\/v2\/media\/68047"}],"wp:attachment":[{"href":"https:\/\/www.customeeple.com\/es\/wp-json\/wp\/v2\/media?parent=68061"}],"wp:term":[{"taxonomy":"product_brand","embeddable":true,"href":"https:\/\/www.customeeple.com\/es\/wp-json\/wp\/v2\/product_brand?post=68061"},{"taxonomy":"product_cat","embeddable":true,"href":"https:\/\/www.customeeple.com\/es\/wp-json\/wp\/v2\/product_cat?post=68061"},{"taxonomy":"product_tag","embeddable":true,"href":"https:\/\/www.customeeple.com\/es\/wp-json\/wp\/v2\/product_tag?post=68061"}],"curies":[{"name":"wp","href":"https:\/\/api.w.org\/{rel}","templated":true}]}}