{"id":68059,"date":"2023-03-30T19:47:49","date_gmt":"2023-03-30T18:47:49","guid":{"rendered":"https:\/\/www.customeeple.com\/product\/frostpunk\/"},"modified":"2023-03-30T19:47:49","modified_gmt":"2023-03-30T18:47:49","slug":"frostpunk","status":"publish","type":"product","link":"https:\/\/www.customeeple.com\/es\/producto\/frostpunk\/","title":{"rendered":"Frostpunk (SPA)"},"content":{"rendered":"<p>En un mundo completamente helado, la gente desarroll\u00f3 tecnolog\u00eda de vapor para resistir el fr\u00edo abrumador. Te enfrentas a la tarea de construir la \u00faltima ciudad de la Tierra y asegurar los medios necesarios para que tu comunidad sobreviva. Frostpunk: El juego de tablero es un juego de supervivencia urbana donde el calor significa vida y cada elecci\u00f3n tiene un coste. \u00bfQu\u00e9 decisiones tomar\u00e1s para asegurar la supervivencia de tu sociedad? \u00bfQu\u00e9 har\u00e1s cuando te lleven al l\u00edmite y en qui\u00e9n te convertir\u00e1s en el proceso?<\/p>\n<p>Frostpunk: El juego de tablero es un juego de mesa cooperativo para 1-4 jugadores ambientado en un mundo fr\u00edo y postapocal\u00edptico del siglo XIX. La supervivencia solo es posible gracias a la avanzada tecnolog\u00eda de vapor, cuyo pin\u00e1culo es el Generador: una maravilla de la ingenier\u00eda que proporciona calor vital a lo que queda de la humanidad.<\/p>\n<p>Como Consejero de la que quiz\u00e1 sea la \u00faltima ciudad de la Tierra, tu principal objetivo es que la ciudad sobreviva. Cada escenario tiene sus propios objetivos que tendr\u00e1s que cumplir para ganar la partida. La tarea que pesa sobre tus hombros no es un empe\u00f1o sencillo. El mundo de Frostpunk es un lugar hostil y peligroso y solo administrando bien tu ciudad lograr\u00e1s la victoria.<\/p>\n<p>Basado en el videojuego superventas: Frostpunk de 11 bit studios, creadores de This War Of Mine. Dise\u00f1ado por Adam Kwapinski, autor de juegos de mesa de \u00e9xito mundial como Nemesis.<\/p>\n<p><strong><a class=\"btn btn-default\" href=\"https:\/\/boardgamegeek.com\/boardgame\/311988\/frostpunk-board-game\" target=\"_blank\" rel=\"noreferrer noopener\">ENLACE A LA BGG<\/a><br \/>\n<\/strong><\/p>\n","protected":false},"excerpt":{"rendered":"<p>En un mundo completamente helado, la gente desarroll\u00f3 tecnolog\u00eda de vapor para resistir el fr\u00edo abrumador. Te enfrentas a la tarea de construir la \u00faltima ciudad de la Tierra y asegurar los medios necesarios para que tu comunidad sobreviva. Frostpunk: El juego de tablero es un juego de supervivencia urbana donde el calor significa vida [&hellip;]<\/p>\n","protected":false},"featured_media":68053,"template":"","meta":{"_acf_changed":false},"product_brand":[],"product_cat":[2003,1653,1180],"product_tag":[],"class_list":{"0":"post-68059","1":"product","2":"type-product","3":"status-publish","4":"has-post-thumbnail","6":"product_cat-cooperative-es","7":"product_cat-boardgames","8":"product_cat-retail-products-es","10":"first","11":"outofstock","12":"sale","13":"taxable","14":"shipping-taxable","15":"purchasable","16":"product-type-simple"},"exclude_global_add_ons":[],"addons":[],"acf":[],"_links":{"self":[{"href":"https:\/\/www.customeeple.com\/es\/wp-json\/wp\/v2\/product\/68059","targetHints":{"allow":["GET"]}}],"collection":[{"href":"https:\/\/www.customeeple.com\/es\/wp-json\/wp\/v2\/product"}],"about":[{"href":"https:\/\/www.customeeple.com\/es\/wp-json\/wp\/v2\/types\/product"}],"wp:featuredmedia":[{"embeddable":true,"href":"https:\/\/www.customeeple.com\/es\/wp-json\/wp\/v2\/media\/68053"}],"wp:attachment":[{"href":"https:\/\/www.customeeple.com\/es\/wp-json\/wp\/v2\/media?parent=68059"}],"wp:term":[{"taxonomy":"product_brand","embeddable":true,"href":"https:\/\/www.customeeple.com\/es\/wp-json\/wp\/v2\/product_brand?post=68059"},{"taxonomy":"product_cat","embeddable":true,"href":"https:\/\/www.customeeple.com\/es\/wp-json\/wp\/v2\/product_cat?post=68059"},{"taxonomy":"product_tag","embeddable":true,"href":"https:\/\/www.customeeple.com\/es\/wp-json\/wp\/v2\/product_tag?post=68059"}],"curies":[{"name":"wp","href":"https:\/\/api.w.org\/{rel}","templated":true}]}}