{"id":68002,"date":"2023-03-15T20:38:11","date_gmt":"2023-03-15T19:38:11","guid":{"rendered":"https:\/\/www.customeeple.com\/product\/gangers-starter-pack\/"},"modified":"2023-03-15T20:38:11","modified_gmt":"2023-03-15T19:38:11","slug":"gangers-starter-pack","status":"publish","type":"product","link":"https:\/\/www.customeeple.com\/es\/producto\/gangers-starter-pack\/","title":{"rendered":"Punkapocalyptic: Starter Pack de Pandilleros"},"content":{"rendered":"<p>Pack compuesto por cinco miniaturas de pandilleros. Incluye Jefa (filo medio, rifle y protecci\u00f3n contra contaminaci\u00f3n), Curtida (rifle \/ ballesta y protecci\u00f3n contra la contaminaci\u00f3n), Bruto (armadura met\u00e1lica y maza pesada), Pandillero (cuero endurecido, arco y filo peque\u00f1o) y Piltrafa (cuchillos arrojadizos y maza ligera).<\/p>\n<div id=\"short_description_block\">\n<div id=\"short_description_content\" class=\"rte align_justify\">\n<p>Contiene cinco miniaturas de resina y cinco bases.<\/p>\n<p>Requiere de montaje y pintado.<\/p>\n<\/div>\n<\/div>\n","protected":false},"excerpt":{"rendered":"<p>Pack compuesto por cinco miniaturas de pandilleros. Incluye Jefa (filo medio, rifle y protecci\u00f3n contra contaminaci\u00f3n), Curtida (rifle \/ ballesta y protecci\u00f3n contra la contaminaci\u00f3n), Bruto (armadura met\u00e1lica y maza pesada), Pandillero (cuero endurecido, arco y filo peque\u00f1o) y Piltrafa (cuchillos arrojadizos y maza ligera). Contiene cinco miniaturas de resina y cinco bases. Requiere de [&hellip;]<\/p>\n","protected":false},"featured_media":67994,"template":"","meta":{"_acf_changed":false},"product_brand":[],"product_cat":[1180,2350,1372,1623],"product_tag":[],"class_list":{"0":"post-68002","1":"product","2":"type-product","3":"status-publish","4":"has-post-thumbnail","6":"product_cat-retail-products-es","7":"product_cat-punkapocalyptic-es","8":"product_cat-sci-fi-es","9":"product_cat-wargames-es-2","11":"first","12":"onbackorder","13":"sale","14":"taxable","15":"shipping-taxable","16":"purchasable","17":"product-type-simple"},"exclude_global_add_ons":[],"addons":[],"acf":[],"_links":{"self":[{"href":"https:\/\/www.customeeple.com\/es\/wp-json\/wp\/v2\/product\/68002","targetHints":{"allow":["GET"]}}],"collection":[{"href":"https:\/\/www.customeeple.com\/es\/wp-json\/wp\/v2\/product"}],"about":[{"href":"https:\/\/www.customeeple.com\/es\/wp-json\/wp\/v2\/types\/product"}],"wp:featuredmedia":[{"embeddable":true,"href":"https:\/\/www.customeeple.com\/es\/wp-json\/wp\/v2\/media\/67994"}],"wp:attachment":[{"href":"https:\/\/www.customeeple.com\/es\/wp-json\/wp\/v2\/media?parent=68002"}],"wp:term":[{"taxonomy":"product_brand","embeddable":true,"href":"https:\/\/www.customeeple.com\/es\/wp-json\/wp\/v2\/product_brand?post=68002"},{"taxonomy":"product_cat","embeddable":true,"href":"https:\/\/www.customeeple.com\/es\/wp-json\/wp\/v2\/product_cat?post=68002"},{"taxonomy":"product_tag","embeddable":true,"href":"https:\/\/www.customeeple.com\/es\/wp-json\/wp\/v2\/product_tag?post=68002"}],"curies":[{"name":"wp","href":"https:\/\/api.w.org\/{rel}","templated":true}]}}