{"id":68001,"date":"2023-03-15T20:36:09","date_gmt":"2023-03-15T19:36:09","guid":{"rendered":"https:\/\/www.customeeple.com\/product\/gsw-roll-maker-set-xl\/"},"modified":"2023-03-15T20:36:09","modified_gmt":"2023-03-15T19:36:09","slug":"gsw-roll-maker-set-xl","status":"publish","type":"product","link":"https:\/\/www.customeeple.com\/es\/producto\/gsw-roll-maker-set-xl\/","title":{"rendered":"GSW: Roll Maker Set XL"},"content":{"rendered":"<p><strong>Roll Maker<\/strong>\u00a0es la herramienta definitiva para hacer todo tipo de tubos, tent\u00e1culos y cables, que puede ser usada con todo tipo de masillas y arcillas.<\/p>\n<p>Dependiendo de la masilla o la arcilla a utilizar podr\u00eda ser necesario humedecer las pletinas o los dedos con un poco de agua para reducir la pegajosidad y facilitar su uso. Concretamente si se va a utilizar masilla verde habr\u00eda que a\u00f1adir un poco de polvo de talco al agua ya que reduce todav\u00eda m\u00e1s la pegajosidad de la masilla. Los polvos de talco son un extra, pero no es estrictamente necesario<\/p>\n<p>&nbsp;<\/p>\n<p>Puedes utilizar un cepillo de dientes para limpiar restos que pudieran quedar en los dibujos, pero nunca utilizar herramientas met\u00e1licas que pudieran da\u00f1ar los dibujos.<\/p>\n<p>Roll Maker XL te permitir\u00e1 hacer tent\u00e1culos de hasta 75 mm de longitud sin junta y tambi\u00e9n es compatible con la versi\u00f3n Roll Maker normal, ya que adem\u00e1s las pletinas son todas de diferentes tama\u00f1os. Las piezas gu\u00eda ahora son apilables entre ellas para poder texturizar piezas m\u00e1s gruesas, como por ejemplo columnas o \u00e1rboles.<\/p>\n<p>Este set incluye:<br \/>\n2 pletinas grandes &#8211; Versi\u00f3n XL<br \/>\n2 pletinas curvadas &#8211; Versi\u00f3n XL<br \/>\n2\u00a0pletinas peque\u00f1as\u00a0&#8211; Versi\u00f3n XL<br \/>\n2 piezas gu\u00eda APILABLES. Utiliza las piezas gu\u00eda para sujetar las pletinas y conseguir posiciones extra en 90\u00ba o 45\u00ba, y as\u00ed obtener nuevas texturas.<\/p>\n<p>El set completo permite infinidad de posibilidades.<\/p>\n","protected":false},"excerpt":{"rendered":"<p>Roll Maker\u00a0es la herramienta definitiva para hacer todo tipo de tubos, tent\u00e1culos y cables, que puede ser usada con todo tipo de masillas y arcillas. Dependiendo de la masilla o la arcilla a utilizar podr\u00eda ser necesario humedecer las pletinas o los dedos con un poco de agua para reducir la pegajosidad y facilitar su [&hellip;]<\/p>\n","protected":false},"featured_media":67988,"template":"","meta":{"_acf_changed":false},"product_brand":[],"product_cat":[1405,1401,1180],"product_tag":[],"class_list":{"0":"post-68001","1":"product","2":"type-product","3":"status-publish","4":"has-post-thumbnail","6":"product_cat-herramientas","7":"product_cat-pintura-y-modelismo","8":"product_cat-retail-products-es","10":"first","11":"onbackorder","12":"taxable","13":"shipping-taxable","14":"purchasable","15":"product-type-simple"},"exclude_global_add_ons":[],"addons":[],"acf":[],"_links":{"self":[{"href":"https:\/\/www.customeeple.com\/es\/wp-json\/wp\/v2\/product\/68001","targetHints":{"allow":["GET"]}}],"collection":[{"href":"https:\/\/www.customeeple.com\/es\/wp-json\/wp\/v2\/product"}],"about":[{"href":"https:\/\/www.customeeple.com\/es\/wp-json\/wp\/v2\/types\/product"}],"wp:featuredmedia":[{"embeddable":true,"href":"https:\/\/www.customeeple.com\/es\/wp-json\/wp\/v2\/media\/67988"}],"wp:attachment":[{"href":"https:\/\/www.customeeple.com\/es\/wp-json\/wp\/v2\/media?parent=68001"}],"wp:term":[{"taxonomy":"product_brand","embeddable":true,"href":"https:\/\/www.customeeple.com\/es\/wp-json\/wp\/v2\/product_brand?post=68001"},{"taxonomy":"product_cat","embeddable":true,"href":"https:\/\/www.customeeple.com\/es\/wp-json\/wp\/v2\/product_cat?post=68001"},{"taxonomy":"product_tag","embeddable":true,"href":"https:\/\/www.customeeple.com\/es\/wp-json\/wp\/v2\/product_tag?post=68001"}],"curies":[{"name":"wp","href":"https:\/\/api.w.org\/{rel}","templated":true}]}}