{"id":67986,"date":"2023-03-08T20:45:51","date_gmt":"2023-03-08T19:45:51","guid":{"rendered":"https:\/\/www.customeeple.com\/product\/saga-edad-de-alejandro\/"},"modified":"2023-03-08T20:45:51","modified_gmt":"2023-03-08T19:45:51","slug":"saga-edad-de-alejandro","status":"publish","type":"product","link":"https:\/\/www.customeeple.com\/es\/producto\/saga-edad-de-alejandro\/","title":{"rendered":"Saga Edad de Alejandro (SPA)"},"content":{"rendered":"<p>En el a\u00f1o 334 a.C., el joven rey de Macedonia Alejandro III, tras haber sometido las ciudades de Grecia, cruz\u00f3 el Helesponto con una ambici\u00f3n \u00fanica: someter al imperio m\u00e1s poderoso jam\u00e1s conocido, la Persia de los aquem\u00e9nidas.<br \/>\nAl final de una incre\u00edble conquista que le vali\u00f3 el t\u00edtulo con el que pas\u00f3 a la historia, Alejandro Magno consigui\u00f3 derrotar a todos sus adversarios antes de que su ej\u00e9rcito, agotado, se negara a seguir avanzando hacia la India, un rival tan formidable como desconocido.<br \/>\nConquistador invicto, Alejandro muri\u00f3 joven, dejando su imperio en manos de aventureros que se disputaron su legado en guerras infructuosas que vieron a las famosas falanges dominar el campo de batalla, antes de que las potencias romanas y partas consignaran estas ef\u00edmeras dinast\u00edas al olvido.<\/p>\n<p>La Edad de Alejandro es el segundo suplemento de SAGA ambientado en la antig\u00fcedad.<br \/>\nEsta vez describe los numerosos avatares de lo que ser\u00eda el mundo griego, empezando por las guerras M\u00e9dicas contra Persia y terminando con la ca\u00f3tica agon\u00eda de los Sucesores. Este universo ofrece 6 facciones, totalmente compatibles con la ya publicada Edad de An\u00edbal y la pr\u00f3xima Edad de los C\u00e9sares, algunas de las cuales incluyen m\u00faltiples variantes, y todas ellas acompa\u00f1adas de sus Hojas de Batalla, historia, unidades legendarias y reglas especiales.<br \/>\nAdem\u00e1s de estas facciones, encontrar\u00e1s una serie de mercenarios que pueden unirse a tu banda, as\u00ed como un sistema de Ardides que te permite personalizar tu banda d\u00e1ndole ventajas espec\u00edficas y permiti\u00e9ndote infligir p\u00e9rfidos golpes bajos a tus enemigos.<br \/>\nPor \u00faltimo, el suplemento concluye con Di\u00e1dokhos, un completo sistema de campa\u00f1a para SAGA, que te permitir\u00e1 liderar una dinast\u00eda de Sucesores para recrear el imperio de Alejandro en tu propio beneficio, utilizando reglas totalmente nuevas.<br \/>\nSe requiere una copia del Reglamento de SAGA para poder utilizar este suplemento. Este libro viene con 6 Hojas de Batalla que no se pueden vender por separado.<\/p>\n","protected":false},"excerpt":{"rendered":"<p>En el a\u00f1o 334 a.C., el joven rey de Macedonia Alejandro III, tras haber sometido las ciudades de Grecia, cruz\u00f3 el Helesponto con una ambici\u00f3n \u00fanica: someter al imperio m\u00e1s poderoso jam\u00e1s conocido, la Persia de los aquem\u00e9nidas. Al final de una incre\u00edble conquista que le vali\u00f3 el t\u00edtulo con el que pas\u00f3 a la [&hellip;]<\/p>\n","protected":false},"featured_media":67979,"template":"","meta":{"_acf_changed":false},"product_brand":[],"product_cat":[1180,2089,1623],"product_tag":[],"class_list":{"0":"post-67986","1":"product","2":"type-product","3":"status-publish","4":"has-post-thumbnail","6":"product_cat-retail-products-es","7":"product_cat-saga-es","8":"product_cat-wargames-es-2","10":"first","11":"onbackorder","12":"sale","13":"taxable","14":"shipping-taxable","15":"purchasable","16":"product-type-simple"},"exclude_global_add_ons":[],"addons":[],"acf":[],"_links":{"self":[{"href":"https:\/\/www.customeeple.com\/es\/wp-json\/wp\/v2\/product\/67986","targetHints":{"allow":["GET"]}}],"collection":[{"href":"https:\/\/www.customeeple.com\/es\/wp-json\/wp\/v2\/product"}],"about":[{"href":"https:\/\/www.customeeple.com\/es\/wp-json\/wp\/v2\/types\/product"}],"wp:featuredmedia":[{"embeddable":true,"href":"https:\/\/www.customeeple.com\/es\/wp-json\/wp\/v2\/media\/67979"}],"wp:attachment":[{"href":"https:\/\/www.customeeple.com\/es\/wp-json\/wp\/v2\/media?parent=67986"}],"wp:term":[{"taxonomy":"product_brand","embeddable":true,"href":"https:\/\/www.customeeple.com\/es\/wp-json\/wp\/v2\/product_brand?post=67986"},{"taxonomy":"product_cat","embeddable":true,"href":"https:\/\/www.customeeple.com\/es\/wp-json\/wp\/v2\/product_cat?post=67986"},{"taxonomy":"product_tag","embeddable":true,"href":"https:\/\/www.customeeple.com\/es\/wp-json\/wp\/v2\/product_tag?post=67986"}],"curies":[{"name":"wp","href":"https:\/\/api.w.org\/{rel}","templated":true}]}}