{"id":67976,"date":"2023-03-03T10:49:02","date_gmt":"2023-03-03T09:49:02","guid":{"rendered":"https:\/\/www.customeeple.com\/product\/star-wars-the-deckbuilding-game-spa\/"},"modified":"2023-03-03T10:49:02","modified_gmt":"2023-03-03T09:49:02","slug":"star-wars-the-deckbuilding-game-spa","status":"publish","type":"product","link":"https:\/\/www.customeeple.com\/es\/producto\/star-wars-the-deckbuilding-game-spa\/","title":{"rendered":"Star Wars: The Deckbuilding Game (SPA)"},"content":{"rendered":"<p>\u00a1El destino de la galaxia est\u00e1 en tus manos! \u00a1Libra trepidantes batallas estrat\u00e9gicas en Star Wars: The Deckbuilding Game! Con sus sencillas reglas podr\u00e1s recrear el conflicto entre el Imperio Gal\u00e1ctico y la Alianza Rebelde en una emocionante confrontaci\u00f3n directa. \u00a1Recluta personajes, captura presas para cobrar sus recompensas, utiliza la Fuerza y destruye las bases enemigas!<\/p>\n<p><strong>CONTENIDO<\/strong><br \/>\n10 cartas de inicio Imperiales, 10 cartas de inicio Rebeldes, 90 cartas de galaxia, 10 cartas de piloto del Borde Exterior, 20 cartas de base, 1 medidor de Equilibrio de la Fuerza, 50 contadores de da\u00f1o, 20 contadores de recursos, 1 indicador de la Fuerza.<\/p>\n","protected":false},"excerpt":{"rendered":"<p>\u00a1El destino de la galaxia est\u00e1 en tus manos! \u00a1Libra trepidantes batallas estrat\u00e9gicas en Star Wars: The Deckbuilding Game! Con sus sencillas reglas podr\u00e1s recrear el conflicto entre el Imperio Gal\u00e1ctico y la Alianza Rebelde en una emocionante confrontaci\u00f3n directa. \u00a1Recluta personajes, captura presas para cobrar sus recompensas, utiliza la Fuerza y destruye las bases [&hellip;]<\/p>\n","protected":false},"featured_media":67975,"template":"","meta":{"_acf_changed":false},"product_brand":[],"product_cat":[1557,1653,1180],"product_tag":[],"class_list":{"0":"post-67976","1":"product","2":"type-product","3":"status-publish","4":"has-post-thumbnail","6":"product_cat-card-game-es","7":"product_cat-boardgames","8":"product_cat-retail-products-es","10":"first","11":"instock","12":"sale","13":"taxable","14":"shipping-taxable","15":"purchasable","16":"product-type-simple"},"exclude_global_add_ons":[],"addons":[],"acf":[],"_links":{"self":[{"href":"https:\/\/www.customeeple.com\/es\/wp-json\/wp\/v2\/product\/67976","targetHints":{"allow":["GET"]}}],"collection":[{"href":"https:\/\/www.customeeple.com\/es\/wp-json\/wp\/v2\/product"}],"about":[{"href":"https:\/\/www.customeeple.com\/es\/wp-json\/wp\/v2\/types\/product"}],"wp:featuredmedia":[{"embeddable":true,"href":"https:\/\/www.customeeple.com\/es\/wp-json\/wp\/v2\/media\/67975"}],"wp:attachment":[{"href":"https:\/\/www.customeeple.com\/es\/wp-json\/wp\/v2\/media?parent=67976"}],"wp:term":[{"taxonomy":"product_brand","embeddable":true,"href":"https:\/\/www.customeeple.com\/es\/wp-json\/wp\/v2\/product_brand?post=67976"},{"taxonomy":"product_cat","embeddable":true,"href":"https:\/\/www.customeeple.com\/es\/wp-json\/wp\/v2\/product_cat?post=67976"},{"taxonomy":"product_tag","embeddable":true,"href":"https:\/\/www.customeeple.com\/es\/wp-json\/wp\/v2\/product_tag?post=67976"}],"curies":[{"name":"wp","href":"https:\/\/api.w.org\/{rel}","templated":true}]}}