{"id":67972,"date":"2023-03-06T13:32:15","date_gmt":"2023-03-06T12:32:15","guid":{"rendered":"https:\/\/www.customeeple.com\/product\/combat-patrol-astra-militarum\/"},"modified":"2026-03-26T11:55:07","modified_gmt":"2026-03-26T10:55:07","slug":"combat-patrol-astra-militarum","status":"publish","type":"product","link":"https:\/\/www.customeeple.com\/es\/producto\/combat-patrol-astra-militarum\/","title":{"rendered":"PAtrulla Astra militarum"},"content":{"rendered":"<p>El Astra Militarum es la columna vertebral de los mayores ej\u00e9rcitos del Imperio. Son los hombres y mujeres que mantienen la l\u00ednea, un baluarte que se interpone entre la humanidad y una galaxia de pesadilla llena de horrores. Entre los masivos regimientos del Astra Militarum, los soldados de Cadia son algunos de los guerreros m\u00e1s disciplinados que se pueden encontrar: duros tiradores entrenados para toda una vida de sombr\u00edo deber.<\/p>\n<p>\u00a1Demuestra que Cadia a\u00fan resiste con la Patrulla: Astra Militarum! Esta caja te proporciona todas las unidades que necesitas para empezar tu ej\u00e9rcito o ampliar uno ya existente. Su contenido ha sido elegido para proporcionarte un n\u00facleo estoico para cualquier fuerza del Astra Militarum, y es ideal para partidas de tama\u00f1o Patrulla (miniatura por un valor de potencia de 25) y tambi\u00e9n te ahorrar\u00e1 dinero en comparaci\u00f3n con comprar su contenido individualmente. Las miniaturas de esta caja vienen con un mont\u00f3n de opciones, lo que te permitir\u00e1 personalizar tu fuerza.<\/p>\n<p><strong>Esta caja incluye las siguientes miniaturas de pl\u00e1stico multicomponente:<\/strong><br \/>\n&#8211; 1 Escuadra de Mando Cadia, compuesta por 5 miniaturas<br \/>\n&#8211; 20 miniaturas de Tropas de Choque de Cadia<br \/>\n&#8211; 1 Sentinel Acorazado, que tambi\u00e9n se puede construir como Sentinel Explorador<br \/>\n&#8211; 2 Equipos de artiller\u00eda<br \/>\n&#8211; 1 Hojas de calcoman\u00edas de infanter\u00eda de Cadia, con 597 calcoman\u00edas<\/p>\n<p>Todas las miniaturas se suministran con sus peanas correspondientes. Estas miniaturas se suministran sin pintar y requieren montaje. Recomendamos el uso de Pegamento para pl\u00e1stico Citadel y pinturas Citadel.<\/p>\n","protected":false},"excerpt":{"rendered":"<p>El Astra Militarum es la columna vertebral de los mayores ej\u00e9rcitos del Imperio. Son los hombres y mujeres que mantienen la l\u00ednea, un baluarte que se interpone entre la humanidad y una galaxia de pesadilla llena de horrores. Entre los masivos regimientos del Astra Militarum, los soldados de Cadia son algunos de los guerreros m\u00e1s [&hellip;]<\/p>\n","protected":false},"featured_media":84455,"template":"","meta":{"_acf_changed":false},"product_brand":[],"product_cat":[1177,1180,1623,1229],"product_tag":[],"class_list":{"0":"post-67972","1":"product","2":"type-product","3":"status-publish","4":"has-post-thumbnail","6":"product_cat-games-workshop-es","7":"product_cat-retail-products-es","8":"product_cat-wargames-es-2","9":"product_cat-warhammer-40k-es","11":"first","12":"instock","13":"sale","14":"taxable","15":"shipping-taxable","16":"purchasable","17":"product-type-simple"},"exclude_global_add_ons":[],"addons":[],"acf":[],"_links":{"self":[{"href":"https:\/\/www.customeeple.com\/es\/wp-json\/wp\/v2\/product\/67972","targetHints":{"allow":["GET"]}}],"collection":[{"href":"https:\/\/www.customeeple.com\/es\/wp-json\/wp\/v2\/product"}],"about":[{"href":"https:\/\/www.customeeple.com\/es\/wp-json\/wp\/v2\/types\/product"}],"wp:featuredmedia":[{"embeddable":true,"href":"https:\/\/www.customeeple.com\/es\/wp-json\/wp\/v2\/media\/84455"}],"wp:attachment":[{"href":"https:\/\/www.customeeple.com\/es\/wp-json\/wp\/v2\/media?parent=67972"}],"wp:term":[{"taxonomy":"product_brand","embeddable":true,"href":"https:\/\/www.customeeple.com\/es\/wp-json\/wp\/v2\/product_brand?post=67972"},{"taxonomy":"product_cat","embeddable":true,"href":"https:\/\/www.customeeple.com\/es\/wp-json\/wp\/v2\/product_cat?post=67972"},{"taxonomy":"product_tag","embeddable":true,"href":"https:\/\/www.customeeple.com\/es\/wp-json\/wp\/v2\/product_tag?post=67972"}],"curies":[{"name":"wp","href":"https:\/\/api.w.org\/{rel}","templated":true}]}}