{"id":67963,"date":"2023-03-03T10:48:52","date_gmt":"2023-03-03T09:48:52","guid":{"rendered":"https:\/\/www.customeeple.com\/product\/octojurados-exaltados\/"},"modified":"2024-07-12T00:00:02","modified_gmt":"2024-07-11T23:00:02","slug":"octojurados-exaltados","status":"publish","type":"product","link":"https:\/\/www.customeeple.com\/es\/producto\/octojurados-exaltados\/","title":{"rendered":"Octojurados Exaltados"},"content":{"rendered":"<p>Los Octojurados son Devoradores de Mundos pose\u00eddos por un octeto de daemons de Khorne, todos luchando entre s\u00ed por el dominio. Algunos integrantes de sus filas alcanzan una forma de apoteosis, ya que su alma mortal conquista a las presencias daem\u00f3nicas que comparten su cuerpo, y se funden con ellas. Su largo periodo de posesi\u00f3n les causa grandes mutaciones, con lo cual estos Octojurados Exaltados no tienen competencia interna por el liderazgo, lo que les permite exhibir una furia m\u00e1s pura y centrada de forma m\u00e1s directa contra sus enemigos.<\/p>\n<p>Este kit de pl\u00e1stico multicomponente permite montar tres Octojurados Exaltados, daemons monstruosamente mutados que son desplegados en el campo de batalla por los Devoradores de Mundos. Estos guerreros daem\u00f3nicos parecen una evoluci\u00f3n espantosa de los Bers\u00e9rkeres de Khorne, desde su hinchada musculatura hasta sus retorcidas armaduras biomec\u00e1nicas. Cada uno de los Octojurados Exaltados lleva fusionado a su cuerpo un pu\u00f1o sierra y una enorme arma sierra evisceradora en su otra mano. Tambi\u00e9n te permite montar un Campe\u00f3n Octojurado, que como alternativa puede ser armado con dos pu\u00f1os sierra mutados, o con una archasierra pesada a dos manos.<\/p>\n<p>El kit est\u00e1 lleno de componentes cosm\u00e9ticos e intercambiables, incluyendo pinchos opcionales, diferentes dise\u00f1os para las corazas, hombreras y mochilas de energ\u00eda, partes mutadas que pueden combinarse e incluso la opci\u00f3n de montar tus Octojurados Exaltados con los torsos desnudos. Hay la suficiente variedad como para que cada grupo de Octojurados Exaltados tenga un aspecto \u00fanico y puedas llenar tu caja de piezas sobrantes. Como alternativa, este kit permite montar tres Octojurados, una escuadra de Devoradores de Mundos daem\u00f3nicos con menos mutaciones.<\/p>\n<p>Este kit consta de 88 componentes de pl\u00e1stico, un n\u00famero realmente propicio, y se suministra con tres peanas redondas Citadel de 40mm. Tambi\u00e9n se incluye una hoja de calcoman\u00edas de los Devoradores de Mundos, con 200 transferibles que muestran s\u00edmbolos de Khorne, tatuajes r\u00fanicos, estrellas de ocho puntas y variaciones del icono de la Legi\u00f3n de los Devoradores de Mundos. Estas miniaturas se suministran sin pintar y requieren montaje. Recomendamos usar pegamento para pl\u00e1stico Citadel y pinturas Citadel Colour.<\/p>\n","protected":false},"excerpt":{"rendered":"<p>Los Octojurados son Devoradores de Mundos pose\u00eddos por un octeto de daemons de Khorne, todos luchando entre s\u00ed por el dominio. Algunos integrantes de sus filas alcanzan una forma de apoteosis, ya que su alma mortal conquista a las presencias daem\u00f3nicas que comparten su cuerpo, y se funden con ellas. Su largo periodo de posesi\u00f3n [&hellip;]<\/p>\n","protected":false},"featured_media":67962,"template":"","meta":{"_acf_changed":false},"product_brand":[],"product_cat":[1177,1180,1623,1229],"product_tag":[],"class_list":{"0":"post-67963","1":"product","2":"type-product","3":"status-publish","4":"has-post-thumbnail","6":"product_cat-games-workshop-es","7":"product_cat-retail-products-es","8":"product_cat-wargames-es-2","9":"product_cat-warhammer-40k-es","11":"first","12":"onbackorder","13":"sale","14":"taxable","15":"shipping-taxable","16":"purchasable","17":"product-type-simple"},"exclude_global_add_ons":[],"addons":[],"acf":[],"_links":{"self":[{"href":"https:\/\/www.customeeple.com\/es\/wp-json\/wp\/v2\/product\/67963","targetHints":{"allow":["GET"]}}],"collection":[{"href":"https:\/\/www.customeeple.com\/es\/wp-json\/wp\/v2\/product"}],"about":[{"href":"https:\/\/www.customeeple.com\/es\/wp-json\/wp\/v2\/types\/product"}],"wp:featuredmedia":[{"embeddable":true,"href":"https:\/\/www.customeeple.com\/es\/wp-json\/wp\/v2\/media\/67962"}],"wp:attachment":[{"href":"https:\/\/www.customeeple.com\/es\/wp-json\/wp\/v2\/media?parent=67963"}],"wp:term":[{"taxonomy":"product_brand","embeddable":true,"href":"https:\/\/www.customeeple.com\/es\/wp-json\/wp\/v2\/product_brand?post=67963"},{"taxonomy":"product_cat","embeddable":true,"href":"https:\/\/www.customeeple.com\/es\/wp-json\/wp\/v2\/product_cat?post=67963"},{"taxonomy":"product_tag","embeddable":true,"href":"https:\/\/www.customeeple.com\/es\/wp-json\/wp\/v2\/product_tag?post=67963"}],"curies":[{"name":"wp","href":"https:\/\/api.w.org\/{rel}","templated":true}]}}