{"id":67932,"date":"2023-02-27T14:40:13","date_gmt":"2023-02-27T13:40:13","guid":{"rendered":"https:\/\/www.customeeple.com\/product\/black-guard-24\/"},"modified":"2023-02-27T14:40:13","modified_gmt":"2023-02-27T13:40:13","slug":"black-guard-24","status":"publish","type":"product","link":"https:\/\/www.customeeple.com\/es\/producto\/black-guard-24\/","title":{"rendered":"Black Guard (24)"},"content":{"rendered":"<p>Esta caja contiene veinticuatro soldados de la Guardia Negra de pl\u00e1stico multicomponente con sus caracter\u00edsticas lanzas y escudos.<\/p>\n<p>Este kit contiene tambi\u00e9n varios accesorios para montar abanderados y m\u00fasicos.<\/p>\n<p>Las figuras se suministran sin pintar y requieren un poco de montaje.<\/p>\n","protected":false},"excerpt":{"rendered":"<p>Esta caja contiene veinticuatro soldados de la Guardia Negra de pl\u00e1stico multicomponente con sus caracter\u00edsticas lanzas y escudos. Este kit contiene tambi\u00e9n varios accesorios para montar abanderados y m\u00fasicos. Las figuras se suministran sin pintar y requieren un poco de montaje.<\/p>\n","protected":false},"featured_media":67914,"template":"","meta":{"_acf_changed":false},"product_brand":[],"product_cat":[1180,2089,1623],"product_tag":[],"class_list":{"0":"post-67932","1":"product","2":"type-product","3":"status-publish","4":"has-post-thumbnail","6":"product_cat-retail-products-es","7":"product_cat-saga-es","8":"product_cat-wargames-es-2","10":"first","11":"onbackorder","12":"taxable","13":"shipping-taxable","14":"purchasable","15":"product-type-simple"},"exclude_global_add_ons":[],"addons":[],"acf":[],"_links":{"self":[{"href":"https:\/\/www.customeeple.com\/es\/wp-json\/wp\/v2\/product\/67932","targetHints":{"allow":["GET"]}}],"collection":[{"href":"https:\/\/www.customeeple.com\/es\/wp-json\/wp\/v2\/product"}],"about":[{"href":"https:\/\/www.customeeple.com\/es\/wp-json\/wp\/v2\/types\/product"}],"wp:featuredmedia":[{"embeddable":true,"href":"https:\/\/www.customeeple.com\/es\/wp-json\/wp\/v2\/media\/67914"}],"wp:attachment":[{"href":"https:\/\/www.customeeple.com\/es\/wp-json\/wp\/v2\/media?parent=67932"}],"wp:term":[{"taxonomy":"product_brand","embeddable":true,"href":"https:\/\/www.customeeple.com\/es\/wp-json\/wp\/v2\/product_brand?post=67932"},{"taxonomy":"product_cat","embeddable":true,"href":"https:\/\/www.customeeple.com\/es\/wp-json\/wp\/v2\/product_cat?post=67932"},{"taxonomy":"product_tag","embeddable":true,"href":"https:\/\/www.customeeple.com\/es\/wp-json\/wp\/v2\/product_tag?post=67932"}],"curies":[{"name":"wp","href":"https:\/\/api.w.org\/{rel}","templated":true}]}}