{"id":67928,"date":"2023-03-03T10:44:56","date_gmt":"2023-03-03T09:44:56","guid":{"rendered":"https:\/\/www.customeeple.com\/product\/saga-reglamento-v2-2022\/"},"modified":"2023-03-03T10:44:56","modified_gmt":"2023-03-03T09:44:56","slug":"saga-reglamento-v2-2022","status":"publish","type":"product","link":"https:\/\/www.customeeple.com\/es\/producto\/saga-reglamento-v2-2022\/","title":{"rendered":"Saga: Reglamento v2 2022 (SPA)"},"content":{"rendered":"<p>La edici\u00f3n 2022 cuenta con las correcciones, actualizaciones y aclaraciones presentadas<br \/>\nanteriormente en FAQs desde 2018. Aprovechamos esta oportunidad para reescribir algunos<br \/>\np\u00e1rrafos para que sean m\u00e1s f\u00e1ciles de entender para los nuevos jugadores, pero las reglas en s\u00ed<br \/>\nno cambian fundamentalmente.<br \/>\nAlgunos otros cambios introducidos en la versi\u00f3n de 2022 estar\u00e1n disponibles en la<br \/>\nactualizaci\u00f3n de las FAQs del reglamento que se publicar\u00e1 al mismo tiempo que este. As\u00ed que<br \/>\nun jugador veterano no necesitar\u00e1 estrictamente conseguir este nuevo libro de reglas, pero<br \/>\npara aquellos que quieran una copia actualizada, sin tener que consultar las FAQs, comprar<br \/>\neste libro es una buena idea.<br \/>\nLa edici\u00f3n 2022 del libro de reglas es f\u00e1cilmente identificable, \u00a1Un \u201c2022\u201d adorna la portada!<br \/>\nRECUERDA: NO hay Hojas de Combate en el libro de reglas b\u00e1sico; \u00a1necesitar\u00e1s SAGA Edad de<br \/>\nlos Vikingos, SAGA Edad de las Cruzadas, SAGA Edad de las Invasiones, SAGA Edad de la Magia,<br \/>\nSAGA Edad de An\u00edbal o SAGA Edad de Alejandro para usar completamente estas reglas de<br \/>\njuego!<br \/>\nSAGA es un juego de escaramuzas que tiene lugar en las \u00e9pocas heroicas, ya sean hist\u00f3ricas,<br \/>\nmitol\u00f3gicas o surgidas de la mente de los escritores. Da vida a las batallas entre guerreros<br \/>\nexcepcionales, los Se\u00f1ores de la Guerra, que desaf\u00edan a sus enemigos en los campos de batalla<br \/>\nal frente de su banda de guerra.<br \/>\nEste juego te pone a la cabeza de una de esas bandas, formada por una treintena de figuras y<br \/>\nliderada por tu alter-ego heroico. Cada banda de guerra se elige entre las facciones SAGA<br \/>\ndisponibles y tiene una Hoja de Combate espec\u00edfica y dados SAGA que les otorgan habilidades<br \/>\nparticulares en la batalla y refuerzan su identidad.<br \/>\nEste libro contiene las sencillas e innovadoras reglas b\u00e1sicas de SAGA. Son f\u00e1ciles de aprender<br \/>\ny est\u00e1n ilustradas con numerosos ejemplos. Se aplican a todos los universos que puedas<br \/>\nexplorar. Estas reglas son el fruto de a\u00f1os de desarrollo y de las aportaciones de una gran<br \/>\ncomunidad que juega a SAGA en todo el mundo.<br \/>\nUna vez que hayas le\u00eddo este libro, lo \u00fanico que te queda por hacer es elegir un Universo SAGA<br \/>\nde entre la gama disponible, montar sus figuras y \u00a1escribir su leyenda!<\/p>\n","protected":false},"excerpt":{"rendered":"<p>La edici\u00f3n 2022 cuenta con las correcciones, actualizaciones y aclaraciones presentadas anteriormente en FAQs desde 2018. Aprovechamos esta oportunidad para reescribir algunos p\u00e1rrafos para que sean m\u00e1s f\u00e1ciles de entender para los nuevos jugadores, pero las reglas en s\u00ed no cambian fundamentalmente. Algunos otros cambios introducidos en la versi\u00f3n de 2022 estar\u00e1n disponibles en la [&hellip;]<\/p>\n","protected":false},"featured_media":67918,"template":"","meta":{"_acf_changed":false},"product_brand":[],"product_cat":[1180,2089,1623],"product_tag":[],"class_list":{"0":"post-67928","1":"product","2":"type-product","3":"status-publish","4":"has-post-thumbnail","6":"product_cat-retail-products-es","7":"product_cat-saga-es","8":"product_cat-wargames-es-2","10":"first","11":"onbackorder","12":"sale","13":"taxable","14":"shipping-taxable","15":"purchasable","16":"product-type-simple"},"exclude_global_add_ons":[],"addons":[],"acf":[],"_links":{"self":[{"href":"https:\/\/www.customeeple.com\/es\/wp-json\/wp\/v2\/product\/67928","targetHints":{"allow":["GET"]}}],"collection":[{"href":"https:\/\/www.customeeple.com\/es\/wp-json\/wp\/v2\/product"}],"about":[{"href":"https:\/\/www.customeeple.com\/es\/wp-json\/wp\/v2\/types\/product"}],"wp:featuredmedia":[{"embeddable":true,"href":"https:\/\/www.customeeple.com\/es\/wp-json\/wp\/v2\/media\/67918"}],"wp:attachment":[{"href":"https:\/\/www.customeeple.com\/es\/wp-json\/wp\/v2\/media?parent=67928"}],"wp:term":[{"taxonomy":"product_brand","embeddable":true,"href":"https:\/\/www.customeeple.com\/es\/wp-json\/wp\/v2\/product_brand?post=67928"},{"taxonomy":"product_cat","embeddable":true,"href":"https:\/\/www.customeeple.com\/es\/wp-json\/wp\/v2\/product_cat?post=67928"},{"taxonomy":"product_tag","embeddable":true,"href":"https:\/\/www.customeeple.com\/es\/wp-json\/wp\/v2\/product_tag?post=67928"}],"curies":[{"name":"wp","href":"https:\/\/api.w.org\/{rel}","templated":true}]}}