{"id":67927,"date":"2023-02-23T20:47:31","date_gmt":"2023-02-23T19:47:31","guid":{"rendered":"https:\/\/www.customeeple.com\/product\/todos-al-arca\/"},"modified":"2023-12-04T12:32:44","modified_gmt":"2023-12-04T11:32:44","slug":"todos-al-arca","status":"publish","type":"product","link":"https:\/\/www.customeeple.com\/es\/producto\/todos-al-arca\/","title":{"rendered":"Todos al Arca (SPA)"},"content":{"rendered":"<p>\u00a1Llueve desde hace horas! Los jugadores ayudan a No\u00e9 a subir a bordo a todos los animales con su equipaje. Para ello, deben encontrar la ficha con maleta que corresponda a cada uno de ellos y memorizar d\u00f3nde est\u00e1n las maletas mojadas. Si consiguen meter a todos los animales en el barco, habr\u00e1n ganado la partida.<\/p>\n<p>Contenido:<\/p>\n<ul>\n<li>1 arca (consistente en: base de la caja, 4 separadores, 3 piezas de cart\u00f3n),<\/li>\n<li>10 fichas de camino,<\/li>\n<li>15 fichas de maleta,<\/li>\n<li>10 animales (elefante, camello, caballo, vaca, oveja, cerdo, zorro, gato, rat\u00f3n y erizo),<\/li>\n<li>1 figura de No\u00e9,<\/li>\n<li>1 instrucciones del juego.<\/li>\n<\/ul>\n","protected":false},"excerpt":{"rendered":"<p>\u00a1Llueve desde hace horas! Los jugadores ayudan a No\u00e9 a subir a bordo a todos los animales con su equipaje. Para ello, deben encontrar la ficha con maleta que corresponda a cada uno de ellos y memorizar d\u00f3nde est\u00e1n las maletas mojadas. Si consiguen meter a todos los animales en el barco, habr\u00e1n ganado la [&hellip;]<\/p>\n","protected":false},"featured_media":67916,"template":"","meta":{"_acf_changed":false},"product_brand":[],"product_cat":[1991,1564,1653,1180],"product_tag":[],"class_list":{"0":"post-67927","1":"product","2":"type-product","3":"status-publish","4":"has-post-thumbnail","6":"product_cat-ha-es","7":"product_cat-childrens-es","8":"product_cat-boardgames","9":"product_cat-retail-products-es","11":"first","12":"onbackorder","13":"sale","14":"taxable","15":"shipping-taxable","16":"purchasable","17":"product-type-simple"},"exclude_global_add_ons":[],"addons":[],"acf":[],"_links":{"self":[{"href":"https:\/\/www.customeeple.com\/es\/wp-json\/wp\/v2\/product\/67927","targetHints":{"allow":["GET"]}}],"collection":[{"href":"https:\/\/www.customeeple.com\/es\/wp-json\/wp\/v2\/product"}],"about":[{"href":"https:\/\/www.customeeple.com\/es\/wp-json\/wp\/v2\/types\/product"}],"wp:featuredmedia":[{"embeddable":true,"href":"https:\/\/www.customeeple.com\/es\/wp-json\/wp\/v2\/media\/67916"}],"wp:attachment":[{"href":"https:\/\/www.customeeple.com\/es\/wp-json\/wp\/v2\/media?parent=67927"}],"wp:term":[{"taxonomy":"product_brand","embeddable":true,"href":"https:\/\/www.customeeple.com\/es\/wp-json\/wp\/v2\/product_brand?post=67927"},{"taxonomy":"product_cat","embeddable":true,"href":"https:\/\/www.customeeple.com\/es\/wp-json\/wp\/v2\/product_cat?post=67927"},{"taxonomy":"product_tag","embeddable":true,"href":"https:\/\/www.customeeple.com\/es\/wp-json\/wp\/v2\/product_tag?post=67927"}],"curies":[{"name":"wp","href":"https:\/\/api.w.org\/{rel}","templated":true}]}}