{"id":67875,"date":"2023-05-02T15:10:21","date_gmt":"2023-05-02T14:10:21","guid":{"rendered":"https:\/\/www.customeeple.com\/?post_type=product&#038;p=67875"},"modified":"2025-01-28T23:38:19","modified_gmt":"2025-01-28T22:38:19","slug":"tapete-frostpunk-85cmx85cm","status":"publish","type":"product","link":"https:\/\/www.customeeple.com\/es\/producto\/tapete-frostpunk-85cmx85cm\/","title":{"rendered":"Tapete Frostpunk (85cmx85cm)"},"content":{"rendered":"<div id=\"tab-description\">\n<div id=\"tab-description\">\n<p>\u00a1Te presentamos nuestro tapete de juego inmersivo Frostpunk, dise\u00f1ado para mejorar tu experiencia de juego! Dise\u00f1ado con atenci\u00f3n al detalle, este tapete de juego se adapta perfectamente a Frostpunk, replicando la configuraci\u00f3n oficial. Di adi\u00f3s a los tableros de juego desordenados y disfruta de una sesi\u00f3n organizada y sin problemas.<\/p>\n<p>Nuestro tapete de juego destaca por su construcci\u00f3n excepcional. Hecho de material de pancarta exterior de alta calidad, es flexible, port\u00e1til y duradero. Sum\u00e9rgete en el mundo postapocal\u00edptico de Frostpunk mientras el tapete de juego a\u00f1ade una dimensi\u00f3n visualmente impresionante a tu mesa.<\/p>\n<p>En nuestro compromiso de reducir la huella de carbono, nos esforzamos por producir nuestros tapetes de juego lo m\u00e1s cerca posible del pa\u00eds de destino y eliminando intermediarios. Es por eso que los tapetes se env\u00edan por separado del resto de los productos. Al optar por la producci\u00f3n local, buscamos minimizar el impacto ambiental y promover la sostenibilidad. \u00a1Gracias por apoyar nuestras iniciativas ecol\u00f3gicas!<\/p>\n<p>Ya seas un entusiasta devoto o un reci\u00e9n llegado, nuestro Frostpunk Playmat es un accesorio imprescindible para sesiones de juego elevadas. Experimenta el juego tal como est\u00e1 destinado a ser jugado y disfruta del esplendor de Frostpunk.<\/p>\n<p>Da forma al destino de la humanidad con Frostpunk Playmat: \u00a1p\u00eddelo hoy para un viaje inolvidable!<\/p>\n<p><strong>Material:<\/strong> Lona<\/p>\n<p><strong>Tama\u00f1o:<\/strong> 85cm x 85cm<\/p>\n<p><strong>Cantidad:<\/strong>\u00a01<\/p>\n<p><strong>Usos: <\/strong>tapete para Frost punk<\/p>\n<p>+\u00a0<a class=\"ng-binding\" href=\"https:\/\/boardgamegeek.com\/boardgame\/311988\/frostpunk-board-game\">Frostpunk: The Board Game\u00a0<\/a><span class=\"game-year ng-binding ng-scope\">(2022)<\/span>\u00a0is a game from\u00a0<a class=\"ng-binding\" title=\"Adam Kwapi\u0144ski\" href=\"https:\/\/boardgamegeek.com\/boardgamedesigner\/61569\/adam-kwapinski\">Adam Kwapi\u0144ski<\/a><b>\u00a0<\/b>published by\u00a0<a class=\"ng-binding\" title=\"Glass Cannon Unplugged\" href=\"https:\/\/boardgamegeek.com\/boardgamepublisher\/45860\/glass-cannon-unplugged\">Glass Cannon Unplugged<\/a>.<strong>\u00a0Customeeple\u00a0<\/strong>is not affiliated with this company and they do not endorse this product.<\/p>\n<\/div>\n<\/div>\n","protected":false},"excerpt":{"rendered":"<p>Tapete con guias para ordenar el juego<\/p>\n","protected":false},"featured_media":75269,"template":"","meta":{"_acf_changed":false},"product_brand":[],"product_cat":[1370,79],"product_tag":[2302],"class_list":{"0":"post-67875","1":"product","2":"type-product","3":"status-publish","4":"has-post-thumbnail","6":"product_cat-customeeple-es","7":"product_cat-tapete","8":"product_tag-frostpunk-es","9":"product_shipping_class-bigtube","11":"first","12":"instock","13":"taxable","14":"shipping-taxable","15":"purchasable","16":"product-type-simple"},"exclude_global_add_ons":[],"addons":[],"acf":[],"_links":{"self":[{"href":"https:\/\/www.customeeple.com\/es\/wp-json\/wp\/v2\/product\/67875","targetHints":{"allow":["GET"]}}],"collection":[{"href":"https:\/\/www.customeeple.com\/es\/wp-json\/wp\/v2\/product"}],"about":[{"href":"https:\/\/www.customeeple.com\/es\/wp-json\/wp\/v2\/types\/product"}],"wp:featuredmedia":[{"embeddable":true,"href":"https:\/\/www.customeeple.com\/es\/wp-json\/wp\/v2\/media\/75269"}],"wp:attachment":[{"href":"https:\/\/www.customeeple.com\/es\/wp-json\/wp\/v2\/media?parent=67875"}],"wp:term":[{"taxonomy":"product_brand","embeddable":true,"href":"https:\/\/www.customeeple.com\/es\/wp-json\/wp\/v2\/product_brand?post=67875"},{"taxonomy":"product_cat","embeddable":true,"href":"https:\/\/www.customeeple.com\/es\/wp-json\/wp\/v2\/product_cat?post=67875"},{"taxonomy":"product_tag","embeddable":true,"href":"https:\/\/www.customeeple.com\/es\/wp-json\/wp\/v2\/product_tag?post=67875"}],"curies":[{"name":"wp","href":"https:\/\/api.w.org\/{rel}","templated":true}]}}