{"id":67657,"date":"2023-05-10T13:45:41","date_gmt":"2023-04-21T12:45:45","guid":{"rendered":"https:\/\/www.customeeple.com\/?post_type=product&#038;p=67657"},"modified":"2023-04-21T14:09:44","modified_gmt":"2023-04-21T13:09:44","slug":"dados-blood-bowl-team-manager","status":"publish","type":"product","link":"https:\/\/www.customeeple.com\/es\/producto\/dados-blood-bowl-team-manager\/","title":{"rendered":"Dados compatibles con Blood bowl Team Manager (8 Uds)"},"content":{"rendered":"<p>Un pack de dados compatibles con el juego <a href=\"https:\/\/boardgamegeek.com\/boardgame\/90137\/blood-bowl-team-manager-card-game\"><strong>Blood bowl Team Manager<\/strong><\/a><\/p>\n<p>El set contiene 5 dados, cada dado esta gravado y pintado a mano.<\/p>\n<div class=\"moreinfo\">\n<p><strong>Material:<\/strong>\u00a0dado de pl\u00e1stico sin pvc.<\/p>\n<p dir=\"ltr\"><strong>Tama\u00f1o: <\/strong>1,6 cm<strong><br \/>\n<\/strong><\/p>\n<p dir=\"ltr\"><strong>Cantidad: <\/strong>\u00a08 dados<\/p>\n<\/div>\n<div class=\"infopreorder\"><strong><a href=\"https:\/\/boardgamegeek.com\/boardgame\/90137\/blood-bowl-team-manager-card-game\">Blood bowl Team Manager<\/a> <\/strong>es un juego de <a class=\"ng-binding\" title=\"Jay Little\" href=\"https:\/\/boardgamegeek.com\/boardgamedesigner\/4786\/jay-little\">Jay Little<\/a>\u00a0 publicado por<strong> <a class=\"ng-binding\" title=\"Fantasy Flight Games\" href=\"https:\/\/boardgamegeek.com\/boardgamepublisher\/17\/fantasy-flight-games\">Fantasy Flight Games<\/a><\/strong>.\u00a0<strong>Customeeple<\/strong> no mantiene ninguna relaci\u00f3n con esa compa\u00f1\u00eda y este producto no est\u00e1 de ninguna manera patrocinado por ellos.<\/div>\n","protected":false},"excerpt":{"rendered":"<p>Dados de combate personalizados<\/p>\n","protected":false},"featured_media":67663,"template":"","meta":{"_acf_changed":false},"product_brand":[],"product_cat":[191,1370,1392],"product_tag":[1264,1444,1639,1280],"class_list":{"0":"post-67657","1":"product","2":"type-product","3":"status-publish","4":"has-post-thumbnail","6":"product_cat-accesorios","7":"product_cat-customeeple-es","8":"product_cat-dados","9":"product_tag-boardgame-es","10":"product_tag-command-colors-es","11":"product_tag-gmt-es","12":"product_tag-juego-de-mesa-es","14":"first","15":"instock","16":"taxable","17":"shipping-taxable","18":"purchasable","19":"product-type-simple"},"exclude_global_add_ons":[],"addons":[],"acf":[],"_links":{"self":[{"href":"https:\/\/www.customeeple.com\/es\/wp-json\/wp\/v2\/product\/67657","targetHints":{"allow":["GET"]}}],"collection":[{"href":"https:\/\/www.customeeple.com\/es\/wp-json\/wp\/v2\/product"}],"about":[{"href":"https:\/\/www.customeeple.com\/es\/wp-json\/wp\/v2\/types\/product"}],"wp:featuredmedia":[{"embeddable":true,"href":"https:\/\/www.customeeple.com\/es\/wp-json\/wp\/v2\/media\/67663"}],"wp:attachment":[{"href":"https:\/\/www.customeeple.com\/es\/wp-json\/wp\/v2\/media?parent=67657"}],"wp:term":[{"taxonomy":"product_brand","embeddable":true,"href":"https:\/\/www.customeeple.com\/es\/wp-json\/wp\/v2\/product_brand?post=67657"},{"taxonomy":"product_cat","embeddable":true,"href":"https:\/\/www.customeeple.com\/es\/wp-json\/wp\/v2\/product_cat?post=67657"},{"taxonomy":"product_tag","embeddable":true,"href":"https:\/\/www.customeeple.com\/es\/wp-json\/wp\/v2\/product_tag?post=67657"}],"curies":[{"name":"wp","href":"https:\/\/api.w.org\/{rel}","templated":true}]}}