{"id":67586,"date":"2024-01-18T16:39:38","date_gmt":"2024-01-18T15:39:38","guid":{"rendered":"https:\/\/www.customeeple.com\/?post_type=product&#038;p=67586"},"modified":"2023-04-18T16:52:39","modified_gmt":"2023-04-18T15:52:39","slug":"bandeja-movimiento-para-bases-redondas-25mm","status":"publish","type":"product","link":"https:\/\/www.customeeple.com\/es\/producto\/bandeja-movimiento-para-bases-redondas-25mm\/","title":{"rendered":"Bandeja  movimiento para bases redondas 25mm"},"content":{"rendered":"<div class=\"add-top p_collection\">\n<p>Presentamos nuestras vers\u00e1tiles bandejas de movimiento para unidades de Warhammer Fantasy. Estas bandejas te permiten adaptar f\u00e1cilmente bases de 20mm a 25mm en una unidad completa, lo que facilita mucho el movimiento de tu regimiento de miniaturas durante el juego. Simplemente coloca tus miniaturas en la bandeja y mu\u00e9velas como si fueran una sola base.<\/p>\n<p>Solo tienes que elegir cu\u00e1ntas miniaturas de base de 20mm deseas en tu bandeja y en qu\u00e9 configuraci\u00f3n. Por ejemplo, si eliges 5&#215;4, significa que habr\u00e1 20 agujeros para las miniaturas en una configuraci\u00f3n de 5&#215;4: 5 en la parte delantera y 4 en el lateral. Pero puedes girarla para que sean 4 en la parte delantera y 5 en el lateral.<\/p>\n<p>Nuestras bandejas est\u00e1n disponibles en varios tama\u00f1os, lo que las hace perfectas para su uso en cualquier juego con bases rectangulares, como Warhammer, Kings of War y DBA.<\/p>\n<p>Ten en cuenta que el producto se vende sin montar y requerir\u00e1 pegamento PVA para el montaje.<\/p>\n<p>\u00a1Con estas bandejas, podr\u00e1s llevar tu experiencia de juego al siguiente nivel y hacer que mover tus unidades sea muy sencillo!<\/p>\n<\/div>\n<div class=\"moreinfo\">\n<p><strong>Material: <\/strong>DM<\/p>\n<p dir=\"ltr\"><strong>Espesor:<\/strong> 2,5 mm cada capa, 5mm en total.<\/p>\n<p dir=\"ltr\"><strong>Tama\u00f1o: <\/strong>Varia<strong><br \/>\n<\/strong><\/p>\n<p dir=\"ltr\">\n<\/div>\n","protected":false},"excerpt":{"rendered":"<p>Bandejas de movimiento<\/p>\n","protected":false},"featured_media":67561,"template":"","meta":{"_acf_changed":false},"product_brand":[],"product_cat":[304,1370,1372,1654],"product_tag":[1535,685,942,786,2149],"class_list":{"0":"post-67586","1":"product","2":"type-product","3":"status-publish","4":"has-post-thumbnail","6":"product_cat-bases-es","7":"product_cat-customeeple-es","8":"product_cat-sci-fi-es","9":"product_cat-warhammer-age-of-sigmar-es-2","10":"product_tag-age-of-sigmar-es","11":"product_tag-bases-es","12":"product_tag-bolt-action-es","13":"product_tag-warhammer-es-2","14":"product_tag-warhammer-fantasy-es","16":"first","17":"instock","18":"taxable","19":"shipping-taxable","20":"purchasable","21":"product-type-variable"},"exclude_global_add_ons":[],"addons":[],"acf":[],"_links":{"self":[{"href":"https:\/\/www.customeeple.com\/es\/wp-json\/wp\/v2\/product\/67586","targetHints":{"allow":["GET"]}}],"collection":[{"href":"https:\/\/www.customeeple.com\/es\/wp-json\/wp\/v2\/product"}],"about":[{"href":"https:\/\/www.customeeple.com\/es\/wp-json\/wp\/v2\/types\/product"}],"wp:featuredmedia":[{"embeddable":true,"href":"https:\/\/www.customeeple.com\/es\/wp-json\/wp\/v2\/media\/67561"}],"wp:attachment":[{"href":"https:\/\/www.customeeple.com\/es\/wp-json\/wp\/v2\/media?parent=67586"}],"wp:term":[{"taxonomy":"product_brand","embeddable":true,"href":"https:\/\/www.customeeple.com\/es\/wp-json\/wp\/v2\/product_brand?post=67586"},{"taxonomy":"product_cat","embeddable":true,"href":"https:\/\/www.customeeple.com\/es\/wp-json\/wp\/v2\/product_cat?post=67586"},{"taxonomy":"product_tag","embeddable":true,"href":"https:\/\/www.customeeple.com\/es\/wp-json\/wp\/v2\/product_tag?post=67586"}],"curies":[{"name":"wp","href":"https:\/\/api.w.org\/{rel}","templated":true}]}}