{"id":67194,"date":"2023-03-23T17:30:21","date_gmt":"2023-03-23T16:30:21","guid":{"rendered":"https:\/\/www.customeeple.com\/product\/infinity-control-panel-madera\/"},"modified":"2023-03-23T17:30:21","modified_gmt":"2023-03-23T16:30:21","slug":"infinity-control-panel-madera","status":"publish","type":"product","link":"https:\/\/www.customeeple.com\/es\/producto\/infinity-control-panel-madera\/","title":{"rendered":"Infinity Control Panel (Madera)"},"content":{"rendered":"<p>\u00bfBuscas la manera perfecta de gestionar tus Ej\u00e9rcitos de Infinity? No busques m\u00e1s all\u00e1 de nuestro panel de control de Infinity. Hecho de chapa de roble de lujo, esta herramienta te da un completo control sobre cada aspecto de tu ej\u00e9rcito.<\/p>\n<p>Nuestro panel cuenta con espacios dedicados para el seguimiento de los turnos, los puntos, las \u00f3rdenes y los tokens de mando, y es totalmente compatible con nuestras \u00f3rdenes y tokens populares. Adem\u00e1s, las piezas removibles pueden colocarse en dos posiciones para indicar si est\u00e1n listas o gastadas.<\/p>\n<p>Tambi\u00e9n puedes comprar nuestra tapa acr\u00edlica opcional para mayor comodidad y personalizaci\u00f3n. Puedes personalizar la tapa con tu apodo y el logotipo de Infinity favorito o incluso uno personalizado. La tapa utiliza imanes para adherirse al panel de control para que puedas quitarla f\u00e1cilmente.<\/p>\n<p>Dise\u00f1ado en colaboraci\u00f3n con Corvus Belli, todas las piezas de nuestro panel son completamente compatibles con el juego de Infinity. \u00bfY la mejor parte? \u00a1El producto viene completamente ensamblado y listo para usar!<\/p>\n<p><strong>Material<\/strong>: chapa de roble<\/p>\n<p><strong>Grosor<\/strong>: 0,8 cm<\/p>\n<p><strong>Tama\u00f1o<\/strong>: 21,2 x 17,5 cm<\/p>\n<p><strong>Cantidad<\/strong>: un panel de control<\/p>\n<p><strong>Uso<\/strong>: Toma el control de tu Ej\u00e9rcito de Infinity<\/p>\n<div class=\"moreinfo\">\n<p><strong>Nota:<\/strong> Las \u00f3rdenes y los tokens de mando no est\u00e1n incluidos.<\/p>\n<\/div>\n","protected":false},"excerpt":{"rendered":"<p>\u00bfBuscas la manera perfecta de gestionar tus Ej\u00e9rcitos de Infinity? No busques m\u00e1s all\u00e1 de nuestro panel de control de Infinity. Hecho de chapa de roble de lujo, esta herramienta te da un completo control sobre cada aspecto de tu ej\u00e9rcito. Nuestro panel cuenta con espacios dedicados para el seguimiento de los turnos, los puntos, [&hellip;]<\/p>\n","protected":false},"featured_media":67238,"template":"","meta":{"_acf_changed":false},"product_brand":[],"product_cat":[1370,291,1394,2360,1372],"product_tag":[],"class_list":{"0":"post-67194","1":"product","2":"type-product","3":"status-publish","4":"has-post-thumbnail","6":"product_cat-customeeple-es","7":"product_cat-infinity-es-2","8":"product_cat-infinity-es","9":"product_cat-productos-oficiales","10":"product_cat-sci-fi-es","11":"pa_ilogo-acontecimiento","12":"pa_ilogo-aleph-es","13":"pa_ilogo-ariadna-es","14":"pa_ilogo-bakunin-es","15":"pa_ilogo-caledonios-es","16":"pa_ilogo-corregidor-es","17":"pa_ilogo-druze","18":"pa_ilogo-ejercito-combinado-es","19":"pa_ilogo-falange-de-acero-es","20":"pa_ilogo-onyx-es","21":"pa_ilogo-generico-es","22":"pa_ilogo-haqqislam-es","23":"pa_ilogo-hassassin-bahram-es","24":"pa_ilogo-ikari","25":"pa_ilogo-invencible-army-es","26":"pa_ilogo-jsa-es","27":"pa_ilogo-mercenarios-es","28":"pa_ilogo-merovingios-es","29":"pa_ilogo-morat-es","30":"pa_ilogo-neoterra-es","31":"pa_ilogo-nomadas-es","32":"pa_ilogo-not-aligned-es","33":"pa_ilogo-o-12-es","34":"pa_ilogo-ordenes-militares-es","35":"pa_ilogo-panceania","36":"pa_ilogo-personalizada","37":"pa_ilogo-qapu-khalqi-es","38":"pa_ilogo-servicio-imperial-es","39":"pa_ilogo-shasvastii-es","40":"pa_ilogo-sin-tapa","41":"pa_ilogo-scr-es","42":"pa_ilogo-starco","43":"pa_ilogo-subsection-sss","44":"pa_ilogo-tartary-army","45":"pa_ilogo-tohaa-es","46":"pa_ilogo-usariadna-es","47":"pa_ilogo-varuna","48":"pa_ilogo-yu-jing-es","50":"first","51":"instock","52":"taxable","53":"shipping-taxable","54":"purchasable","55":"product-type-variable"},"exclude_global_add_ons":false,"addons":[{"name":"Personalizacion de la tapa","type":"heading","position":0,"required":false,"title_format":"label","default":"","description_enable":false,"description":"","placeholder_enable":false,"placeholder":"","display":"select","restrictions_type":"any_text","adjust_price":false,"price":"","price_type":"flat_fee","restrictions":false,"min":"0","max":"0","options":[]},{"name":"Nick \/ Nombre del Ejercito","type":"custom_textarea","position":1,"required":false,"title_format":"label","default":"","description_enable":false,"description":"","placeholder_enable":false,"placeholder":"","display":"select","restrictions_type":"any_text","adjust_price":true,"price":"1","price_type":"flat_fee","restrictions":true,"min":"3","max":"15","options":[]}],"acf":[],"_links":{"self":[{"href":"https:\/\/www.customeeple.com\/es\/wp-json\/wp\/v2\/product\/67194","targetHints":{"allow":["GET"]}}],"collection":[{"href":"https:\/\/www.customeeple.com\/es\/wp-json\/wp\/v2\/product"}],"about":[{"href":"https:\/\/www.customeeple.com\/es\/wp-json\/wp\/v2\/types\/product"}],"wp:featuredmedia":[{"embeddable":true,"href":"https:\/\/www.customeeple.com\/es\/wp-json\/wp\/v2\/media\/67238"}],"wp:attachment":[{"href":"https:\/\/www.customeeple.com\/es\/wp-json\/wp\/v2\/media?parent=67194"}],"wp:term":[{"taxonomy":"product_brand","embeddable":true,"href":"https:\/\/www.customeeple.com\/es\/wp-json\/wp\/v2\/product_brand?post=67194"},{"taxonomy":"product_cat","embeddable":true,"href":"https:\/\/www.customeeple.com\/es\/wp-json\/wp\/v2\/product_cat?post=67194"},{"taxonomy":"product_tag","embeddable":true,"href":"https:\/\/www.customeeple.com\/es\/wp-json\/wp\/v2\/product_tag?post=67194"}],"curies":[{"name":"wp","href":"https:\/\/api.w.org\/{rel}","templated":true}]}}