{"id":67119,"date":"2023-03-22T15:22:11","date_gmt":"2023-03-22T14:22:11","guid":{"rendered":"https:\/\/www.customeeple.com\/?post_type=product&#038;p=67119"},"modified":"2026-01-26T13:54:18","modified_gmt":"2026-01-26T12:54:18","slug":"frostpunk-overlay-suministros-acrilico","status":"publish","type":"product","link":"https:\/\/www.customeeple.com\/es\/producto\/frostpunk-overlay-suministros-acrilico\/","title":{"rendered":"Frostpunk Overlay Suministros (acrilico)"},"content":{"rendered":"<p>\u00a1Presentamos nuestra nueva superposici\u00f3n Frostpunk Supply Board en un dise\u00f1o elegante y moderno! Hecho de acr\u00edlico transparente de alta calidad, este revestimiento es perfecto para los jugadores de Frostpunk que prefieren una opci\u00f3n que no sea de madera. Consiste en una sola capa de acr\u00edlico que puedes colocar directamente encima de tu tablero de juego Frostpunk.<\/p>\n<p>Si bien nuestro recubrimiento original estaba hecho de chapa de roble de alta calidad y ven\u00eda en tres acabados diferentes, este nuevo recubrimiento acr\u00edlico es una alternativa \u00fanica y elegante.<\/p>\n<p>Y, si est\u00e1 buscando una opci\u00f3n de superposici\u00f3n de madera, nuestra superposici\u00f3n de tabla de suministros Frostpunk original todav\u00eda est\u00e1 disponible para su compra. Con su chapa de roble de alta calidad y su construcci\u00f3n robusta, es una excelente opci\u00f3n para los jugadores que prefieren un aspecto de madera tradicional.<\/p>\n<p>Para completar la mejor experiencia de juego Frostpunk, considere comprar nuestro inserto Frostpunk. Este inserto es el complemento perfecto para su juego, lo que le permite almacenar todo ordenadamente dentro de la caja del juego y al mismo tiempo mejorar la apariencia general de su configuraci\u00f3n de juego. Con cualquiera de nuestras superposiciones Frostpunk Supply Board y el inserto, tendr\u00e1s todo lo que necesitas para llevar tus juegos Frostpunk al siguiente nivel.<\/p>\n<div class=\"moreinfo\">\n<p><strong>Material: <\/strong>metacrilato<\/p>\n<p dir=\"ltr\"><strong>Espesor:<\/strong> 2 mm<\/p>\n<p dir=\"ltr\"><strong>Cantidad:<\/strong> 1<\/p>\n<p><strong>Uso:<\/strong> Bandeja organizadora<\/p>\n<p>Frostpunk es un juego de <a class=\"ng-binding\" title=\"Adam Kwapi\u0144ski\" href=\"https:\/\/boardgamegeek.com\/boardgamedesigner\/61569\/adam-kwapinski\">Adam Kwapi\u0144ski<\/a>\u00a0\u00a0 publicado por \u00a0<a class=\"ng-binding\" title=\"Glass Cannon Unplugged\" href=\"https:\/\/boardgamegeek.com\/boardgamepublisher\/45860\/glass-cannon-unplugged\">Glass Cannon Unplugged<\/a><strong>.<\/strong>\u00a0<strong>Customeeple<\/strong>\u00a0no mantiene ninguna relaci\u00f3n con esta compa\u00f1\u00eda y este producto no esta apoyado por ellos de ninguna forma.<\/p>\n<\/div>\n","protected":false},"excerpt":{"rendered":"<p>Bandeja organizadora<\/p>\n","protected":false},"featured_media":67124,"template":"","meta":{"_acf_changed":false},"product_brand":[],"product_cat":[1370,1397],"product_tag":[2302,1442],"class_list":{"0":"post-67119","1":"product","2":"type-product","3":"status-publish","4":"has-post-thumbnail","6":"product_cat-customeeple-es","7":"product_cat-overlay-es","8":"product_tag-frostpunk-es","9":"product_tag-overlay-es","11":"first","12":"instock","13":"taxable","14":"shipping-taxable","15":"purchasable","16":"product-type-simple"},"exclude_global_add_ons":[],"addons":[],"acf":[],"_links":{"self":[{"href":"https:\/\/www.customeeple.com\/es\/wp-json\/wp\/v2\/product\/67119","targetHints":{"allow":["GET"]}}],"collection":[{"href":"https:\/\/www.customeeple.com\/es\/wp-json\/wp\/v2\/product"}],"about":[{"href":"https:\/\/www.customeeple.com\/es\/wp-json\/wp\/v2\/types\/product"}],"wp:featuredmedia":[{"embeddable":true,"href":"https:\/\/www.customeeple.com\/es\/wp-json\/wp\/v2\/media\/67124"}],"wp:attachment":[{"href":"https:\/\/www.customeeple.com\/es\/wp-json\/wp\/v2\/media?parent=67119"}],"wp:term":[{"taxonomy":"product_brand","embeddable":true,"href":"https:\/\/www.customeeple.com\/es\/wp-json\/wp\/v2\/product_brand?post=67119"},{"taxonomy":"product_cat","embeddable":true,"href":"https:\/\/www.customeeple.com\/es\/wp-json\/wp\/v2\/product_cat?post=67119"},{"taxonomy":"product_tag","embeddable":true,"href":"https:\/\/www.customeeple.com\/es\/wp-json\/wp\/v2\/product_tag?post=67119"}],"curies":[{"name":"wp","href":"https:\/\/api.w.org\/{rel}","templated":true}]}}