{"id":6711,"date":"2014-02-01T09:05:19","date_gmt":"2014-02-01T08:05:19","guid":{"rendered":"http:\/\/www.customeeple.com\/product\/base-para-la-miniatura-del-its-de-infinity-2014\/"},"modified":"2015-01-05T14:49:34","modified_gmt":"2015-01-05T13:49:34","slug":"base-para-la-miniatura-del-its-de-infinity-2014","status":"publish","type":"product","link":"https:\/\/www.customeeple.com\/es\/producto\/base-para-la-miniatura-del-its-de-infinity-2014\/","title":{"rendered":"Base para la miniatura del ITS 2014 de Infinity"},"content":{"rendered":"<p>Una base especial para <strong><a href=\"http:\/\/www.infinitythegame.com\/infinity\/en\"> Infinity<\/a><\/strong>\u00a0dise\u00f1ada para ser utilizada con la miniatura para los ganadores del ITS 2014<\/p>\n<p>Remplaza la base normal con nuestra base especial de DM con un soporte a\u00f1adido de metacrilato fluorescente. Todas las piezas est\u00e1n grabadas con un futurista patr\u00f3n de circuitos.<\/p>\n<p>Todas las piezas han sido dise\u00f1adas en colaboraci\u00f3n con\u00a0<a href=\"http:\/\/infinitythegame.com\/store\/es\/\"><strong>Corvus Belli<\/strong><\/a> para ser totalmente compatible con <strong><a href=\"http:\/\/www.infinitythegame.com\/infinity\/en\"> Infinity the Game<\/a>.<\/strong><\/p>\n<p>&nbsp;<\/p>\n<div>\n<div class=\"moreinfo\"><strong>Material:<\/strong> DM y metacrilato fluorescente cortado y grabado.<strong>Espesor:<\/strong>\u00a03 mm<\/p>\n<p><strong>Tama\u00f1o:<\/strong>\u00a025 mm m\u00e1s a\u00f1adidos.<\/p>\n<p><strong>Cantidad: <\/strong>1 base<\/p>\n<p><strong>Uso:<\/strong> Para ser utilizada con la miniatura del ITS 2014<\/p>\n<\/div>\n<p><strong>Nota:<\/strong> Miniatura no inclu\u00edda<\/p>\n<\/div>\n","protected":false},"excerpt":{"rendered":"<p>Una base para la miniatura de premio en el ITS 2014 de <strong><a href=\"http:\/\/www.infinitythegame.com\/infinity\/en\"> Infinity<br \/>\n<\/a><\/strong><\/p>\n","protected":false},"featured_media":7396,"template":"","meta":{"_acf_changed":false},"product_brand":[],"product_cat":[1370,291,1394,1372],"product_tag":[646,306],"class_list":{"0":"post-6711","1":"product","2":"type-product","3":"status-publish","4":"has-post-thumbnail","6":"product_cat-customeeple-es","7":"product_cat-infinity-es-2","8":"product_cat-infinity-es","9":"product_cat-sci-fi-es","10":"product_tag-infinity-es-2","11":"product_tag-infinity-the-game-es-2","13":"first","14":"instock","15":"taxable","16":"shipping-taxable","17":"purchasable","18":"product-type-simple"},"exclude_global_add_ons":[],"addons":[],"acf":[],"_links":{"self":[{"href":"https:\/\/www.customeeple.com\/es\/wp-json\/wp\/v2\/product\/6711","targetHints":{"allow":["GET"]}}],"collection":[{"href":"https:\/\/www.customeeple.com\/es\/wp-json\/wp\/v2\/product"}],"about":[{"href":"https:\/\/www.customeeple.com\/es\/wp-json\/wp\/v2\/types\/product"}],"wp:featuredmedia":[{"embeddable":true,"href":"https:\/\/www.customeeple.com\/es\/wp-json\/wp\/v2\/media\/7396"}],"wp:attachment":[{"href":"https:\/\/www.customeeple.com\/es\/wp-json\/wp\/v2\/media?parent=6711"}],"wp:term":[{"taxonomy":"product_brand","embeddable":true,"href":"https:\/\/www.customeeple.com\/es\/wp-json\/wp\/v2\/product_brand?post=6711"},{"taxonomy":"product_cat","embeddable":true,"href":"https:\/\/www.customeeple.com\/es\/wp-json\/wp\/v2\/product_cat?post=6711"},{"taxonomy":"product_tag","embeddable":true,"href":"https:\/\/www.customeeple.com\/es\/wp-json\/wp\/v2\/product_tag?post=6711"}],"curies":[{"name":"wp","href":"https:\/\/api.w.org\/{rel}","templated":true}]}}